{"id":716,"date":"2021-05-07T14:25:35","date_gmt":"2021-05-07T12:25:35","guid":{"rendered":"http:\/\/portal.betaz.cz\/?post_type=product&#038;p=716"},"modified":"2024-03-01T12:56:31","modified_gmt":"2024-03-01T11:56:31","slug":"migrace-soumar-sherpa","status":"publish","type":"product","link":"https:\/\/betaz.cz\/index.php\/produkt\/migrace-soumar-sherpa\/","title":{"rendered":"Migrace SOUMAR >SHERPA"},"content":{"rendered":"","protected":false},"excerpt":{"rendered":"<p>Bal\u00edk slu\u017eeb pro migraci dat p\u0159echodu z DOS-ovsk\u00e9ho syst\u00e9mu SOUMAR so syst\u00e9mu SHERPA<\/p>\n<ul>\n<li>d\u00e1lkov\u00e9 st\u00e1hnnut\u00ed dat z klientsk\u00e9ho po\u010d\u00edta\u010de na n\u00e1\u0161 server (po uz\u00e1v\u011brce)<\/li>\n<li>vytvo\u0159en\u00ed z\u00e1lohy<\/li>\n<li>kontrola a oprava konzistence datab\u00e1ze<\/li>\n<li>konverze dat z datab\u00e1zov\u00fdch soubor\u016f FOXPRO do datab\u00e1ze Sherpa (MySQL)<\/li>\n<li>nastaven\u00ed port\u016f pro komunikaci s pokladnou a \u0161upl\u00edkem<\/li>\n<li>testovac\u00ed provoz a oprava chyb<\/li>\n<\/ul>\n","protected":false},"featured_media":710,"template":"","meta":{"_regular_price":["3900"],"currency_symbol":[]},"product_cat":[16,26,39],"product_tag":[53],"class_list":{"0":"post-716","1":"product","2":"type-product","3":"status-publish","4":"has-post-thumbnail","6":"product_cat-nezarazene","7":"product_cat-knihkupecky-software-sherpa","8":"product_cat-sherpa-dopnky","9":"product_tag-migrace-soumar","11":"first","12":"instock","13":"virtual","14":"taxable","15":"purchasable","16":"product-type-simple"},"post_slider_layout_featured_media_urls":{"thumbnail":["https:\/\/betaz.cz\/wp-content\/uploads\/2021\/05\/SherpaSoumar-150x150.png",150,150,true],"post_slider_layout_landscape_large":["https:\/\/betaz.cz\/wp-content\/uploads\/2021\/05\/SherpaSoumar.png",640,800,false],"post_slider_layout_portrait_large":["https:\/\/betaz.cz\/wp-content\/uploads\/2021\/05\/SherpaSoumar.png",756,945,false],"post_slider_layout_square_large":["https:\/\/betaz.cz\/wp-content\/uploads\/2021\/05\/SherpaSoumar.png",756,945,false],"post_slider_layout_landscape":["https:\/\/betaz.cz\/wp-content\/uploads\/2021\/05\/SherpaSoumar.png",320,400,false],"post_slider_layout_portrait":["https:\/\/betaz.cz\/wp-content\/uploads\/2021\/05\/SherpaSoumar.png",600,750,false],"post_slider_layout_square":["https:\/\/betaz.cz\/wp-content\/uploads\/2021\/05\/SherpaSoumar.png",480,600,false],"full":["https:\/\/betaz.cz\/wp-content\/uploads\/2021\/05\/SherpaSoumar.png",756,945,false]},"yoast_head":"<!-- This site is optimized with the Yoast SEO plugin v23.4 - https:\/\/yoast.com\/wordpress\/plugins\/seo\/ -->\n<title>Migrace SOUMAR &gt;SHERPA - BetaZ.cz - Knihkupeck\u00fd software | Knihkupci | Distributo\u0159i knih | Nakladatelstv\u00ed | E-shopy | B2B |<\/title>\n<meta name=\"description\" content=\"Software pro knihkupce - Software pro distributory a nakladatele knih - B2B pro distributory a akladatele - E-Shopy Knihy\" \/>\n<meta name=\"robots\" content=\"index, follow, max-snippet:-1, max-image-preview:large, max-video-preview:-1\" \/>\n<link rel=\"canonical\" href=\"https:\/\/betaz.cz\/index.php\/produkt\/migrace-soumar-sherpa\/\" \/>\n<meta property=\"og:locale\" content=\"cs_CZ\" \/>\n<meta property=\"og:type\" content=\"article\" \/>\n<meta property=\"og:title\" content=\"Migrace SOUMAR &gt;SHERPA - BetaZ.cz - Knihkupeck\u00fd software | Knihkupci | Distributo\u0159i knih | Nakladatelstv\u00ed | E-shopy | B2B |\" \/>\n<meta property=\"og:description\" content=\"Software pro knihkupce - Software pro distributory a nakladatele knih - B2B pro distributory a akladatele - E-Shopy Knihy\" \/>\n<meta property=\"og:url\" content=\"https:\/\/betaz.cz\/index.php\/produkt\/migrace-soumar-sherpa\/\" \/>\n<meta property=\"og:site_name\" content=\"BetaZ.cz - Knihkupeck\u00fd software | Knihkupci | Distributo\u0159i knih | Nakladatelstv\u00ed | E-shopy | B2B |\" \/>\n<meta property=\"article:modified_time\" content=\"2024-03-01T11:56:31+00:00\" \/>\n<meta property=\"og:image\" content=\"https:\/\/betaz.cz\/wp-content\/uploads\/2021\/05\/SherpaSoumar.png\" \/>\n\t<meta property=\"og:image:width\" content=\"756\" \/>\n\t<meta property=\"og:image:height\" content=\"945\" \/>\n\t<meta property=\"og:image:type\" content=\"image\/png\" \/>\n<meta name=\"twitter:card\" content=\"summary_large_image\" \/>\n<script type=\"application\/ld+json\" class=\"yoast-schema-graph\">{\"@context\":\"https:\/\/schema.org\",\"@graph\":[{\"@type\":\"WebPage\",\"@id\":\"https:\/\/betaz.cz\/index.php\/produkt\/migrace-soumar-sherpa\/\",\"url\":\"https:\/\/betaz.cz\/index.php\/produkt\/migrace-soumar-sherpa\/\",\"name\":\"Migrace SOUMAR >SHERPA - BetaZ.cz - Knihkupeck\u00fd software | Knihkupci | Distributo\u0159i knih | Nakladatelstv\u00ed | E-shopy | B2B |\",\"isPartOf\":{\"@id\":\"https:\/\/betaz.cz\/#website\"},\"primaryImageOfPage\":{\"@id\":\"https:\/\/betaz.cz\/index.php\/produkt\/migrace-soumar-sherpa\/#primaryimage\"},\"image\":{\"@id\":\"https:\/\/betaz.cz\/index.php\/produkt\/migrace-soumar-sherpa\/#primaryimage\"},\"thumbnailUrl\":\"https:\/\/betaz.cz\/wp-content\/uploads\/2021\/05\/SherpaSoumar.png\",\"datePublished\":\"2021-05-07T12:25:35+00:00\",\"dateModified\":\"2024-03-01T11:56:31+00:00\",\"description\":\"Software pro knihkupce - Software pro distributory a nakladatele knih - B2B pro distributory a akladatele - E-Shopy Knihy\",\"breadcrumb\":{\"@id\":\"https:\/\/betaz.cz\/index.php\/produkt\/migrace-soumar-sherpa\/#breadcrumb\"},\"inLanguage\":\"cs\",\"potentialAction\":[{\"@type\":\"ReadAction\",\"target\":[\"https:\/\/betaz.cz\/index.php\/produkt\/migrace-soumar-sherpa\/\"]}]},{\"@type\":\"ImageObject\",\"inLanguage\":\"cs\",\"@id\":\"https:\/\/betaz.cz\/index.php\/produkt\/migrace-soumar-sherpa\/#primaryimage\",\"url\":\"https:\/\/betaz.cz\/wp-content\/uploads\/2021\/05\/SherpaSoumar.png\",\"contentUrl\":\"https:\/\/betaz.cz\/wp-content\/uploads\/2021\/05\/SherpaSoumar.png\",\"width\":756,\"height\":945},{\"@type\":\"BreadcrumbList\",\"@id\":\"https:\/\/betaz.cz\/index.php\/produkt\/migrace-soumar-sherpa\/#breadcrumb\",\"itemListElement\":[{\"@type\":\"ListItem\",\"position\":1,\"name\":\"Dom\u016f\",\"item\":\"https:\/\/betaz.cz\/\"},{\"@type\":\"ListItem\",\"position\":2,\"name\":\"Obchod\",\"item\":\"https:\/\/betaz.cz\/index.php\/obchod\/\"},{\"@type\":\"ListItem\",\"position\":3,\"name\":\"Migrace SOUMAR >SHERPA\"}]},{\"@type\":\"WebSite\",\"@id\":\"https:\/\/betaz.cz\/#website\",\"url\":\"https:\/\/betaz.cz\/\",\"name\":\"BetaZ.cz - Knihkupeck\u00fd software | Knihkupci | Distributo\u0159i knih | Nakladatelstv\u00ed | E-shopy | B2B |\",\"description\":\"Nejpou\u017e\u00edvan\u011bj\u0161\u00ed software pro knihkupce\",\"publisher\":{\"@id\":\"https:\/\/betaz.cz\/#organization\"},\"potentialAction\":[{\"@type\":\"SearchAction\",\"target\":{\"@type\":\"EntryPoint\",\"urlTemplate\":\"https:\/\/betaz.cz\/?s={search_term_string}\"},\"query-input\":{\"@type\":\"PropertyValueSpecification\",\"valueRequired\":true,\"valueName\":\"search_term_string\"}}],\"inLanguage\":\"cs\"},{\"@type\":\"Organization\",\"@id\":\"https:\/\/betaz.cz\/#organization\",\"name\":\"BetaZ.cz s.r.o.\",\"url\":\"https:\/\/betaz.cz\/\",\"logo\":{\"@type\":\"ImageObject\",\"inLanguage\":\"cs\",\"@id\":\"https:\/\/betaz.cz\/#\/schema\/logo\/image\/\",\"url\":\"https:\/\/betaz.cz\/wp-content\/uploads\/2021\/04\/BetaZLOGOcerne.png\",\"contentUrl\":\"https:\/\/betaz.cz\/wp-content\/uploads\/2021\/04\/BetaZLOGOcerne.png\",\"width\":971,\"height\":159,\"caption\":\"BetaZ.cz s.r.o.\"},\"image\":{\"@id\":\"https:\/\/betaz.cz\/#\/schema\/logo\/image\/\"}}]}<\/script>\n<!-- \/ Yoast SEO plugin. -->","yoast_head_json":{"title":"Migrace SOUMAR >SHERPA - BetaZ.cz - Knihkupeck\u00fd software | Knihkupci | Distributo\u0159i knih | Nakladatelstv\u00ed | E-shopy | B2B |","description":"Software pro knihkupce - Software pro distributory a nakladatele knih - B2B pro distributory a akladatele - E-Shopy Knihy","robots":{"index":"index","follow":"follow","max-snippet":"max-snippet:-1","max-image-preview":"max-image-preview:large","max-video-preview":"max-video-preview:-1"},"canonical":"https:\/\/betaz.cz\/index.php\/produkt\/migrace-soumar-sherpa\/","og_locale":"cs_CZ","og_type":"article","og_title":"Migrace SOUMAR >SHERPA - BetaZ.cz - Knihkupeck\u00fd software | Knihkupci | Distributo\u0159i knih | Nakladatelstv\u00ed | E-shopy | B2B |","og_description":"Software pro knihkupce - Software pro distributory a nakladatele knih - B2B pro distributory a akladatele - E-Shopy Knihy","og_url":"https:\/\/betaz.cz\/index.php\/produkt\/migrace-soumar-sherpa\/","og_site_name":"BetaZ.cz - Knihkupeck\u00fd software | Knihkupci | Distributo\u0159i knih | Nakladatelstv\u00ed | E-shopy | B2B |","article_modified_time":"2024-03-01T11:56:31+00:00","og_image":[{"width":756,"height":945,"url":"https:\/\/betaz.cz\/wp-content\/uploads\/2021\/05\/SherpaSoumar.png","type":"image\/png"}],"twitter_card":"summary_large_image","schema":{"@context":"https:\/\/schema.org","@graph":[{"@type":"WebPage","@id":"https:\/\/betaz.cz\/index.php\/produkt\/migrace-soumar-sherpa\/","url":"https:\/\/betaz.cz\/index.php\/produkt\/migrace-soumar-sherpa\/","name":"Migrace SOUMAR >SHERPA - BetaZ.cz - Knihkupeck\u00fd software | Knihkupci | Distributo\u0159i knih | Nakladatelstv\u00ed | E-shopy | B2B |","isPartOf":{"@id":"https:\/\/betaz.cz\/#website"},"primaryImageOfPage":{"@id":"https:\/\/betaz.cz\/index.php\/produkt\/migrace-soumar-sherpa\/#primaryimage"},"image":{"@id":"https:\/\/betaz.cz\/index.php\/produkt\/migrace-soumar-sherpa\/#primaryimage"},"thumbnailUrl":"https:\/\/betaz.cz\/wp-content\/uploads\/2021\/05\/SherpaSoumar.png","datePublished":"2021-05-07T12:25:35+00:00","dateModified":"2024-03-01T11:56:31+00:00","description":"Software pro knihkupce - Software pro distributory a nakladatele knih - B2B pro distributory a akladatele - E-Shopy Knihy","breadcrumb":{"@id":"https:\/\/betaz.cz\/index.php\/produkt\/migrace-soumar-sherpa\/#breadcrumb"},"inLanguage":"cs","potentialAction":[{"@type":"ReadAction","target":["https:\/\/betaz.cz\/index.php\/produkt\/migrace-soumar-sherpa\/"]}]},{"@type":"ImageObject","inLanguage":"cs","@id":"https:\/\/betaz.cz\/index.php\/produkt\/migrace-soumar-sherpa\/#primaryimage","url":"https:\/\/betaz.cz\/wp-content\/uploads\/2021\/05\/SherpaSoumar.png","contentUrl":"https:\/\/betaz.cz\/wp-content\/uploads\/2021\/05\/SherpaSoumar.png","width":756,"height":945},{"@type":"BreadcrumbList","@id":"https:\/\/betaz.cz\/index.php\/produkt\/migrace-soumar-sherpa\/#breadcrumb","itemListElement":[{"@type":"ListItem","position":1,"name":"Dom\u016f","item":"https:\/\/betaz.cz\/"},{"@type":"ListItem","position":2,"name":"Obchod","item":"https:\/\/betaz.cz\/index.php\/obchod\/"},{"@type":"ListItem","position":3,"name":"Migrace SOUMAR >SHERPA"}]},{"@type":"WebSite","@id":"https:\/\/betaz.cz\/#website","url":"https:\/\/betaz.cz\/","name":"BetaZ.cz - Knihkupeck\u00fd software | Knihkupci | Distributo\u0159i knih | Nakladatelstv\u00ed | E-shopy | B2B |","description":"Nejpou\u017e\u00edvan\u011bj\u0161\u00ed software pro knihkupce","publisher":{"@id":"https:\/\/betaz.cz\/#organization"},"potentialAction":[{"@type":"SearchAction","target":{"@type":"EntryPoint","urlTemplate":"https:\/\/betaz.cz\/?s={search_term_string}"},"query-input":{"@type":"PropertyValueSpecification","valueRequired":true,"valueName":"search_term_string"}}],"inLanguage":"cs"},{"@type":"Organization","@id":"https:\/\/betaz.cz\/#organization","name":"BetaZ.cz s.r.o.","url":"https:\/\/betaz.cz\/","logo":{"@type":"ImageObject","inLanguage":"cs","@id":"https:\/\/betaz.cz\/#\/schema\/logo\/image\/","url":"https:\/\/betaz.cz\/wp-content\/uploads\/2021\/04\/BetaZLOGOcerne.png","contentUrl":"https:\/\/betaz.cz\/wp-content\/uploads\/2021\/04\/BetaZLOGOcerne.png","width":971,"height":159,"caption":"BetaZ.cz s.r.o."},"image":{"@id":"https:\/\/betaz.cz\/#\/schema\/logo\/image\/"}}]}},"_links":{"self":[{"href":"https:\/\/betaz.cz\/index.php\/wp-json\/wp\/v2\/product\/716"}],"collection":[{"href":"https:\/\/betaz.cz\/index.php\/wp-json\/wp\/v2\/product"}],"about":[{"href":"https:\/\/betaz.cz\/index.php\/wp-json\/wp\/v2\/types\/product"}],"wp:featuredmedia":[{"embeddable":true,"href":"https:\/\/betaz.cz\/index.php\/wp-json\/wp\/v2\/media\/710"}],"wp:attachment":[{"href":"https:\/\/betaz.cz\/index.php\/wp-json\/wp\/v2\/media?parent=716"}],"wp:term":[{"taxonomy":"product_cat","embeddable":true,"href":"https:\/\/betaz.cz\/index.php\/wp-json\/wp\/v2\/product_cat?post=716"},{"taxonomy":"product_tag","embeddable":true,"href":"https:\/\/betaz.cz\/index.php\/wp-json\/wp\/v2\/product_tag?post=716"}],"curies":[{"name":"wp","href":"https:\/\/api.w.org\/{rel}","templated":true}]}}