{"id":713,"date":"2021-05-07T13:06:31","date_gmt":"2021-05-07T11:06:31","guid":{"rendered":"http:\/\/portal.betaz.cz\/?post_type=product&#038;p=713"},"modified":"2021-12-13T21:38:30","modified_gmt":"2021-12-13T20:38:30","slug":"sherpa-exporty","status":"publish","type":"product","link":"https:\/\/betaz.cz\/index.php\/produkt\/sherpa-exporty\/","title":{"rendered":"Sherpa EXPORTY"},"content":{"rendered":"","protected":false},"excerpt":{"rendered":"<p><strong>Export dat do e-shop\u016f<\/strong><\/p>\n<ul>\n<li>modul exportu dat pro eshop<\/li>\n<li>vy\u017eaduje poskytnut\u00ed po\u017eadovan\u00e9 struktury importovan\u00fdch dat konkr\u00e9tn\u00edho e-shopu<\/li>\n<li>form\u00e1t v\u00fdstupu CSV, XML<\/li>\n<\/ul>\n<p><strong>Export dat do \u00fa\u010detnictv\u00ed<\/strong><\/p>\n<ul>\n<li>modul exportu dat pro nepodporovan\u00e9 form\u00e1ty \u00fa\u010detnictv\u00ed<\/li>\n<li>vy\u017eaduje poskytnut\u00ed po\u017eadovan\u00e9 struktury importovan\u00fdch dat konkr\u00e9tn\u00edho \u00fa\u010detnictv\u00ed<\/li>\n<li>form\u00e1t v\u00fdstupu CSV, XML<\/li>\n<li>podporujeme <span style=\"font-size: 12pt;\">MONEY S3, POHODA, ABRA,\u00a0<\/span><\/li>\n<\/ul>\n<p>&nbsp;<\/p>\n","protected":false},"featured_media":706,"template":"","meta":{"_regular_price":[],"currency_symbol":[]},"product_cat":[16,26,39],"product_tag":[52,47],"class_list":{"0":"post-713","1":"product","2":"type-product","3":"status-publish","4":"has-post-thumbnail","6":"product_cat-nezarazene","7":"product_cat-knihkupecky-software-sherpa","8":"product_cat-sherpa-dopnky","9":"product_tag-exporty-dat","10":"product_tag-sherpa-doplnky","12":"first","13":"instock","14":"taxable","15":"shipping-taxable","16":"purchasable","17":"product-type-variable"},"post_slider_layout_featured_media_urls":{"thumbnail":["https:\/\/betaz.cz\/wp-content\/uploads\/2021\/05\/SherpaExporty-150x150.png",150,150,true],"post_slider_layout_landscape_large":["https:\/\/betaz.cz\/wp-content\/uploads\/2021\/05\/SherpaExporty.png",640,800,false],"post_slider_layout_portrait_large":["https:\/\/betaz.cz\/wp-content\/uploads\/2021\/05\/SherpaExporty.png",756,945,false],"post_slider_layout_square_large":["https:\/\/betaz.cz\/wp-content\/uploads\/2021\/05\/SherpaExporty.png",756,945,false],"post_slider_layout_landscape":["https:\/\/betaz.cz\/wp-content\/uploads\/2021\/05\/SherpaExporty.png",320,400,false],"post_slider_layout_portrait":["https:\/\/betaz.cz\/wp-content\/uploads\/2021\/05\/SherpaExporty.png",600,750,false],"post_slider_layout_square":["https:\/\/betaz.cz\/wp-content\/uploads\/2021\/05\/SherpaExporty.png",480,600,false],"full":["https:\/\/betaz.cz\/wp-content\/uploads\/2021\/05\/SherpaExporty.png",756,945,false]},"yoast_head":"<!-- This site is optimized with the Yoast SEO plugin v23.4 - https:\/\/yoast.com\/wordpress\/plugins\/seo\/ -->\n<title>Sherpa EXPORTY - BetaZ.cz - Knihkupeck\u00fd software | Knihkupci | Distributo\u0159i knih | Nakladatelstv\u00ed | E-shopy | B2B |<\/title>\n<meta name=\"description\" content=\"Software pro knihkupce - Software pro distributory a nakladatele knih - B2B pro distributory a akladatele - E-Shopy Knihy\" \/>\n<meta name=\"robots\" content=\"index, follow, max-snippet:-1, max-image-preview:large, max-video-preview:-1\" \/>\n<link rel=\"canonical\" href=\"https:\/\/betaz.cz\/index.php\/produkt\/sherpa-exporty\/\" \/>\n<meta property=\"og:locale\" content=\"cs_CZ\" \/>\n<meta property=\"og:type\" content=\"article\" \/>\n<meta property=\"og:title\" content=\"Sherpa EXPORTY - BetaZ.cz - Knihkupeck\u00fd software | Knihkupci | Distributo\u0159i knih | Nakladatelstv\u00ed | E-shopy | B2B |\" \/>\n<meta property=\"og:description\" content=\"Software pro knihkupce - Software pro distributory a nakladatele knih - B2B pro distributory a akladatele - E-Shopy Knihy\" \/>\n<meta property=\"og:url\" content=\"https:\/\/betaz.cz\/index.php\/produkt\/sherpa-exporty\/\" \/>\n<meta property=\"og:site_name\" content=\"BetaZ.cz - Knihkupeck\u00fd software | Knihkupci | Distributo\u0159i knih | Nakladatelstv\u00ed | E-shopy | B2B |\" \/>\n<meta property=\"article:modified_time\" content=\"2021-12-13T20:38:30+00:00\" \/>\n<meta property=\"og:image\" content=\"https:\/\/betaz.cz\/wp-content\/uploads\/2021\/05\/SherpaExporty.png\" \/>\n\t<meta property=\"og:image:width\" content=\"756\" \/>\n\t<meta property=\"og:image:height\" content=\"945\" \/>\n\t<meta property=\"og:image:type\" content=\"image\/png\" \/>\n<meta name=\"twitter:card\" content=\"summary_large_image\" \/>\n<script type=\"application\/ld+json\" class=\"yoast-schema-graph\">{\"@context\":\"https:\/\/schema.org\",\"@graph\":[{\"@type\":\"WebPage\",\"@id\":\"https:\/\/betaz.cz\/index.php\/produkt\/sherpa-exporty\/\",\"url\":\"https:\/\/betaz.cz\/index.php\/produkt\/sherpa-exporty\/\",\"name\":\"Sherpa EXPORTY - BetaZ.cz - Knihkupeck\u00fd software | Knihkupci | Distributo\u0159i knih | Nakladatelstv\u00ed | E-shopy | B2B |\",\"isPartOf\":{\"@id\":\"https:\/\/betaz.cz\/#website\"},\"primaryImageOfPage\":{\"@id\":\"https:\/\/betaz.cz\/index.php\/produkt\/sherpa-exporty\/#primaryimage\"},\"image\":{\"@id\":\"https:\/\/betaz.cz\/index.php\/produkt\/sherpa-exporty\/#primaryimage\"},\"thumbnailUrl\":\"https:\/\/betaz.cz\/wp-content\/uploads\/2021\/05\/SherpaExporty.png\",\"datePublished\":\"2021-05-07T11:06:31+00:00\",\"dateModified\":\"2021-12-13T20:38:30+00:00\",\"description\":\"Software pro knihkupce - Software pro distributory a nakladatele knih - B2B pro distributory a akladatele - E-Shopy Knihy\",\"breadcrumb\":{\"@id\":\"https:\/\/betaz.cz\/index.php\/produkt\/sherpa-exporty\/#breadcrumb\"},\"inLanguage\":\"cs\",\"potentialAction\":[{\"@type\":\"ReadAction\",\"target\":[\"https:\/\/betaz.cz\/index.php\/produkt\/sherpa-exporty\/\"]}]},{\"@type\":\"ImageObject\",\"inLanguage\":\"cs\",\"@id\":\"https:\/\/betaz.cz\/index.php\/produkt\/sherpa-exporty\/#primaryimage\",\"url\":\"https:\/\/betaz.cz\/wp-content\/uploads\/2021\/05\/SherpaExporty.png\",\"contentUrl\":\"https:\/\/betaz.cz\/wp-content\/uploads\/2021\/05\/SherpaExporty.png\",\"width\":756,\"height\":945},{\"@type\":\"BreadcrumbList\",\"@id\":\"https:\/\/betaz.cz\/index.php\/produkt\/sherpa-exporty\/#breadcrumb\",\"itemListElement\":[{\"@type\":\"ListItem\",\"position\":1,\"name\":\"Dom\u016f\",\"item\":\"https:\/\/betaz.cz\/\"},{\"@type\":\"ListItem\",\"position\":2,\"name\":\"Obchod\",\"item\":\"https:\/\/betaz.cz\/index.php\/obchod\/\"},{\"@type\":\"ListItem\",\"position\":3,\"name\":\"Sherpa EXPORTY\"}]},{\"@type\":\"WebSite\",\"@id\":\"https:\/\/betaz.cz\/#website\",\"url\":\"https:\/\/betaz.cz\/\",\"name\":\"BetaZ.cz - Knihkupeck\u00fd software | Knihkupci | Distributo\u0159i knih | Nakladatelstv\u00ed | E-shopy | B2B |\",\"description\":\"Nejpou\u017e\u00edvan\u011bj\u0161\u00ed software pro knihkupce\",\"publisher\":{\"@id\":\"https:\/\/betaz.cz\/#organization\"},\"potentialAction\":[{\"@type\":\"SearchAction\",\"target\":{\"@type\":\"EntryPoint\",\"urlTemplate\":\"https:\/\/betaz.cz\/?s={search_term_string}\"},\"query-input\":{\"@type\":\"PropertyValueSpecification\",\"valueRequired\":true,\"valueName\":\"search_term_string\"}}],\"inLanguage\":\"cs\"},{\"@type\":\"Organization\",\"@id\":\"https:\/\/betaz.cz\/#organization\",\"name\":\"BetaZ.cz s.r.o.\",\"url\":\"https:\/\/betaz.cz\/\",\"logo\":{\"@type\":\"ImageObject\",\"inLanguage\":\"cs\",\"@id\":\"https:\/\/betaz.cz\/#\/schema\/logo\/image\/\",\"url\":\"https:\/\/betaz.cz\/wp-content\/uploads\/2021\/04\/BetaZLOGOcerne.png\",\"contentUrl\":\"https:\/\/betaz.cz\/wp-content\/uploads\/2021\/04\/BetaZLOGOcerne.png\",\"width\":971,\"height\":159,\"caption\":\"BetaZ.cz s.r.o.\"},\"image\":{\"@id\":\"https:\/\/betaz.cz\/#\/schema\/logo\/image\/\"}}]}<\/script>\n<!-- \/ Yoast SEO plugin. -->","yoast_head_json":{"title":"Sherpa EXPORTY - BetaZ.cz - Knihkupeck\u00fd software | Knihkupci | Distributo\u0159i knih | Nakladatelstv\u00ed | E-shopy | B2B |","description":"Software pro knihkupce - Software pro distributory a nakladatele knih - B2B pro distributory a akladatele - E-Shopy Knihy","robots":{"index":"index","follow":"follow","max-snippet":"max-snippet:-1","max-image-preview":"max-image-preview:large","max-video-preview":"max-video-preview:-1"},"canonical":"https:\/\/betaz.cz\/index.php\/produkt\/sherpa-exporty\/","og_locale":"cs_CZ","og_type":"article","og_title":"Sherpa EXPORTY - BetaZ.cz - Knihkupeck\u00fd software | Knihkupci | Distributo\u0159i knih | Nakladatelstv\u00ed | E-shopy | B2B |","og_description":"Software pro knihkupce - Software pro distributory a nakladatele knih - B2B pro distributory a akladatele - E-Shopy Knihy","og_url":"https:\/\/betaz.cz\/index.php\/produkt\/sherpa-exporty\/","og_site_name":"BetaZ.cz - Knihkupeck\u00fd software | Knihkupci | Distributo\u0159i knih | Nakladatelstv\u00ed | E-shopy | B2B |","article_modified_time":"2021-12-13T20:38:30+00:00","og_image":[{"width":756,"height":945,"url":"https:\/\/betaz.cz\/wp-content\/uploads\/2021\/05\/SherpaExporty.png","type":"image\/png"}],"twitter_card":"summary_large_image","schema":{"@context":"https:\/\/schema.org","@graph":[{"@type":"WebPage","@id":"https:\/\/betaz.cz\/index.php\/produkt\/sherpa-exporty\/","url":"https:\/\/betaz.cz\/index.php\/produkt\/sherpa-exporty\/","name":"Sherpa EXPORTY - BetaZ.cz - Knihkupeck\u00fd software | Knihkupci | Distributo\u0159i knih | Nakladatelstv\u00ed | E-shopy | B2B |","isPartOf":{"@id":"https:\/\/betaz.cz\/#website"},"primaryImageOfPage":{"@id":"https:\/\/betaz.cz\/index.php\/produkt\/sherpa-exporty\/#primaryimage"},"image":{"@id":"https:\/\/betaz.cz\/index.php\/produkt\/sherpa-exporty\/#primaryimage"},"thumbnailUrl":"https:\/\/betaz.cz\/wp-content\/uploads\/2021\/05\/SherpaExporty.png","datePublished":"2021-05-07T11:06:31+00:00","dateModified":"2021-12-13T20:38:30+00:00","description":"Software pro knihkupce - Software pro distributory a nakladatele knih - B2B pro distributory a akladatele - E-Shopy Knihy","breadcrumb":{"@id":"https:\/\/betaz.cz\/index.php\/produkt\/sherpa-exporty\/#breadcrumb"},"inLanguage":"cs","potentialAction":[{"@type":"ReadAction","target":["https:\/\/betaz.cz\/index.php\/produkt\/sherpa-exporty\/"]}]},{"@type":"ImageObject","inLanguage":"cs","@id":"https:\/\/betaz.cz\/index.php\/produkt\/sherpa-exporty\/#primaryimage","url":"https:\/\/betaz.cz\/wp-content\/uploads\/2021\/05\/SherpaExporty.png","contentUrl":"https:\/\/betaz.cz\/wp-content\/uploads\/2021\/05\/SherpaExporty.png","width":756,"height":945},{"@type":"BreadcrumbList","@id":"https:\/\/betaz.cz\/index.php\/produkt\/sherpa-exporty\/#breadcrumb","itemListElement":[{"@type":"ListItem","position":1,"name":"Dom\u016f","item":"https:\/\/betaz.cz\/"},{"@type":"ListItem","position":2,"name":"Obchod","item":"https:\/\/betaz.cz\/index.php\/obchod\/"},{"@type":"ListItem","position":3,"name":"Sherpa EXPORTY"}]},{"@type":"WebSite","@id":"https:\/\/betaz.cz\/#website","url":"https:\/\/betaz.cz\/","name":"BetaZ.cz - Knihkupeck\u00fd software | Knihkupci | Distributo\u0159i knih | Nakladatelstv\u00ed | E-shopy | B2B |","description":"Nejpou\u017e\u00edvan\u011bj\u0161\u00ed software pro knihkupce","publisher":{"@id":"https:\/\/betaz.cz\/#organization"},"potentialAction":[{"@type":"SearchAction","target":{"@type":"EntryPoint","urlTemplate":"https:\/\/betaz.cz\/?s={search_term_string}"},"query-input":{"@type":"PropertyValueSpecification","valueRequired":true,"valueName":"search_term_string"}}],"inLanguage":"cs"},{"@type":"Organization","@id":"https:\/\/betaz.cz\/#organization","name":"BetaZ.cz s.r.o.","url":"https:\/\/betaz.cz\/","logo":{"@type":"ImageObject","inLanguage":"cs","@id":"https:\/\/betaz.cz\/#\/schema\/logo\/image\/","url":"https:\/\/betaz.cz\/wp-content\/uploads\/2021\/04\/BetaZLOGOcerne.png","contentUrl":"https:\/\/betaz.cz\/wp-content\/uploads\/2021\/04\/BetaZLOGOcerne.png","width":971,"height":159,"caption":"BetaZ.cz s.r.o."},"image":{"@id":"https:\/\/betaz.cz\/#\/schema\/logo\/image\/"}}]}},"_links":{"self":[{"href":"https:\/\/betaz.cz\/index.php\/wp-json\/wp\/v2\/product\/713"}],"collection":[{"href":"https:\/\/betaz.cz\/index.php\/wp-json\/wp\/v2\/product"}],"about":[{"href":"https:\/\/betaz.cz\/index.php\/wp-json\/wp\/v2\/types\/product"}],"wp:featuredmedia":[{"embeddable":true,"href":"https:\/\/betaz.cz\/index.php\/wp-json\/wp\/v2\/media\/706"}],"wp:attachment":[{"href":"https:\/\/betaz.cz\/index.php\/wp-json\/wp\/v2\/media?parent=713"}],"wp:term":[{"taxonomy":"product_cat","embeddable":true,"href":"https:\/\/betaz.cz\/index.php\/wp-json\/wp\/v2\/product_cat?post=713"},{"taxonomy":"product_tag","embeddable":true,"href":"https:\/\/betaz.cz\/index.php\/wp-json\/wp\/v2\/product_tag?post=713"}],"curies":[{"name":"wp","href":"https:\/\/api.w.org\/{rel}","templated":true}]}}