{"id":521,"date":"2021-05-11T14:17:21","date_gmt":"2021-05-11T12:17:21","guid":{"rendered":"http:\/\/portal.betaz.cz\/?post_type=product&#038;p=521"},"modified":"2021-12-14T11:43:25","modified_gmt":"2021-12-14T10:43:25","slug":"hosting-kategorie-i","status":"publish","type":"product","link":"https:\/\/betaz.cz\/index.php\/produkt\/hosting-kategorie-i\/","title":{"rendered":"Sherpa Hosting Kategorie I."},"content":{"rendered":"","protected":false},"excerpt":{"rendered":"<p>Hosting pro bal\u00edk Sherpa &#8211; Licence<span><\/span><\/p>\n<ul>\n<li>Hosting<\/li>\n<li><span>Monitoring provozu syst\u00e9mu SHERPA<\/span><\/li>\n<li><span>Dostupnost 24\/7<\/span><\/li>\n<li><span>Z\u00e1lohov\u00e1n\u00ed datab\u00e1ze 1 x denn\u011b<\/span><\/li>\n<li><span>\u00dadr\u017eba datab\u00e1ze<\/span>( kontrola a oprava konzistence dat )<\/li>\n<\/ul>\n<p>Hosting v\u00fdlu\u010dn\u011b pro st\u00e1vaj\u00edc\u00ed z\u00e1kazn\u00edky s LICENC\u00cd<\/p>\n","protected":false},"featured_media":570,"template":"","meta":{"_regular_price":[],"currency_symbol":[]},"product_cat":[26,36],"product_tag":[45],"class_list":{"0":"post-521","1":"product","2":"type-product","3":"status-publish","4":"has-post-thumbnail","6":"product_cat-knihkupecky-software-sherpa","7":"product_cat-sherpa-hosting","8":"product_tag-hosting-sherpa","10":"first","11":"instock","12":"taxable","13":"shipping-taxable","14":"purchasable","15":"product-type-variable"},"post_slider_layout_featured_media_urls":{"thumbnail":["https:\/\/betaz.cz\/wp-content\/uploads\/2021\/05\/SherpaHosting-150x150.png",150,150,true],"post_slider_layout_landscape_large":["https:\/\/betaz.cz\/wp-content\/uploads\/2021\/05\/SherpaHosting.png",640,800,false],"post_slider_layout_portrait_large":["https:\/\/betaz.cz\/wp-content\/uploads\/2021\/05\/SherpaHosting.png",756,945,false],"post_slider_layout_square_large":["https:\/\/betaz.cz\/wp-content\/uploads\/2021\/05\/SherpaHosting.png",756,945,false],"post_slider_layout_landscape":["https:\/\/betaz.cz\/wp-content\/uploads\/2021\/05\/SherpaHosting.png",320,400,false],"post_slider_layout_portrait":["https:\/\/betaz.cz\/wp-content\/uploads\/2021\/05\/SherpaHosting.png",600,750,false],"post_slider_layout_square":["https:\/\/betaz.cz\/wp-content\/uploads\/2021\/05\/SherpaHosting.png",480,600,false],"full":["https:\/\/betaz.cz\/wp-content\/uploads\/2021\/05\/SherpaHosting.png",756,945,false]},"yoast_head":"<!-- This site is optimized with the Yoast SEO plugin v23.4 - https:\/\/yoast.com\/wordpress\/plugins\/seo\/ -->\n<title>Sherpa Hosting Kategorie I. - BetaZ.cz - Knihkupeck\u00fd software | Knihkupci | Distributo\u0159i knih | Nakladatelstv\u00ed | E-shopy | B2B |<\/title>\n<meta name=\"description\" content=\"Software pro knihkupce - Software pro distributory a nakladatele knih - B2B pro distributory a akladatele - E-Shopy Knihy\" \/>\n<meta name=\"robots\" content=\"index, follow, max-snippet:-1, max-image-preview:large, max-video-preview:-1\" \/>\n<link rel=\"canonical\" href=\"https:\/\/betaz.cz\/index.php\/produkt\/hosting-kategorie-i\/\" \/>\n<meta property=\"og:locale\" content=\"cs_CZ\" \/>\n<meta property=\"og:type\" content=\"article\" \/>\n<meta property=\"og:title\" content=\"Sherpa Hosting Kategorie I. - BetaZ.cz - Knihkupeck\u00fd software | Knihkupci | Distributo\u0159i knih | Nakladatelstv\u00ed | E-shopy | B2B |\" \/>\n<meta property=\"og:description\" content=\"Software pro knihkupce - Software pro distributory a nakladatele knih - B2B pro distributory a akladatele - E-Shopy Knihy\" \/>\n<meta property=\"og:url\" content=\"https:\/\/betaz.cz\/index.php\/produkt\/hosting-kategorie-i\/\" \/>\n<meta property=\"og:site_name\" content=\"BetaZ.cz - Knihkupeck\u00fd software | Knihkupci | Distributo\u0159i knih | Nakladatelstv\u00ed | E-shopy | B2B |\" \/>\n<meta property=\"article:modified_time\" content=\"2021-12-14T10:43:25+00:00\" \/>\n<meta property=\"og:image\" content=\"https:\/\/betaz.cz\/wp-content\/uploads\/2021\/05\/SherpaHosting.png\" \/>\n\t<meta property=\"og:image:width\" content=\"756\" \/>\n\t<meta property=\"og:image:height\" content=\"945\" \/>\n\t<meta property=\"og:image:type\" content=\"image\/png\" \/>\n<meta name=\"twitter:card\" content=\"summary_large_image\" \/>\n<script type=\"application\/ld+json\" class=\"yoast-schema-graph\">{\"@context\":\"https:\/\/schema.org\",\"@graph\":[{\"@type\":\"WebPage\",\"@id\":\"https:\/\/betaz.cz\/index.php\/produkt\/hosting-kategorie-i\/\",\"url\":\"https:\/\/betaz.cz\/index.php\/produkt\/hosting-kategorie-i\/\",\"name\":\"Sherpa Hosting Kategorie I. - BetaZ.cz - Knihkupeck\u00fd software | Knihkupci | Distributo\u0159i knih | Nakladatelstv\u00ed | E-shopy | B2B |\",\"isPartOf\":{\"@id\":\"https:\/\/betaz.cz\/#website\"},\"primaryImageOfPage\":{\"@id\":\"https:\/\/betaz.cz\/index.php\/produkt\/hosting-kategorie-i\/#primaryimage\"},\"image\":{\"@id\":\"https:\/\/betaz.cz\/index.php\/produkt\/hosting-kategorie-i\/#primaryimage\"},\"thumbnailUrl\":\"https:\/\/betaz.cz\/wp-content\/uploads\/2021\/05\/SherpaHosting.png\",\"datePublished\":\"2021-05-11T12:17:21+00:00\",\"dateModified\":\"2021-12-14T10:43:25+00:00\",\"description\":\"Software pro knihkupce - Software pro distributory a nakladatele knih - B2B pro distributory a akladatele - E-Shopy Knihy\",\"breadcrumb\":{\"@id\":\"https:\/\/betaz.cz\/index.php\/produkt\/hosting-kategorie-i\/#breadcrumb\"},\"inLanguage\":\"cs\",\"potentialAction\":[{\"@type\":\"ReadAction\",\"target\":[\"https:\/\/betaz.cz\/index.php\/produkt\/hosting-kategorie-i\/\"]}]},{\"@type\":\"ImageObject\",\"inLanguage\":\"cs\",\"@id\":\"https:\/\/betaz.cz\/index.php\/produkt\/hosting-kategorie-i\/#primaryimage\",\"url\":\"https:\/\/betaz.cz\/wp-content\/uploads\/2021\/05\/SherpaHosting.png\",\"contentUrl\":\"https:\/\/betaz.cz\/wp-content\/uploads\/2021\/05\/SherpaHosting.png\",\"width\":756,\"height\":945},{\"@type\":\"BreadcrumbList\",\"@id\":\"https:\/\/betaz.cz\/index.php\/produkt\/hosting-kategorie-i\/#breadcrumb\",\"itemListElement\":[{\"@type\":\"ListItem\",\"position\":1,\"name\":\"Dom\u016f\",\"item\":\"https:\/\/betaz.cz\/\"},{\"@type\":\"ListItem\",\"position\":2,\"name\":\"Obchod\",\"item\":\"https:\/\/betaz.cz\/index.php\/obchod\/\"},{\"@type\":\"ListItem\",\"position\":3,\"name\":\"Sherpa Hosting Kategorie I.\"}]},{\"@type\":\"WebSite\",\"@id\":\"https:\/\/betaz.cz\/#website\",\"url\":\"https:\/\/betaz.cz\/\",\"name\":\"BetaZ.cz - Knihkupeck\u00fd software | Knihkupci | Distributo\u0159i knih | Nakladatelstv\u00ed | E-shopy | B2B |\",\"description\":\"Nejpou\u017e\u00edvan\u011bj\u0161\u00ed software pro knihkupce\",\"publisher\":{\"@id\":\"https:\/\/betaz.cz\/#organization\"},\"potentialAction\":[{\"@type\":\"SearchAction\",\"target\":{\"@type\":\"EntryPoint\",\"urlTemplate\":\"https:\/\/betaz.cz\/?s={search_term_string}\"},\"query-input\":{\"@type\":\"PropertyValueSpecification\",\"valueRequired\":true,\"valueName\":\"search_term_string\"}}],\"inLanguage\":\"cs\"},{\"@type\":\"Organization\",\"@id\":\"https:\/\/betaz.cz\/#organization\",\"name\":\"BetaZ.cz s.r.o.\",\"url\":\"https:\/\/betaz.cz\/\",\"logo\":{\"@type\":\"ImageObject\",\"inLanguage\":\"cs\",\"@id\":\"https:\/\/betaz.cz\/#\/schema\/logo\/image\/\",\"url\":\"https:\/\/betaz.cz\/wp-content\/uploads\/2021\/04\/BetaZLOGOcerne.png\",\"contentUrl\":\"https:\/\/betaz.cz\/wp-content\/uploads\/2021\/04\/BetaZLOGOcerne.png\",\"width\":971,\"height\":159,\"caption\":\"BetaZ.cz s.r.o.\"},\"image\":{\"@id\":\"https:\/\/betaz.cz\/#\/schema\/logo\/image\/\"}}]}<\/script>\n<!-- \/ Yoast SEO plugin. -->","yoast_head_json":{"title":"Sherpa Hosting Kategorie I. - BetaZ.cz - Knihkupeck\u00fd software | Knihkupci | Distributo\u0159i knih | Nakladatelstv\u00ed | E-shopy | B2B |","description":"Software pro knihkupce - Software pro distributory a nakladatele knih - B2B pro distributory a akladatele - E-Shopy Knihy","robots":{"index":"index","follow":"follow","max-snippet":"max-snippet:-1","max-image-preview":"max-image-preview:large","max-video-preview":"max-video-preview:-1"},"canonical":"https:\/\/betaz.cz\/index.php\/produkt\/hosting-kategorie-i\/","og_locale":"cs_CZ","og_type":"article","og_title":"Sherpa Hosting Kategorie I. - BetaZ.cz - Knihkupeck\u00fd software | Knihkupci | Distributo\u0159i knih | Nakladatelstv\u00ed | E-shopy | B2B |","og_description":"Software pro knihkupce - Software pro distributory a nakladatele knih - B2B pro distributory a akladatele - E-Shopy Knihy","og_url":"https:\/\/betaz.cz\/index.php\/produkt\/hosting-kategorie-i\/","og_site_name":"BetaZ.cz - Knihkupeck\u00fd software | Knihkupci | Distributo\u0159i knih | Nakladatelstv\u00ed | E-shopy | B2B |","article_modified_time":"2021-12-14T10:43:25+00:00","og_image":[{"width":756,"height":945,"url":"https:\/\/betaz.cz\/wp-content\/uploads\/2021\/05\/SherpaHosting.png","type":"image\/png"}],"twitter_card":"summary_large_image","schema":{"@context":"https:\/\/schema.org","@graph":[{"@type":"WebPage","@id":"https:\/\/betaz.cz\/index.php\/produkt\/hosting-kategorie-i\/","url":"https:\/\/betaz.cz\/index.php\/produkt\/hosting-kategorie-i\/","name":"Sherpa Hosting Kategorie I. - BetaZ.cz - Knihkupeck\u00fd software | Knihkupci | Distributo\u0159i knih | Nakladatelstv\u00ed | E-shopy | B2B |","isPartOf":{"@id":"https:\/\/betaz.cz\/#website"},"primaryImageOfPage":{"@id":"https:\/\/betaz.cz\/index.php\/produkt\/hosting-kategorie-i\/#primaryimage"},"image":{"@id":"https:\/\/betaz.cz\/index.php\/produkt\/hosting-kategorie-i\/#primaryimage"},"thumbnailUrl":"https:\/\/betaz.cz\/wp-content\/uploads\/2021\/05\/SherpaHosting.png","datePublished":"2021-05-11T12:17:21+00:00","dateModified":"2021-12-14T10:43:25+00:00","description":"Software pro knihkupce - Software pro distributory a nakladatele knih - B2B pro distributory a akladatele - E-Shopy Knihy","breadcrumb":{"@id":"https:\/\/betaz.cz\/index.php\/produkt\/hosting-kategorie-i\/#breadcrumb"},"inLanguage":"cs","potentialAction":[{"@type":"ReadAction","target":["https:\/\/betaz.cz\/index.php\/produkt\/hosting-kategorie-i\/"]}]},{"@type":"ImageObject","inLanguage":"cs","@id":"https:\/\/betaz.cz\/index.php\/produkt\/hosting-kategorie-i\/#primaryimage","url":"https:\/\/betaz.cz\/wp-content\/uploads\/2021\/05\/SherpaHosting.png","contentUrl":"https:\/\/betaz.cz\/wp-content\/uploads\/2021\/05\/SherpaHosting.png","width":756,"height":945},{"@type":"BreadcrumbList","@id":"https:\/\/betaz.cz\/index.php\/produkt\/hosting-kategorie-i\/#breadcrumb","itemListElement":[{"@type":"ListItem","position":1,"name":"Dom\u016f","item":"https:\/\/betaz.cz\/"},{"@type":"ListItem","position":2,"name":"Obchod","item":"https:\/\/betaz.cz\/index.php\/obchod\/"},{"@type":"ListItem","position":3,"name":"Sherpa Hosting Kategorie I."}]},{"@type":"WebSite","@id":"https:\/\/betaz.cz\/#website","url":"https:\/\/betaz.cz\/","name":"BetaZ.cz - Knihkupeck\u00fd software | Knihkupci | Distributo\u0159i knih | Nakladatelstv\u00ed | E-shopy | B2B |","description":"Nejpou\u017e\u00edvan\u011bj\u0161\u00ed software pro knihkupce","publisher":{"@id":"https:\/\/betaz.cz\/#organization"},"potentialAction":[{"@type":"SearchAction","target":{"@type":"EntryPoint","urlTemplate":"https:\/\/betaz.cz\/?s={search_term_string}"},"query-input":{"@type":"PropertyValueSpecification","valueRequired":true,"valueName":"search_term_string"}}],"inLanguage":"cs"},{"@type":"Organization","@id":"https:\/\/betaz.cz\/#organization","name":"BetaZ.cz s.r.o.","url":"https:\/\/betaz.cz\/","logo":{"@type":"ImageObject","inLanguage":"cs","@id":"https:\/\/betaz.cz\/#\/schema\/logo\/image\/","url":"https:\/\/betaz.cz\/wp-content\/uploads\/2021\/04\/BetaZLOGOcerne.png","contentUrl":"https:\/\/betaz.cz\/wp-content\/uploads\/2021\/04\/BetaZLOGOcerne.png","width":971,"height":159,"caption":"BetaZ.cz s.r.o."},"image":{"@id":"https:\/\/betaz.cz\/#\/schema\/logo\/image\/"}}]}},"_links":{"self":[{"href":"https:\/\/betaz.cz\/index.php\/wp-json\/wp\/v2\/product\/521"}],"collection":[{"href":"https:\/\/betaz.cz\/index.php\/wp-json\/wp\/v2\/product"}],"about":[{"href":"https:\/\/betaz.cz\/index.php\/wp-json\/wp\/v2\/types\/product"}],"wp:featuredmedia":[{"embeddable":true,"href":"https:\/\/betaz.cz\/index.php\/wp-json\/wp\/v2\/media\/570"}],"wp:attachment":[{"href":"https:\/\/betaz.cz\/index.php\/wp-json\/wp\/v2\/media?parent=521"}],"wp:term":[{"taxonomy":"product_cat","embeddable":true,"href":"https:\/\/betaz.cz\/index.php\/wp-json\/wp\/v2\/product_cat?post=521"},{"taxonomy":"product_tag","embeddable":true,"href":"https:\/\/betaz.cz\/index.php\/wp-json\/wp\/v2\/product_tag?post=521"}],"curies":[{"name":"wp","href":"https:\/\/api.w.org\/{rel}","templated":true}]}}