{"id":29,"date":"2021-04-24T10:43:37","date_gmt":"2021-04-24T08:43:37","guid":{"rendered":"http:\/\/portal.betaz.cz\/?page_id=29"},"modified":"2022-01-08T18:41:28","modified_gmt":"2022-01-08T17:41:28","slug":"eshopy-pro-knihy","status":"publish","type":"page","link":"https:\/\/betaz.cz\/index.php\/eshopy-pro-knihy\/","title":{"rendered":"E-Shopy pro knihy"},"content":{"rendered":"<h2 class=\"has-text-align-center wp-block-heading\"><strong>Pro\u010d vlastnit e-shop ?<\/strong><\/h2><p>E-shop, E-commerce anebo jenom elektronick\u00e9 obchodov\u00e1n\u00ed p\u0159in\u00e1\u0161\u00ed knihkupectv\u00edm, nakladatel\u016fm a distributor\u016fm zcela novou dimenzi na kni\u017en\u00edm trhu. Zcela to potrvrzuje neb\u00fdval\u00fd rozmach e-commerce v dob\u011b, kdy COVID-19 \u00fapln\u011b a natrvalo zmenil na\u0161e \u017eivoty a trh jako tak\u00fd. Segment kni\u017en\u00edho trhu je jako \u0161it\u00fd na prodej pomoc\u00ed e-shopu o \u010dem sved\u010d\u00ed i tak\u00fd konglomer\u00e1t jako AMAZON. Mo\u017en\u00e1 mnoho z v\u00e1s nev\u00ed, ale i AMAZON vzniknul jako mal\u00fd kni\u017en\u00fd eshop,  kter\u00fd vyrostl do trhov\u00e9 kapitalizace v\u00edce jako 1 bilion dolar\u016f.<\/p><p>V r\u00e1mci komplexn\u00edch slu\u017eeb pro knihkupce, nakladate, a distributory sme se z v\u00fd\u0161e uveden\u00fdch d\u016fvod\u016f zam\u011brili na vybudov\u00e1n\u00ed \u0159e\u0161en\u00ed kter\u00e9 poskytne kamenn\u00edm prodejn\u00e1m komplexn\u00ed syst\u00e9m E-Shop a SHERPA , s minim\u00e1lnimi n\u00e1roky na provoz.<\/p><h2 class=\"has-text-align-center wp-block-heading\"><strong>Co maj\u00ed spole\u010dn\u00e9 E-shop a SHERPA ?<\/strong><\/h2><p>Zn\u00ed to asi divn\u011b, ale v\u0161echno. \u017dijou si spolu ruka v ruce ve spole\u010dn\u00e9 symbi\u00f3ze a jeden podporuj\u00ed druh\u00e9ho. Od po\u010d\u00e1tk\u016f e-commerce sme se sna\u017eili vyvinout tak\u00fd e-shop kter\u00fd by byl schopen bezv\u00fdhradn\u011b komunikovat s obchodn\u00edm syst\u00e9mem Sherpa, co\u017e se n\u00e1m skute\u010dn\u011b povedlo. <\/p><p>Cel\u00e1 datab\u00e1ze skladov\u00e9ho hospod\u00e1\u0159stv\u00ed, n\u00e1kup\u016f, prodej\u016f, dodavatelsk\u00fdch a odberatelsk\u00fdch komis\u00ed, zpracov\u00e1n\u00ed z\u00e1kaznick\u00fdch a dodavatelsk\u00fdch objedn\u00e1vek  je veden\u00e1 v obchodn\u00edm a skladov\u00fdm syst\u00e9mu SHERPA, ze kter\u00e9ho jsou data ( produkty, ceny, obrazky produktu,stavy skladu,..)  p\u0159en\u00e1\u0161eny do E-shopu kter\u00fd zase funguje sv\u00fdm vlastn\u00edm \u017eivotem a znovu vrac\u00ed obchodn\u00ed data Sheprovi. Znamen\u00e1 to \u017ee E shop vyri\u017euje ve\u0161ker\u00e9 z\u00e1kazn\u00edcke objedn\u00e1vky platby, dobravu, marketing, e mailing atd.  a data zase p\u0159en\u00e1\u0161\u00ed zp\u00e1tky do syst\u00e9mu SHERPA. V kone\u010dn\u00e9m d\u016fsledku to znamen\u00e1 \u017ee sklady v syst\u00e9mu SHERPA sleduj\u00ed jak stavy na kamenn\u00e9 prodejn\u011b tak na e-shopu. <\/p><p>V propojen\u00ed na n\u00e1\u0161 <a href=\"http:\/\/portal.betaz.cz\/index.php\/vyvoj-informacnich-systemu-na-baze-cloud-coputingu\/\">Cloudov\u00fd syst\u00e9m<\/a> je jak e-shop tak i skladov\u00fd syst\u00e9m Sherpa obsluhovateln\u00fd odku\u010fkoliv a k\u00fdmkoliv na svet\u011b poku\u010f m\u00e1 u\u017eivatel u\u017eivatelsk\u00e9 pr\u00e1va. Z toho plyne, \u017ee o E-shop se m\u016f\u017ee starat osoba nezavisl\u00e1 od kamenn\u00e9 prodejny a opa\u010dn\u011b.<\/p><div class=\"wp-block-image is-style-default\"><figure class=\"aligncenter size-large\"><img fetchpriority=\"high\" decoding=\"async\" width=\"718\" height=\"832\" src=\"http:\/\/portal.betaz.cz\/wp-content\/uploads\/2021\/05\/Sherpa-cloud.png\" alt=\"\" class=\"wp-image-357\" srcset=\"https:\/\/betaz.cz\/wp-content\/uploads\/2021\/05\/Sherpa-cloud.png 718w, https:\/\/betaz.cz\/wp-content\/uploads\/2021\/05\/Sherpa-cloud-300x348.png 300w, https:\/\/betaz.cz\/wp-content\/uploads\/2021\/05\/Sherpa-cloud-600x695.png 600w, https:\/\/betaz.cz\/wp-content\/uploads\/2021\/05\/Sherpa-cloud-259x300.png 259w\" sizes=\"(max-width: 718px) 100vw, 718px\" \/><\/figure><\/div><h2 class=\"has-text-align-center has-luminous-vivid-orange-color has-text-color wp-block-heading\"><strong>Co nab\u00edz\u00edme ?<\/strong><\/h2><p>V\u0161echny na\u0161e E-Shopy tvo\u0159\u00edme v nejobl\u00edben\u011bjs\u00edm redak\u010dn\u00edm syst\u00e9mu WordPress, poh\u00e1n\u011bn\u00fdm nejpou\u017e\u00edvan\u011bj\u0161\u00edm pluginem pro elektronick\u00e9 obchodov\u00e1n\u00ed  WooCommerce. V\u0161echny Eshopy b\u011b\u017e\u00ed na na\u0161ich serverech, vybaven\u00fdch opera\u010dn\u00edm syst\u00e9mem LINUX, zalo\u017een\u00fdch na datab\u00e1ze MySQL s programovac\u00edm jazykem PHP 7+.<\/p><div class=\"wp-block-columns is-layout-flex wp-container-core-columns-is-layout-1 wp-block-columns-is-layout-flex\"><div class=\"wp-block-column is-layout-flow wp-block-column-is-layout-flow\"><h1 class=\"has-text-align-center has-luminous-vivid-orange-color has-text-color wp-block-heading\"><strong>SIMPLE E-SHOP<\/strong><\/h1>\n\n<p><strong>SIMPLE E-Shop<\/strong> je p\u0159edp\u0159ipraven\u00fd e-shop, kter\u00fd s V\u00e1ma po konzultac\u00edch uprav\u00edme do fin\u00e1ln\u00ed vizu\u00e1ln\u00ed a technick\u00e9 podoby.<\/p>\n\n<p>Simple e-shop je ur\u010den pro knihkupce, kter\u00fd se cht\u011bj\u00ed v\u011bnovat jenom e-commerce a nen\u00ed nutno prov\u00e1z\u00e1n\u00ed s na\u0161im syst\u00e9mem Sherpa (eshop nebude v\u0161ak schopen \u0159e\u0161it jako takov\u00fd automaticky dodavatelsk\u00e9 a odberatelsk\u00e9 komise!) Nainstalujeme V\u00e1m podle po\u017eadavk\u00fa platebn\u00ed br\u00e1ny a jin\u00e9 platebn\u00ed mo\u017enosti, mo\u017enosti dopravy a jin\u00e9 podle po\u017eadavk\u016f.<\/p>\n\n<p>P\u0159iprav\u00edme na z\u00e1klad\u011b poskytnut\u00fdch \u00fadaj\u016f Z\u00e1sady ochrany osobn\u00edch \u00fadaj\u016f, Cookies, a zapracujeme Va\u0161e obchodn\u00ed podm\u00ednky, a p\u0159iprav\u00edme kontaktn\u00ed formul\u00e1\u0159.<\/p>\n\n<p>Na z\u00e1klade po\u017eadavku a dodan\u00fdch datov\u00fdch podklad\u016f V\u00e1m naimportujeme data od Va\u0161eho dodavatele ( produkty, obr\u00e1zky, ceny, mno\u017estv\u00ed a tak d\u00e1le.)<\/p>\n\n<div class=\"wp-block-buttons is-layout-flex wp-block-buttons-is-layout-flex\"><\/div><\/div>\n\n<div class=\"wp-block-column is-layout-flow wp-block-column-is-layout-flow\"><h1 class=\"has-text-align-center has-luminous-vivid-orange-color has-text-color wp-block-heading\"><strong>SHERPA E-SHOP<\/strong><\/h1>\n\n<p><strong>SHERPA E-Shop<\/strong> na rozd\u00edl <strong>Simple E-shop<\/strong> je ur\u010den pro knihkupce, distributory a nakladatele, kter\u00fd u\u017e pou\u017e\u00edvaj\u00ed n\u00e1\u0161 obchodn\u00ed a skladov\u00fd software SHERPA a nebo o n\u011bm uva\u017euj\u00ed.<\/p>\n\n<p><strong>SHERPA E-Shop<\/strong> je p\u0159edp\u0159ipraven\u00fd e-shop, kter\u00fd s V\u00e1ma po konzultac\u00edch uprav\u00edme do fin\u00e1ln\u00ed vizu\u00e1ln\u00ed a technick\u00e9 podoby. Nainstalujeme V\u00e1m podle po\u017eadavk\u00fa platebn\u00ed br\u00e1ny a jin\u00e9 platebn\u00ed mo\u017enosti, mo\u017enosti dopravy a jin\u00e9 podle po\u017eadavk\u016f. Naistalujeme V\u00e1m most propojen\u00ed pro import a export va\u0161ich dat ze SHERPA do E-shopu a zp\u00e1tky. Podle po\u017eadavku m\u016f\u017eeme va\u0161e data spracovat od v\u00edce dodavatel\u016f do jedn\u00e9 datab\u00e1ze tak aby byli konzistentni jak pro E-shop ta pro SHERPU.<\/p>\n\n<p>P\u0159iprav\u00edme na z\u00e1klad\u011b poskytnut\u00fdch \u00fadaj\u016f Z\u00e1sady ochrany osobn\u00edch \u00fadaj\u016f, Cookies, a zapracujeme Va\u0161e obchodn\u00ed podm\u00ednky, a p\u0159iprav\u00edme kontaktn\u00ed formul\u00e1\u0159 a samozrejm\u011b i jin\u00e9 po\u017eadavky.<\/p>\n\n<div class=\"wp-block-buttons is-layout-flex wp-block-buttons-is-layout-flex\"><\/div><\/div><\/div><div class=\"wp-block-buttons is-layout-flex wp-block-buttons-is-layout-flex\"><div class=\"wp-block-button has-custom-width wp-block-button__width-100\"><a class=\"wp-block-button__link has-white-color has-luminous-vivid-orange-background-color has-text-color has-background\" href=\"https:\/\/bookshop.betaz.cz\/\" style=\"border-radius:5px\" target=\"_blank\" rel=\"noreferrer noopener\"><strong>Pod\u00edvej se na n\u00e1\u0161 uk\u00e1zkov\u00fd Eshop<\/strong><\/a><\/div><\/div><div style=\"height:100px\" aria-hidden=\"true\" class=\"wp-block-spacer\"><\/div><h3 class=\"has-text-align-center wp-block-heading\"><strong> Napi\u0161 n\u00e1m a my Ti  ud\u011bl\u00e1me nab\u00eddku<\/strong>.<\/h3><div class=\"wpforms-container wpforms-container-full\" id=\"wpforms-423\"><form id=\"wpforms-form-423\" class=\"wpforms-validate wpforms-form\" data-formid=\"423\" method=\"post\" enctype=\"multipart\/form-data\" action=\"\/index.php\/wp-json\/wp\/v2\/pages\/29\" data-token=\"bffedde8cd7f692915910384ed77f99d\"><noscript class=\"wpforms-error-noscript\">Chcete-li vyplnit tento formul\u00e1\u0159, pros\u00edm povolte v prohl\u00ed\u017ee\u010di JavaScript.<\/noscript><div class=\"wpforms-field-container\"><div id=\"wpforms-423-field_0-container\" class=\"wpforms-field wpforms-field-name\" data-field-id=\"0\"><label class=\"wpforms-field-label\" for=\"wpforms-423-field_0\">Jm\u00e9no <span class=\"wpforms-required-label\">*<\/span><\/label><div class=\"wpforms-field-row wpforms-field-large\"><div class=\"wpforms-field-row-block wpforms-first wpforms-one-half\"><input type=\"text\" id=\"wpforms-423-field_0\" class=\"wpforms-field-name-first wpforms-field-required\" name=\"wpforms[fields][0][first]\" required><label for=\"wpforms-423-field_0\" class=\"wpforms-field-sublabel after \">K\u0159estn\u00ed jm\u00e9no<\/label><\/div><div class=\"wpforms-field-row-block wpforms-one-half\"><input type=\"text\" id=\"wpforms-423-field_0-last\" class=\"wpforms-field-name-last wpforms-field-required\" name=\"wpforms[fields][0][last]\" required><label for=\"wpforms-423-field_0-last\" class=\"wpforms-field-sublabel after \">P\u0159\u00edjmen\u00ed<\/label><\/div><\/div><\/div><div id=\"wpforms-423-field_6-container\" class=\"wpforms-field wpforms-field-text\" data-field-id=\"6\"><label class=\"wpforms-field-label\" for=\"wpforms-423-field_6\">Firma, spole\u010dnost <span class=\"wpforms-required-label\">*<\/span><\/label><input type=\"text\" id=\"wpforms-423-field_6\" class=\"wpforms-field-large wpforms-field-required\" name=\"wpforms[fields][6]\" required><\/div><div id=\"wpforms-423-field_1-container\" class=\"wpforms-field wpforms-field-email\" data-field-id=\"1\"><label class=\"wpforms-field-label\" for=\"wpforms-423-field_1\">E-mail <span class=\"wpforms-required-label\">*<\/span><\/label><input type=\"email\" id=\"wpforms-423-field_1\" class=\"wpforms-field-large wpforms-field-required\" name=\"wpforms[fields][1]\" required><\/div><div id=\"wpforms-423-field_2-container\" class=\"wpforms-field wpforms-field-textarea\" data-field-id=\"2\"><label class=\"wpforms-field-label\" for=\"wpforms-423-field_2\">Koment\u00e1\u0159 nebo zpr\u00e1va <span class=\"wpforms-required-label\">*<\/span><\/label><textarea id=\"wpforms-423-field_2\" class=\"wpforms-field-medium wpforms-field-required\" name=\"wpforms[fields][2]\" required><\/textarea><\/div><div id=\"wpforms-423-field_3-container\" class=\"wpforms-field wpforms-field-gdpr-checkbox\" data-field-id=\"3\"><label class=\"wpforms-field-label\" for=\"wpforms-423-field_3\">Souhlas se spracov\u00e1n\u00edm osobn\u00edch \u00fadaj\u016f <span class=\"wpforms-required-label\">*<\/span><\/label><ul id=\"wpforms-423-field_3\" class=\"wpforms-field-required\"><li class=\"choice-1\"><input type=\"checkbox\" id=\"wpforms-423-field_3_1\" name=\"wpforms[fields][3][]\" value=\"Souhlas\u00edm s t\u00edm, aby tento web ukl\u00e1dal m\u00e9 odeslan\u00e9 informace, aby bylo mo\u017en\u00e9 odpov\u011bd\u011bt na m\u016fj po\u017eadavek.\" required ><label class=\"wpforms-field-label-inline\" for=\"wpforms-423-field_3_1\">Souhlas\u00edm s t\u00edm, aby tento web ukl\u00e1dal m\u00e9 odeslan\u00e9 informace, aby bylo mo\u017en\u00e9 odpov\u011bd\u011bt na m\u016fj po\u017eadavek.<\/label><\/li><\/ul><\/div><\/div><div class=\"wpforms-recaptcha-container wpforms-is-recaptcha\"><div class=\"g-recaptcha\" data-sitekey=\"6Lf4hR4bAAAAABIvFnqGHGO5Rb-Q0f_tsxcdCXNB\"><\/div><input type=\"text\" name=\"g-recaptcha-hidden\" class=\"wpforms-recaptcha-hidden\" style=\"position:absolute!important;clip:rect(0,0,0,0)!important;height:1px!important;width:1px!important;border:0!important;overflow:hidden!important;padding:0!important;margin:0!important;\" required><\/div><div class=\"wpforms-submit-container\"><input type=\"hidden\" name=\"wpforms[id]\" value=\"423\"><input type=\"hidden\" name=\"wpforms[author]\" value=\"1\"><button type=\"submit\" name=\"wpforms[submit]\" id=\"wpforms-submit-423\" class=\"wpforms-submit\" data-alt-text=\"Odes\u00edl\u00e1ni...\" data-submit-text=\"Odeslat\" aria-live=\"assertive\" value=\"wpforms-submit\">Odeslat<\/button><\/div><\/form><\/div>  <!-- .wpforms-container -->","protected":false},"excerpt":{"rendered":"<p>Pro\u010d vlastnit e-shop ? E-shop, E-commerce anebo jenom elektronick\u00e9 obchodov\u00e1n\u00ed p\u0159in\u00e1\u0161\u00ed knihkupectv\u00edm, nakladatel\u016fm a distributor\u016fm zcela novou dimenzi na kni\u017en\u00edm trhu. Zcela to potrvrzuje neb\u00fdval\u00fd rozmach e-commerce v dob\u011b, kdy COVID-19 \u00fapln\u011b a natrvalo zmenil na\u0161e \u017eivoty a trh jako tak\u00fd. Segment kni\u017en\u00edho trhu je jako \u0161it\u00fd na prodej pomoc\u00ed e-shopu o \u010dem sved\u010d\u00ed i [&hellip;]<\/p>\n","protected":false},"author":1,"featured_media":1873,"parent":0,"menu_order":0,"comment_status":"closed","ping_status":"closed","template":"","meta":{"_regular_price":[],"currency_symbol":[],"footnotes":""},"class_list":["post-29","page","type-page","status-publish","has-post-thumbnail","hentry"],"post_slider_layout_featured_media_urls":{"thumbnail":["https:\/\/betaz.cz\/wp-content\/uploads\/2022\/01\/Betaz-e-shop1-150x150.png",150,150,true],"post_slider_layout_landscape_large":["https:\/\/betaz.cz\/wp-content\/uploads\/2022\/01\/Betaz-e-shop1-1200x553.png",1200,553,true],"post_slider_layout_portrait_large":["https:\/\/betaz.cz\/wp-content\/uploads\/2022\/01\/Betaz-e-shop1-1200x553.png",1200,553,true],"post_slider_layout_square_large":["https:\/\/betaz.cz\/wp-content\/uploads\/2022\/01\/Betaz-e-shop1-1200x553.png",1200,553,true],"post_slider_layout_landscape":["https:\/\/betaz.cz\/wp-content\/uploads\/2022\/01\/Betaz-e-shop1-600x400.png",600,400,true],"post_slider_layout_portrait":["https:\/\/betaz.cz\/wp-content\/uploads\/2022\/01\/Betaz-e-shop1-600x553.png",600,553,true],"post_slider_layout_square":["https:\/\/betaz.cz\/wp-content\/uploads\/2022\/01\/Betaz-e-shop1-600x553.png",600,553,true],"full":["https:\/\/betaz.cz\/wp-content\/uploads\/2022\/01\/Betaz-e-shop1.png",1500,553,false]},"yoast_head":"<!-- This site is optimized with the Yoast SEO plugin v23.4 - https:\/\/yoast.com\/wordpress\/plugins\/seo\/ -->\n<title>E-Shopy pro knihy - BetaZ.cz - Knihkupeck\u00fd software | Knihkupci | Distributo\u0159i knih | Nakladatelstv\u00ed | E-shopy | B2B |<\/title>\n<meta name=\"description\" content=\"Tvorba specializovan\u00fdch eshop\u016f na m\u00edru pri knihkupce, distribuce a nakladatele. Knihkupeck\u00fd Eshop prov\u00e1zan\u00fd se skladov\u00fdm hospod\u00e1\u0159stv\u00edm SHERPA\" \/>\n<meta name=\"robots\" content=\"index, follow, max-snippet:-1, max-image-preview:large, max-video-preview:-1\" \/>\n<link rel=\"canonical\" href=\"https:\/\/betaz.cz\/index.php\/eshopy-pro-knihy\/\" \/>\n<meta property=\"og:locale\" content=\"cs_CZ\" \/>\n<meta property=\"og:type\" content=\"article\" \/>\n<meta property=\"og:title\" content=\"E-Shopy pro knihy - BetaZ.cz - Knihkupeck\u00fd software | Knihkupci | Distributo\u0159i knih | Nakladatelstv\u00ed | E-shopy | B2B |\" \/>\n<meta property=\"og:description\" content=\"Tvorba specializovan\u00fdch eshop\u016f na m\u00edru pri knihkupce, distribuce a nakladatele. Knihkupeck\u00fd Eshop prov\u00e1zan\u00fd se skladov\u00fdm hospod\u00e1\u0159stv\u00edm SHERPA\" \/>\n<meta property=\"og:url\" content=\"https:\/\/betaz.cz\/index.php\/eshopy-pro-knihy\/\" \/>\n<meta property=\"og:site_name\" content=\"BetaZ.cz - Knihkupeck\u00fd software | Knihkupci | Distributo\u0159i knih | Nakladatelstv\u00ed | E-shopy | B2B |\" \/>\n<meta property=\"article:modified_time\" content=\"2022-01-08T17:41:28+00:00\" \/>\n<meta property=\"og:image\" content=\"https:\/\/betaz.cz\/wp-content\/uploads\/2022\/01\/Betaz-e-shop1.png\" \/>\n\t<meta property=\"og:image:width\" content=\"1500\" \/>\n\t<meta property=\"og:image:height\" content=\"553\" \/>\n\t<meta property=\"og:image:type\" content=\"image\/png\" \/>\n<meta name=\"twitter:card\" content=\"summary_large_image\" \/>\n<meta name=\"twitter:label1\" content=\"Odhadovan\u00e1 doba \u010dten\u00ed\" \/>\n\t<meta name=\"twitter:data1\" content=\"3 minuty\" \/>\n<script type=\"application\/ld+json\" class=\"yoast-schema-graph\">{\"@context\":\"https:\/\/schema.org\",\"@graph\":[{\"@type\":\"WebPage\",\"@id\":\"https:\/\/betaz.cz\/index.php\/eshopy-pro-knihy\/\",\"url\":\"https:\/\/betaz.cz\/index.php\/eshopy-pro-knihy\/\",\"name\":\"E-Shopy pro knihy - BetaZ.cz - Knihkupeck\u00fd software | Knihkupci | Distributo\u0159i knih | Nakladatelstv\u00ed | E-shopy | B2B |\",\"isPartOf\":{\"@id\":\"https:\/\/betaz.cz\/#website\"},\"primaryImageOfPage\":{\"@id\":\"https:\/\/betaz.cz\/index.php\/eshopy-pro-knihy\/#primaryimage\"},\"image\":{\"@id\":\"https:\/\/betaz.cz\/index.php\/eshopy-pro-knihy\/#primaryimage\"},\"thumbnailUrl\":\"https:\/\/betaz.cz\/wp-content\/uploads\/2022\/01\/Betaz-e-shop1.png\",\"datePublished\":\"2021-04-24T08:43:37+00:00\",\"dateModified\":\"2022-01-08T17:41:28+00:00\",\"description\":\"Tvorba specializovan\u00fdch eshop\u016f na m\u00edru pri knihkupce, distribuce a nakladatele. Knihkupeck\u00fd Eshop prov\u00e1zan\u00fd se skladov\u00fdm hospod\u00e1\u0159stv\u00edm SHERPA\",\"breadcrumb\":{\"@id\":\"https:\/\/betaz.cz\/index.php\/eshopy-pro-knihy\/#breadcrumb\"},\"inLanguage\":\"cs\",\"potentialAction\":[{\"@type\":\"ReadAction\",\"target\":[\"https:\/\/betaz.cz\/index.php\/eshopy-pro-knihy\/\"]}]},{\"@type\":\"ImageObject\",\"inLanguage\":\"cs\",\"@id\":\"https:\/\/betaz.cz\/index.php\/eshopy-pro-knihy\/#primaryimage\",\"url\":\"https:\/\/betaz.cz\/wp-content\/uploads\/2022\/01\/Betaz-e-shop1.png\",\"contentUrl\":\"https:\/\/betaz.cz\/wp-content\/uploads\/2022\/01\/Betaz-e-shop1.png\",\"width\":1500,\"height\":553},{\"@type\":\"BreadcrumbList\",\"@id\":\"https:\/\/betaz.cz\/index.php\/eshopy-pro-knihy\/#breadcrumb\",\"itemListElement\":[{\"@type\":\"ListItem\",\"position\":1,\"name\":\"Dom\u016f\",\"item\":\"https:\/\/betaz.cz\/\"},{\"@type\":\"ListItem\",\"position\":2,\"name\":\"E-Shopy pro knihy\"}]},{\"@type\":\"WebSite\",\"@id\":\"https:\/\/betaz.cz\/#website\",\"url\":\"https:\/\/betaz.cz\/\",\"name\":\"BetaZ.cz - Knihkupeck\u00fd software | Knihkupci | Distributo\u0159i knih | Nakladatelstv\u00ed | E-shopy | B2B |\",\"description\":\"Nejpou\u017e\u00edvan\u011bj\u0161\u00ed software pro knihkupce\",\"publisher\":{\"@id\":\"https:\/\/betaz.cz\/#organization\"},\"potentialAction\":[{\"@type\":\"SearchAction\",\"target\":{\"@type\":\"EntryPoint\",\"urlTemplate\":\"https:\/\/betaz.cz\/?s={search_term_string}\"},\"query-input\":{\"@type\":\"PropertyValueSpecification\",\"valueRequired\":true,\"valueName\":\"search_term_string\"}}],\"inLanguage\":\"cs\"},{\"@type\":\"Organization\",\"@id\":\"https:\/\/betaz.cz\/#organization\",\"name\":\"BetaZ.cz s.r.o.\",\"url\":\"https:\/\/betaz.cz\/\",\"logo\":{\"@type\":\"ImageObject\",\"inLanguage\":\"cs\",\"@id\":\"https:\/\/betaz.cz\/#\/schema\/logo\/image\/\",\"url\":\"https:\/\/betaz.cz\/wp-content\/uploads\/2021\/04\/BetaZLOGOcerne.png\",\"contentUrl\":\"https:\/\/betaz.cz\/wp-content\/uploads\/2021\/04\/BetaZLOGOcerne.png\",\"width\":971,\"height\":159,\"caption\":\"BetaZ.cz s.r.o.\"},\"image\":{\"@id\":\"https:\/\/betaz.cz\/#\/schema\/logo\/image\/\"}}]}<\/script>\n<!-- \/ Yoast SEO plugin. -->","yoast_head_json":{"title":"E-Shopy pro knihy - BetaZ.cz - Knihkupeck\u00fd software | Knihkupci | Distributo\u0159i knih | Nakladatelstv\u00ed | E-shopy | B2B |","description":"Tvorba specializovan\u00fdch eshop\u016f na m\u00edru pri knihkupce, distribuce a nakladatele. Knihkupeck\u00fd Eshop prov\u00e1zan\u00fd se skladov\u00fdm hospod\u00e1\u0159stv\u00edm SHERPA","robots":{"index":"index","follow":"follow","max-snippet":"max-snippet:-1","max-image-preview":"max-image-preview:large","max-video-preview":"max-video-preview:-1"},"canonical":"https:\/\/betaz.cz\/index.php\/eshopy-pro-knihy\/","og_locale":"cs_CZ","og_type":"article","og_title":"E-Shopy pro knihy - BetaZ.cz - Knihkupeck\u00fd software | Knihkupci | Distributo\u0159i knih | Nakladatelstv\u00ed | E-shopy | B2B |","og_description":"Tvorba specializovan\u00fdch eshop\u016f na m\u00edru pri knihkupce, distribuce a nakladatele. Knihkupeck\u00fd Eshop prov\u00e1zan\u00fd se skladov\u00fdm hospod\u00e1\u0159stv\u00edm SHERPA","og_url":"https:\/\/betaz.cz\/index.php\/eshopy-pro-knihy\/","og_site_name":"BetaZ.cz - Knihkupeck\u00fd software | Knihkupci | Distributo\u0159i knih | Nakladatelstv\u00ed | E-shopy | B2B |","article_modified_time":"2022-01-08T17:41:28+00:00","og_image":[{"width":1500,"height":553,"url":"https:\/\/betaz.cz\/wp-content\/uploads\/2022\/01\/Betaz-e-shop1.png","type":"image\/png"}],"twitter_card":"summary_large_image","twitter_misc":{"Odhadovan\u00e1 doba \u010dten\u00ed":"3 minuty"},"schema":{"@context":"https:\/\/schema.org","@graph":[{"@type":"WebPage","@id":"https:\/\/betaz.cz\/index.php\/eshopy-pro-knihy\/","url":"https:\/\/betaz.cz\/index.php\/eshopy-pro-knihy\/","name":"E-Shopy pro knihy - BetaZ.cz - Knihkupeck\u00fd software | Knihkupci | Distributo\u0159i knih | Nakladatelstv\u00ed | E-shopy | B2B |","isPartOf":{"@id":"https:\/\/betaz.cz\/#website"},"primaryImageOfPage":{"@id":"https:\/\/betaz.cz\/index.php\/eshopy-pro-knihy\/#primaryimage"},"image":{"@id":"https:\/\/betaz.cz\/index.php\/eshopy-pro-knihy\/#primaryimage"},"thumbnailUrl":"https:\/\/betaz.cz\/wp-content\/uploads\/2022\/01\/Betaz-e-shop1.png","datePublished":"2021-04-24T08:43:37+00:00","dateModified":"2022-01-08T17:41:28+00:00","description":"Tvorba specializovan\u00fdch eshop\u016f na m\u00edru pri knihkupce, distribuce a nakladatele. Knihkupeck\u00fd Eshop prov\u00e1zan\u00fd se skladov\u00fdm hospod\u00e1\u0159stv\u00edm SHERPA","breadcrumb":{"@id":"https:\/\/betaz.cz\/index.php\/eshopy-pro-knihy\/#breadcrumb"},"inLanguage":"cs","potentialAction":[{"@type":"ReadAction","target":["https:\/\/betaz.cz\/index.php\/eshopy-pro-knihy\/"]}]},{"@type":"ImageObject","inLanguage":"cs","@id":"https:\/\/betaz.cz\/index.php\/eshopy-pro-knihy\/#primaryimage","url":"https:\/\/betaz.cz\/wp-content\/uploads\/2022\/01\/Betaz-e-shop1.png","contentUrl":"https:\/\/betaz.cz\/wp-content\/uploads\/2022\/01\/Betaz-e-shop1.png","width":1500,"height":553},{"@type":"BreadcrumbList","@id":"https:\/\/betaz.cz\/index.php\/eshopy-pro-knihy\/#breadcrumb","itemListElement":[{"@type":"ListItem","position":1,"name":"Dom\u016f","item":"https:\/\/betaz.cz\/"},{"@type":"ListItem","position":2,"name":"E-Shopy pro knihy"}]},{"@type":"WebSite","@id":"https:\/\/betaz.cz\/#website","url":"https:\/\/betaz.cz\/","name":"BetaZ.cz - Knihkupeck\u00fd software | Knihkupci | Distributo\u0159i knih | Nakladatelstv\u00ed | E-shopy | B2B |","description":"Nejpou\u017e\u00edvan\u011bj\u0161\u00ed software pro knihkupce","publisher":{"@id":"https:\/\/betaz.cz\/#organization"},"potentialAction":[{"@type":"SearchAction","target":{"@type":"EntryPoint","urlTemplate":"https:\/\/betaz.cz\/?s={search_term_string}"},"query-input":{"@type":"PropertyValueSpecification","valueRequired":true,"valueName":"search_term_string"}}],"inLanguage":"cs"},{"@type":"Organization","@id":"https:\/\/betaz.cz\/#organization","name":"BetaZ.cz s.r.o.","url":"https:\/\/betaz.cz\/","logo":{"@type":"ImageObject","inLanguage":"cs","@id":"https:\/\/betaz.cz\/#\/schema\/logo\/image\/","url":"https:\/\/betaz.cz\/wp-content\/uploads\/2021\/04\/BetaZLOGOcerne.png","contentUrl":"https:\/\/betaz.cz\/wp-content\/uploads\/2021\/04\/BetaZLOGOcerne.png","width":971,"height":159,"caption":"BetaZ.cz s.r.o."},"image":{"@id":"https:\/\/betaz.cz\/#\/schema\/logo\/image\/"}}]}},"_links":{"self":[{"href":"https:\/\/betaz.cz\/index.php\/wp-json\/wp\/v2\/pages\/29"}],"collection":[{"href":"https:\/\/betaz.cz\/index.php\/wp-json\/wp\/v2\/pages"}],"about":[{"href":"https:\/\/betaz.cz\/index.php\/wp-json\/wp\/v2\/types\/page"}],"author":[{"embeddable":true,"href":"https:\/\/betaz.cz\/index.php\/wp-json\/wp\/v2\/users\/1"}],"replies":[{"embeddable":true,"href":"https:\/\/betaz.cz\/index.php\/wp-json\/wp\/v2\/comments?post=29"}],"version-history":[{"count":37,"href":"https:\/\/betaz.cz\/index.php\/wp-json\/wp\/v2\/pages\/29\/revisions"}],"predecessor-version":[{"id":1877,"href":"https:\/\/betaz.cz\/index.php\/wp-json\/wp\/v2\/pages\/29\/revisions\/1877"}],"wp:featuredmedia":[{"embeddable":true,"href":"https:\/\/betaz.cz\/index.php\/wp-json\/wp\/v2\/media\/1873"}],"wp:attachment":[{"href":"https:\/\/betaz.cz\/index.php\/wp-json\/wp\/v2\/media?parent=29"}],"curies":[{"name":"wp","href":"https:\/\/api.w.org\/{rel}","templated":true}]}}