{"id":27,"date":"2021-04-24T10:41:07","date_gmt":"2021-04-24T08:41:07","guid":{"rendered":"http:\/\/portal.betaz.cz\/?page_id=27"},"modified":"2022-01-08T18:39:01","modified_gmt":"2022-01-08T17:39:01","slug":"b2b-sherpa","status":"publish","type":"page","link":"https:\/\/betaz.cz\/index.php\/b2b-sherpa\/","title":{"rendered":"B2B-SHERPA"},"content":{"rendered":"<h3 class=\"has-text-align-center wp-block-heading\"><strong>B2B \u2013 SHERPA<\/strong><\/h3><p class=\"has-text-align-center\">B2B SHERPA je syst\u00e9m bytostn\u011b prov\u00e1zan\u00fd s Obchodn\u00edm syst\u00e9mem <strong>SHERPA<\/strong> a je jeho mocnou nadstavbou pro podporu prodeje a to hlavn\u011b ve vztaz\u00edch:<\/p><ul class=\"wp-block-list\"><li>Nakladatel-Distributor<\/li><li>Distributor-Knihkupec (prodejce)<\/li><\/ul><h3 class=\"has-text-align-center wp-block-heading\"><strong>B2B \u2013 Co to vlastn\u011b je ?<\/strong><\/h3><p class=\"has-text-align-center\"><strong>B2B<\/strong> ( <strong>Business to&nbsp;Business <\/strong>) je pojem pro ozna\u010den\u00ed jednoho z model\u016f elektronick\u00e9ho obchodov\u00e1n\u00ed . V praxi se b\u011b\u017en\u011b pou\u017e\u00edv\u00e1 pouze zkratka B2B, kter\u00e1 ozna\u010duje obchodn\u00ed vztah mezi dv\u011bma podniky .<\/p><p class=\"has-text-align-center\">B2B obchodn\u00ed vztah se zpravidla odehr\u00e1v\u00e1 prost\u0159ednictv\u00edm internetu . Typick\u00e9 pro \u0159e\u0161en\u00ed B2B obchodn\u00edho vztahu je elektronick\u00e1 v\u00fdm\u011bna dat, kam pat\u0159\u00ed nap\u0159\u00edklad elektronick\u00e1 fakturace, online bankovnictv\u00ed, <strong>\u0159\u00edzen\u00ed sklad\u016f<\/strong> v dodavatelsko-odb\u011bratelsk\u00fdch \u0159et\u011bzc\u00edch , on-line katalogy, on-line aukce a vz\u00e1jemn\u00e9 propojen\u00ed podnikov\u00fdch informa\u010dn\u00edch syst\u00e9m\u016f (nap\u0159. prost\u0159ednictv\u00edm webov\u00fdch slu\u017eeb ).<\/p><p class=\"has-text-align-center\">Zejm\u00e9na propojen\u00ed informa\u010dn\u00edch syst\u00e9m\u016f umo\u017e\u0148uje automatizovat vz\u00e1jemn\u00e9 obchodn\u00ed toky a vazby a m\u016f\u017ee v\u00fdrazn\u011b sni\u017eovat transak\u010dn\u00ed n\u00e1klady .<\/p><figure class=\"wp-block-image size-large is-resized\"><img decoding=\"async\" data-src=\"http:\/\/portal.betaz.cz\/wp-content\/uploads\/2021\/04\/B2B2.jpg\" alt=\"\" class=\"wp-image-155 lazyload\" width=\"1400\" data-srcset=\"https:\/\/betaz.cz\/wp-content\/uploads\/2021\/04\/B2B2.jpg 720w, https:\/\/betaz.cz\/wp-content\/uploads\/2021\/04\/B2B2-300x150.jpg 300w, https:\/\/betaz.cz\/wp-content\/uploads\/2021\/04\/B2B2-600x300.jpg 600w\" data-sizes=\"(max-width: 720px) 100vw, 720px\" src=\"data:image\/gif;base64,R0lGODlhAQABAAAAACH5BAEKAAEALAAAAAABAAEAAAICTAEAOw==\" \/><noscript><img decoding=\"async\" src=\"http:\/\/portal.betaz.cz\/wp-content\/uploads\/2021\/04\/B2B2.jpg\" alt=\"\" class=\"wp-image-155\" width=\"1400\" srcset=\"https:\/\/betaz.cz\/wp-content\/uploads\/2021\/04\/B2B2.jpg 720w, https:\/\/betaz.cz\/wp-content\/uploads\/2021\/04\/B2B2-300x150.jpg 300w, https:\/\/betaz.cz\/wp-content\/uploads\/2021\/04\/B2B2-600x300.jpg 600w\" sizes=\"(max-width: 720px) 100vw, 720px\" \/><\/noscript><\/figure><p><\/p><p><\/p><h3 class=\"has-text-align-center wp-block-heading\"><strong>Co B2B-SHERPA um\u00ed ?<\/strong><\/h3><ul class=\"wp-block-list\"><li>V prvn\u00ed \u0159ade pracuje s existuj\u00edc\u00edmi daty z datab\u00e1ze SHERPA dodavatel (nakladatel, distributor)<\/li><li>Z\u00e1kazn\u00edkovi (distributor, knihkupec) poskytuje prost\u0159ed\u00ed plnohodnotn\u00e9ho e-shopu kde z\u00e1kazn\u00edk vytv\u00e1\u0159\u00ed svou objedn\u00e1vku<\/li><li>Dodavatel dost\u00e1v\u00e1 objedn\u00e1vku, na z\u00e1klad\u011b kter\u00e9 vytvo\u0159\u00ed dodac\u00ed list, fakturu a realizuje expedici<\/li><li>Dodavateli se automaticky aktualizuj\u00ed stavy na sklad\u011b<\/li><li>Dodavatel sleduje stav pohled\u00e1vek a d\u00e1le spravuje stavy na sv\u00e9m skladu<\/li><\/ul><h2 class=\"has-text-align-center wp-block-heading\"><strong>Klientsk\u00e9 prost\u0159ed\u00ed B2B SHERPA<\/strong><\/h2><figure class=\"wp-block-image size-large is-resized\"><img decoding=\"async\" data-src=\"https:\/\/betaz.cz\/wp-content\/uploads\/2021\/05\/B2B.png\" alt=\"\" class=\"wp-image-803 lazyload\" width=\"1400\" data-srcset=\"https:\/\/betaz.cz\/wp-content\/uploads\/2021\/05\/B2B.png 800w, https:\/\/betaz.cz\/wp-content\/uploads\/2021\/05\/B2B-300x257.png 300w, https:\/\/betaz.cz\/wp-content\/uploads\/2021\/05\/B2B-768x659.png 768w, https:\/\/betaz.cz\/wp-content\/uploads\/2021\/05\/B2B-600x515.png 600w\" data-sizes=\"(max-width: 800px) 100vw, 800px\" src=\"data:image\/gif;base64,R0lGODlhAQABAAAAACH5BAEKAAEALAAAAAABAAEAAAICTAEAOw==\" \/><noscript><img decoding=\"async\" src=\"https:\/\/betaz.cz\/wp-content\/uploads\/2021\/05\/B2B.png\" alt=\"\" class=\"wp-image-803\" width=\"1400\" srcset=\"https:\/\/betaz.cz\/wp-content\/uploads\/2021\/05\/B2B.png 800w, https:\/\/betaz.cz\/wp-content\/uploads\/2021\/05\/B2B-300x257.png 300w, https:\/\/betaz.cz\/wp-content\/uploads\/2021\/05\/B2B-768x659.png 768w, https:\/\/betaz.cz\/wp-content\/uploads\/2021\/05\/B2B-600x515.png 600w\" sizes=\"(max-width: 800px) 100vw, 800px\" \/><\/noscript><\/figure><h2 class=\"has-text-align-center wp-block-heading\"><\/h2><h3 class=\"has-text-align-center wp-block-heading\">Napi\u0161 n\u00e1m a my Ti  ud\u011bl\u00e1me nab\u00eddku<\/h3><div class=\"wpforms-container wpforms-container-full\" id=\"wpforms-423\"><form id=\"wpforms-form-423\" class=\"wpforms-validate wpforms-form\" data-formid=\"423\" method=\"post\" enctype=\"multipart\/form-data\" action=\"\/index.php\/wp-json\/wp\/v2\/pages\/27\" data-token=\"fd7cbe5dca8dfc734db2e1d1346b6b56\"><noscript class=\"wpforms-error-noscript\">Chcete-li vyplnit tento formul\u00e1\u0159, pros\u00edm povolte v prohl\u00ed\u017ee\u010di JavaScript.<\/noscript><div class=\"wpforms-field-container\"><div id=\"wpforms-423-field_0-container\" class=\"wpforms-field wpforms-field-name\" data-field-id=\"0\"><label class=\"wpforms-field-label\" for=\"wpforms-423-field_0\">Jm\u00e9no <span class=\"wpforms-required-label\">*<\/span><\/label><div class=\"wpforms-field-row wpforms-field-large\"><div class=\"wpforms-field-row-block wpforms-first wpforms-one-half\"><input type=\"text\" id=\"wpforms-423-field_0\" class=\"wpforms-field-name-first wpforms-field-required\" name=\"wpforms[fields][0][first]\" required><label for=\"wpforms-423-field_0\" class=\"wpforms-field-sublabel after \">K\u0159estn\u00ed jm\u00e9no<\/label><\/div><div class=\"wpforms-field-row-block wpforms-one-half\"><input type=\"text\" id=\"wpforms-423-field_0-last\" class=\"wpforms-field-name-last wpforms-field-required\" name=\"wpforms[fields][0][last]\" required><label for=\"wpforms-423-field_0-last\" class=\"wpforms-field-sublabel after \">P\u0159\u00edjmen\u00ed<\/label><\/div><\/div><\/div><div id=\"wpforms-423-field_6-container\" class=\"wpforms-field wpforms-field-text\" data-field-id=\"6\"><label class=\"wpforms-field-label\" for=\"wpforms-423-field_6\">Firma, spole\u010dnost <span class=\"wpforms-required-label\">*<\/span><\/label><input type=\"text\" id=\"wpforms-423-field_6\" class=\"wpforms-field-large wpforms-field-required\" name=\"wpforms[fields][6]\" required><\/div><div id=\"wpforms-423-field_1-container\" class=\"wpforms-field wpforms-field-email\" data-field-id=\"1\"><label class=\"wpforms-field-label\" for=\"wpforms-423-field_1\">E-mail <span class=\"wpforms-required-label\">*<\/span><\/label><input type=\"email\" id=\"wpforms-423-field_1\" class=\"wpforms-field-large wpforms-field-required\" name=\"wpforms[fields][1]\" required><\/div><div id=\"wpforms-423-field_2-container\" class=\"wpforms-field wpforms-field-textarea\" data-field-id=\"2\"><label class=\"wpforms-field-label\" for=\"wpforms-423-field_2\">Koment\u00e1\u0159 nebo zpr\u00e1va <span class=\"wpforms-required-label\">*<\/span><\/label><textarea id=\"wpforms-423-field_2\" class=\"wpforms-field-medium wpforms-field-required\" name=\"wpforms[fields][2]\" required><\/textarea><\/div><div id=\"wpforms-423-field_3-container\" class=\"wpforms-field wpforms-field-gdpr-checkbox\" data-field-id=\"3\"><label class=\"wpforms-field-label\" for=\"wpforms-423-field_3\">Souhlas se spracov\u00e1n\u00edm osobn\u00edch \u00fadaj\u016f <span class=\"wpforms-required-label\">*<\/span><\/label><ul id=\"wpforms-423-field_3\" class=\"wpforms-field-required\"><li class=\"choice-1\"><input type=\"checkbox\" id=\"wpforms-423-field_3_1\" name=\"wpforms[fields][3][]\" value=\"Souhlas\u00edm s t\u00edm, aby tento web ukl\u00e1dal m\u00e9 odeslan\u00e9 informace, aby bylo mo\u017en\u00e9 odpov\u011bd\u011bt na m\u016fj po\u017eadavek.\" required ><label class=\"wpforms-field-label-inline\" for=\"wpforms-423-field_3_1\">Souhlas\u00edm s t\u00edm, aby tento web ukl\u00e1dal m\u00e9 odeslan\u00e9 informace, aby bylo mo\u017en\u00e9 odpov\u011bd\u011bt na m\u016fj po\u017eadavek.<\/label><\/li><\/ul><\/div><\/div><div class=\"wpforms-recaptcha-container wpforms-is-recaptcha\"><div class=\"g-recaptcha\" data-sitekey=\"6Lf4hR4bAAAAABIvFnqGHGO5Rb-Q0f_tsxcdCXNB\"><\/div><input type=\"text\" name=\"g-recaptcha-hidden\" class=\"wpforms-recaptcha-hidden\" style=\"position:absolute!important;clip:rect(0,0,0,0)!important;height:1px!important;width:1px!important;border:0!important;overflow:hidden!important;padding:0!important;margin:0!important;\" required><\/div><div class=\"wpforms-submit-container\"><input type=\"hidden\" name=\"wpforms[id]\" value=\"423\"><input type=\"hidden\" name=\"wpforms[author]\" value=\"1\"><button type=\"submit\" name=\"wpforms[submit]\" id=\"wpforms-submit-423\" class=\"wpforms-submit\" data-alt-text=\"Odes\u00edl\u00e1ni...\" data-submit-text=\"Odeslat\" aria-live=\"assertive\" value=\"wpforms-submit\">Odeslat<\/button><\/div><\/form><\/div>  <!-- .wpforms-container --><p><\/p>","protected":false},"excerpt":{"rendered":"<p>B2B \u2013 SHERPA B2B SHERPA je syst\u00e9m bytostn\u011b prov\u00e1zan\u00fd s Obchodn\u00edm syst\u00e9mem SHERPA a je jeho mocnou nadstavbou pro podporu prodeje a to hlavn\u011b ve vztaz\u00edch: Nakladatel-Distributor Distributor-Knihkupec (prodejce) B2B \u2013 Co to vlastn\u011b je ? B2B ( Business to&nbsp;Business ) je pojem pro ozna\u010den\u00ed jednoho z model\u016f elektronick\u00e9ho obchodov\u00e1n\u00ed . V praxi se b\u011b\u017en\u011b [&hellip;]<\/p>\n","protected":false},"author":1,"featured_media":984,"parent":0,"menu_order":0,"comment_status":"closed","ping_status":"closed","template":"","meta":{"_regular_price":[],"currency_symbol":[],"footnotes":""},"class_list":["post-27","page","type-page","status-publish","has-post-thumbnail","hentry"],"post_slider_layout_featured_media_urls":{"thumbnail":["https:\/\/betaz.cz\/wp-content\/uploads\/2021\/06\/B2B-Sherpa-150x150.png",150,150,true],"post_slider_layout_landscape_large":["https:\/\/betaz.cz\/wp-content\/uploads\/2021\/06\/B2B-Sherpa-1200x756.png",1200,756,true],"post_slider_layout_portrait_large":["https:\/\/betaz.cz\/wp-content\/uploads\/2021\/06\/B2B-Sherpa-1200x756.png",1200,756,true],"post_slider_layout_square_large":["https:\/\/betaz.cz\/wp-content\/uploads\/2021\/06\/B2B-Sherpa-1200x756.png",1200,756,true],"post_slider_layout_landscape":["https:\/\/betaz.cz\/wp-content\/uploads\/2021\/06\/B2B-Sherpa-600x400.png",600,400,true],"post_slider_layout_portrait":["https:\/\/betaz.cz\/wp-content\/uploads\/2021\/06\/B2B-Sherpa-600x756.png",600,756,true],"post_slider_layout_square":["https:\/\/betaz.cz\/wp-content\/uploads\/2021\/06\/B2B-Sherpa-600x600.png",600,600,true],"full":["https:\/\/betaz.cz\/wp-content\/uploads\/2021\/06\/B2B-Sherpa.png",1361,756,false]},"yoast_head":"<!-- This site is optimized with the Yoast SEO plugin v23.4 - https:\/\/yoast.com\/wordpress\/plugins\/seo\/ -->\n<title>B2B-SHERPA - BetaZ.cz - Knihkupeck\u00fd software | Knihkupci | Distributo\u0159i knih | Nakladatelstv\u00ed | E-shopy | B2B |<\/title>\n<meta name=\"description\" content=\"B2B - jedine\u010dn\u00e1 programov\u00e1 nadstavba software SHERPA, s re\u0161en\u00edm dodavatelsko odb\u011bratelsk\u00fdch vztah\u016f mezi nakladateli-distributori kniha knihkupectv\u00edm\" \/>\n<meta name=\"robots\" content=\"index, follow, max-snippet:-1, max-image-preview:large, max-video-preview:-1\" \/>\n<link rel=\"canonical\" href=\"https:\/\/betaz.cz\/index.php\/b2b-sherpa\/\" \/>\n<meta property=\"og:locale\" content=\"cs_CZ\" \/>\n<meta property=\"og:type\" content=\"article\" \/>\n<meta property=\"og:title\" content=\"B2B-SHERPA - BetaZ.cz - Knihkupeck\u00fd software | Knihkupci | Distributo\u0159i knih | Nakladatelstv\u00ed | E-shopy | B2B |\" \/>\n<meta property=\"og:description\" content=\"B2B - jedine\u010dn\u00e1 programov\u00e1 nadstavba software SHERPA, s re\u0161en\u00edm dodavatelsko odb\u011bratelsk\u00fdch vztah\u016f mezi nakladateli-distributori kniha knihkupectv\u00edm\" \/>\n<meta property=\"og:url\" content=\"https:\/\/betaz.cz\/index.php\/b2b-sherpa\/\" \/>\n<meta property=\"og:site_name\" content=\"BetaZ.cz - Knihkupeck\u00fd software | Knihkupci | Distributo\u0159i knih | Nakladatelstv\u00ed | E-shopy | B2B |\" \/>\n<meta property=\"article:modified_time\" content=\"2022-01-08T17:39:01+00:00\" \/>\n<meta property=\"og:image\" content=\"https:\/\/betaz.cz\/wp-content\/uploads\/2021\/06\/B2B-Sherpa.png\" \/>\n\t<meta property=\"og:image:width\" content=\"1361\" \/>\n\t<meta property=\"og:image:height\" content=\"756\" \/>\n\t<meta property=\"og:image:type\" content=\"image\/png\" \/>\n<meta name=\"twitter:card\" content=\"summary_large_image\" \/>\n<meta name=\"twitter:label1\" content=\"Odhadovan\u00e1 doba \u010dten\u00ed\" \/>\n\t<meta name=\"twitter:data1\" content=\"2 minuty\" \/>\n<script type=\"application\/ld+json\" class=\"yoast-schema-graph\">{\"@context\":\"https:\/\/schema.org\",\"@graph\":[{\"@type\":\"WebPage\",\"@id\":\"https:\/\/betaz.cz\/index.php\/b2b-sherpa\/\",\"url\":\"https:\/\/betaz.cz\/index.php\/b2b-sherpa\/\",\"name\":\"B2B-SHERPA - BetaZ.cz - Knihkupeck\u00fd software | Knihkupci | Distributo\u0159i knih | Nakladatelstv\u00ed | E-shopy | B2B |\",\"isPartOf\":{\"@id\":\"https:\/\/betaz.cz\/#website\"},\"primaryImageOfPage\":{\"@id\":\"https:\/\/betaz.cz\/index.php\/b2b-sherpa\/#primaryimage\"},\"image\":{\"@id\":\"https:\/\/betaz.cz\/index.php\/b2b-sherpa\/#primaryimage\"},\"thumbnailUrl\":\"https:\/\/betaz.cz\/wp-content\/uploads\/2021\/06\/B2B-Sherpa.png\",\"datePublished\":\"2021-04-24T08:41:07+00:00\",\"dateModified\":\"2022-01-08T17:39:01+00:00\",\"description\":\"B2B - jedine\u010dn\u00e1 programov\u00e1 nadstavba software SHERPA, s re\u0161en\u00edm dodavatelsko odb\u011bratelsk\u00fdch vztah\u016f mezi nakladateli-distributori kniha knihkupectv\u00edm\",\"breadcrumb\":{\"@id\":\"https:\/\/betaz.cz\/index.php\/b2b-sherpa\/#breadcrumb\"},\"inLanguage\":\"cs\",\"potentialAction\":[{\"@type\":\"ReadAction\",\"target\":[\"https:\/\/betaz.cz\/index.php\/b2b-sherpa\/\"]}]},{\"@type\":\"ImageObject\",\"inLanguage\":\"cs\",\"@id\":\"https:\/\/betaz.cz\/index.php\/b2b-sherpa\/#primaryimage\",\"url\":\"https:\/\/betaz.cz\/wp-content\/uploads\/2021\/06\/B2B-Sherpa.png\",\"contentUrl\":\"https:\/\/betaz.cz\/wp-content\/uploads\/2021\/06\/B2B-Sherpa.png\",\"width\":1361,\"height\":756},{\"@type\":\"BreadcrumbList\",\"@id\":\"https:\/\/betaz.cz\/index.php\/b2b-sherpa\/#breadcrumb\",\"itemListElement\":[{\"@type\":\"ListItem\",\"position\":1,\"name\":\"Dom\u016f\",\"item\":\"https:\/\/betaz.cz\/\"},{\"@type\":\"ListItem\",\"position\":2,\"name\":\"B2B-SHERPA\"}]},{\"@type\":\"WebSite\",\"@id\":\"https:\/\/betaz.cz\/#website\",\"url\":\"https:\/\/betaz.cz\/\",\"name\":\"BetaZ.cz - Knihkupeck\u00fd software | Knihkupci | Distributo\u0159i knih | Nakladatelstv\u00ed | E-shopy | B2B |\",\"description\":\"Nejpou\u017e\u00edvan\u011bj\u0161\u00ed software pro knihkupce\",\"publisher\":{\"@id\":\"https:\/\/betaz.cz\/#organization\"},\"potentialAction\":[{\"@type\":\"SearchAction\",\"target\":{\"@type\":\"EntryPoint\",\"urlTemplate\":\"https:\/\/betaz.cz\/?s={search_term_string}\"},\"query-input\":{\"@type\":\"PropertyValueSpecification\",\"valueRequired\":true,\"valueName\":\"search_term_string\"}}],\"inLanguage\":\"cs\"},{\"@type\":\"Organization\",\"@id\":\"https:\/\/betaz.cz\/#organization\",\"name\":\"BetaZ.cz s.r.o.\",\"url\":\"https:\/\/betaz.cz\/\",\"logo\":{\"@type\":\"ImageObject\",\"inLanguage\":\"cs\",\"@id\":\"https:\/\/betaz.cz\/#\/schema\/logo\/image\/\",\"url\":\"https:\/\/betaz.cz\/wp-content\/uploads\/2021\/04\/BetaZLOGOcerne.png\",\"contentUrl\":\"https:\/\/betaz.cz\/wp-content\/uploads\/2021\/04\/BetaZLOGOcerne.png\",\"width\":971,\"height\":159,\"caption\":\"BetaZ.cz s.r.o.\"},\"image\":{\"@id\":\"https:\/\/betaz.cz\/#\/schema\/logo\/image\/\"}}]}<\/script>\n<!-- \/ Yoast SEO plugin. -->","yoast_head_json":{"title":"B2B-SHERPA - BetaZ.cz - Knihkupeck\u00fd software | Knihkupci | Distributo\u0159i knih | Nakladatelstv\u00ed | E-shopy | B2B |","description":"B2B - jedine\u010dn\u00e1 programov\u00e1 nadstavba software SHERPA, s re\u0161en\u00edm dodavatelsko odb\u011bratelsk\u00fdch vztah\u016f mezi nakladateli-distributori kniha knihkupectv\u00edm","robots":{"index":"index","follow":"follow","max-snippet":"max-snippet:-1","max-image-preview":"max-image-preview:large","max-video-preview":"max-video-preview:-1"},"canonical":"https:\/\/betaz.cz\/index.php\/b2b-sherpa\/","og_locale":"cs_CZ","og_type":"article","og_title":"B2B-SHERPA - BetaZ.cz - Knihkupeck\u00fd software | Knihkupci | Distributo\u0159i knih | Nakladatelstv\u00ed | E-shopy | B2B |","og_description":"B2B - jedine\u010dn\u00e1 programov\u00e1 nadstavba software SHERPA, s re\u0161en\u00edm dodavatelsko odb\u011bratelsk\u00fdch vztah\u016f mezi nakladateli-distributori kniha knihkupectv\u00edm","og_url":"https:\/\/betaz.cz\/index.php\/b2b-sherpa\/","og_site_name":"BetaZ.cz - Knihkupeck\u00fd software | Knihkupci | Distributo\u0159i knih | Nakladatelstv\u00ed | E-shopy | B2B |","article_modified_time":"2022-01-08T17:39:01+00:00","og_image":[{"width":1361,"height":756,"url":"https:\/\/betaz.cz\/wp-content\/uploads\/2021\/06\/B2B-Sherpa.png","type":"image\/png"}],"twitter_card":"summary_large_image","twitter_misc":{"Odhadovan\u00e1 doba \u010dten\u00ed":"2 minuty"},"schema":{"@context":"https:\/\/schema.org","@graph":[{"@type":"WebPage","@id":"https:\/\/betaz.cz\/index.php\/b2b-sherpa\/","url":"https:\/\/betaz.cz\/index.php\/b2b-sherpa\/","name":"B2B-SHERPA - BetaZ.cz - Knihkupeck\u00fd software | Knihkupci | Distributo\u0159i knih | Nakladatelstv\u00ed | E-shopy | B2B |","isPartOf":{"@id":"https:\/\/betaz.cz\/#website"},"primaryImageOfPage":{"@id":"https:\/\/betaz.cz\/index.php\/b2b-sherpa\/#primaryimage"},"image":{"@id":"https:\/\/betaz.cz\/index.php\/b2b-sherpa\/#primaryimage"},"thumbnailUrl":"https:\/\/betaz.cz\/wp-content\/uploads\/2021\/06\/B2B-Sherpa.png","datePublished":"2021-04-24T08:41:07+00:00","dateModified":"2022-01-08T17:39:01+00:00","description":"B2B - jedine\u010dn\u00e1 programov\u00e1 nadstavba software SHERPA, s re\u0161en\u00edm dodavatelsko odb\u011bratelsk\u00fdch vztah\u016f mezi nakladateli-distributori kniha knihkupectv\u00edm","breadcrumb":{"@id":"https:\/\/betaz.cz\/index.php\/b2b-sherpa\/#breadcrumb"},"inLanguage":"cs","potentialAction":[{"@type":"ReadAction","target":["https:\/\/betaz.cz\/index.php\/b2b-sherpa\/"]}]},{"@type":"ImageObject","inLanguage":"cs","@id":"https:\/\/betaz.cz\/index.php\/b2b-sherpa\/#primaryimage","url":"https:\/\/betaz.cz\/wp-content\/uploads\/2021\/06\/B2B-Sherpa.png","contentUrl":"https:\/\/betaz.cz\/wp-content\/uploads\/2021\/06\/B2B-Sherpa.png","width":1361,"height":756},{"@type":"BreadcrumbList","@id":"https:\/\/betaz.cz\/index.php\/b2b-sherpa\/#breadcrumb","itemListElement":[{"@type":"ListItem","position":1,"name":"Dom\u016f","item":"https:\/\/betaz.cz\/"},{"@type":"ListItem","position":2,"name":"B2B-SHERPA"}]},{"@type":"WebSite","@id":"https:\/\/betaz.cz\/#website","url":"https:\/\/betaz.cz\/","name":"BetaZ.cz - Knihkupeck\u00fd software | Knihkupci | Distributo\u0159i knih | Nakladatelstv\u00ed | E-shopy | B2B |","description":"Nejpou\u017e\u00edvan\u011bj\u0161\u00ed software pro knihkupce","publisher":{"@id":"https:\/\/betaz.cz\/#organization"},"potentialAction":[{"@type":"SearchAction","target":{"@type":"EntryPoint","urlTemplate":"https:\/\/betaz.cz\/?s={search_term_string}"},"query-input":{"@type":"PropertyValueSpecification","valueRequired":true,"valueName":"search_term_string"}}],"inLanguage":"cs"},{"@type":"Organization","@id":"https:\/\/betaz.cz\/#organization","name":"BetaZ.cz s.r.o.","url":"https:\/\/betaz.cz\/","logo":{"@type":"ImageObject","inLanguage":"cs","@id":"https:\/\/betaz.cz\/#\/schema\/logo\/image\/","url":"https:\/\/betaz.cz\/wp-content\/uploads\/2021\/04\/BetaZLOGOcerne.png","contentUrl":"https:\/\/betaz.cz\/wp-content\/uploads\/2021\/04\/BetaZLOGOcerne.png","width":971,"height":159,"caption":"BetaZ.cz s.r.o."},"image":{"@id":"https:\/\/betaz.cz\/#\/schema\/logo\/image\/"}}]}},"_links":{"self":[{"href":"https:\/\/betaz.cz\/index.php\/wp-json\/wp\/v2\/pages\/27"}],"collection":[{"href":"https:\/\/betaz.cz\/index.php\/wp-json\/wp\/v2\/pages"}],"about":[{"href":"https:\/\/betaz.cz\/index.php\/wp-json\/wp\/v2\/types\/page"}],"author":[{"embeddable":true,"href":"https:\/\/betaz.cz\/index.php\/wp-json\/wp\/v2\/users\/1"}],"replies":[{"embeddable":true,"href":"https:\/\/betaz.cz\/index.php\/wp-json\/wp\/v2\/comments?post=27"}],"version-history":[{"count":18,"href":"https:\/\/betaz.cz\/index.php\/wp-json\/wp\/v2\/pages\/27\/revisions"}],"predecessor-version":[{"id":1047,"href":"https:\/\/betaz.cz\/index.php\/wp-json\/wp\/v2\/pages\/27\/revisions\/1047"}],"wp:featuredmedia":[{"embeddable":true,"href":"https:\/\/betaz.cz\/index.php\/wp-json\/wp\/v2\/media\/984"}],"wp:attachment":[{"href":"https:\/\/betaz.cz\/index.php\/wp-json\/wp\/v2\/media?parent=27"}],"curies":[{"name":"wp","href":"https:\/\/api.w.org\/{rel}","templated":true}]}}