{"id":2626,"date":"2022-05-20T10:23:43","date_gmt":"2022-05-20T08:23:43","guid":{"rendered":"https:\/\/betaz.cz\/?page_id=2626"},"modified":"2022-05-20T11:08:01","modified_gmt":"2022-05-20T09:08:01","slug":"modul-sestavy","status":"publish","type":"page","link":"https:\/\/betaz.cz\/index.php\/modul-sestavy\/","title":{"rendered":"Modul Sestavy"},"content":{"rendered":"<h1 class=\"has-text-align-center has-luminous-vivid-orange-color has-white-background-color has-text-color has-background wp-block-heading\"><strong><strong>A<strong>nalyzujte, tiskn\u011bte a exportujte stav Va\u0161eho podnik\u00e1n\u00ed a stav Va\u0161ich sklad\u016f<\/strong><\/strong><\/strong><\/h1><p class=\"has-text-align-center\">Modul Sestavy, je takt\u00e9\u017e velice siln\u00fdm analytick\u00fdm modulem pro tvorbu p\u0159ehledn\u00fdch analytick\u00fdch sestav, tiskov\u00fdch sestav, export\u016f. Tento modul je velice \u017eiv\u00fd, proto\u017ee se st\u00e1le vyv\u00edj\u00ed na z\u00e1klad\u011b po\u017eadavk\u016f u\u017eivatel\u016f a zku\u0161enost\u00ed z provozu. Tento modul m\u016f\u017eou u\u017eivatel\u00e9 konstruktivn\u011b ovliv\u0148ovat sv\u00fdmi n\u00e1vrhy na podporu, \u010d\u00edm se neust\u00e1le syst\u00e9m p\u0159ibli\u017euje k \u0161irok\u00e9 u\u017eivatelsk\u00e9 z\u00e1kladn\u011b. S modulem sestavy se nikdy ve Va\u0161em podnik\u00e1n\u00ed neztrat\u00edte.<\/p><h2 class=\"has-text-align-center wp-block-heading\">Nejd\u016fle\u017eit\u011bj\u0161\u00ed vlastnosti modulu Sklady<\/h2><p class=\"has-text-align-center\">Z\u00e1kladem modulu je 25 p\u0159edp\u0159ipraven\u00fdch sestav  a pro ka\u017edou sestavu samoz\u0159ejm\u011b bohat\u00fd v\u00fdb\u011brov\u00fd filtr, kde lze sortovat dle nejr\u016fzn\u011bj\u0161\u00edch krit\u00e9ri\u00ed. V ka\u017ed\u00e9 sestav\u011b je mo\u017enost sou\u010dtovan\u00ed dle zadan\u00fdch krit\u00e9ri\u00ed.  Z\u00e1sadnou vlastnost\u00ed je mo\u017enost v\u00fdb\u011bru sloupc\u016f a jejich po\u0159ad\u00ed podle zvolen\u00fdch parametr\u016f, kter\u00e9 chci m\u00edt zobrazen\u00e9 a v jak\u00e9m po\u0159ad\u00ed. Je to vynikaj\u00edc\u00ed vlastnost, proto\u017ee ka\u017ed\u00e9ho zaj\u00edm\u00e1 jin\u00fd soubor hodnot a nemus\u00ed m\u00edt zobrazen\u00e9 v\u0161echno, aby se v spleti dat zbyte\u010dne nestratil. Jako bonus je zobrazit vybran\u00e9 data dle zadan\u00fdch parametr\u016f do graf\u016f. V neposledn\u00e9 \u0159ade je mo\u017en\u00e9 vyjet sestavu celkov\u00e9 ekonomick\u00e9 a skladov\u00e9 uz\u00e1v\u011brky za ur\u010dit\u00e9 obdob\u00ed, a d\u00e1le je mo\u017enost exportovat fatury jak do CSV a TXT.<\/p><figure class=\"wp-block-gallery columns-1 is-cropped wp-block-gallery-1 is-layout-flex wp-block-gallery-is-layout-flex\"><ul class=\"blocks-gallery-grid\"><li class=\"blocks-gallery-item\"><figure><a href=\"https:\/\/betaz.cz\/index.php\/modul-sestavy\/sestavy-hlavni-vyberova-obrazovka\/\"><img fetchpriority=\"high\" decoding=\"async\" width=\"1920\" height=\"940\" src=\"https:\/\/betaz.cz\/wp-content\/uploads\/2022\/05\/Sestavy-hlavni-vyberova-obrazovka.jpg\" alt=\"\" data-id=\"2632\" data-full-url=\"https:\/\/betaz.cz\/wp-content\/uploads\/2022\/05\/Sestavy-hlavni-vyberova-obrazovka.jpg\" data-link=\"https:\/\/betaz.cz\/index.php\/modul-sestavy\/sestavy-hlavni-vyberova-obrazovka\/\" class=\"wp-image-2632\" srcset=\"https:\/\/betaz.cz\/wp-content\/uploads\/2022\/05\/Sestavy-hlavni-vyberova-obrazovka.jpg 1920w, https:\/\/betaz.cz\/wp-content\/uploads\/2022\/05\/Sestavy-hlavni-vyberova-obrazovka-300x147.jpg 300w, https:\/\/betaz.cz\/wp-content\/uploads\/2022\/05\/Sestavy-hlavni-vyberova-obrazovka-1024x501.jpg 1024w, https:\/\/betaz.cz\/wp-content\/uploads\/2022\/05\/Sestavy-hlavni-vyberova-obrazovka-768x376.jpg 768w, https:\/\/betaz.cz\/wp-content\/uploads\/2022\/05\/Sestavy-hlavni-vyberova-obrazovka-1536x752.jpg 1536w, https:\/\/betaz.cz\/wp-content\/uploads\/2022\/05\/Sestavy-hlavni-vyberova-obrazovka-600x294.jpg 600w\" sizes=\"(max-width: 1920px) 100vw, 1920px\" \/><\/a><figcaption class=\"blocks-gallery-item__caption\">Hlavn\u00fd v\u00fdb\u011br p\u0159ednastaven\u00fdch sestav<\/figcaption><\/figure><\/li><\/ul><\/figure><p><\/p><figure class=\"wp-block-gallery columns-1 is-cropped wp-block-gallery-2 is-layout-flex wp-block-gallery-is-layout-flex\"><ul class=\"blocks-gallery-grid\"><li class=\"blocks-gallery-item\"><figure><a href=\"https:\/\/betaz.cz\/index.php\/modul-sestavy\/trzby-faktury\/\"><img decoding=\"async\" width=\"1024\" height=\"501\" data-src=\"https:\/\/betaz.cz\/wp-content\/uploads\/2022\/05\/Trzby-Faktury-1024x501.jpg\" alt=\"\" data-id=\"2633\" data-full-url=\"https:\/\/betaz.cz\/wp-content\/uploads\/2022\/05\/Trzby-Faktury.jpg\" data-link=\"https:\/\/betaz.cz\/index.php\/modul-sestavy\/trzby-faktury\/\" class=\"wp-image-2633 lazyload\" data-srcset=\"https:\/\/betaz.cz\/wp-content\/uploads\/2022\/05\/Trzby-Faktury-1024x501.jpg 1024w, https:\/\/betaz.cz\/wp-content\/uploads\/2022\/05\/Trzby-Faktury-300x147.jpg 300w, https:\/\/betaz.cz\/wp-content\/uploads\/2022\/05\/Trzby-Faktury-768x376.jpg 768w, https:\/\/betaz.cz\/wp-content\/uploads\/2022\/05\/Trzby-Faktury-1536x752.jpg 1536w, https:\/\/betaz.cz\/wp-content\/uploads\/2022\/05\/Trzby-Faktury-600x294.jpg 600w, https:\/\/betaz.cz\/wp-content\/uploads\/2022\/05\/Trzby-Faktury.jpg 1920w\" data-sizes=\"(max-width: 1024px) 100vw, 1024px\" src=\"data:image\/gif;base64,R0lGODlhAQABAAAAACH5BAEKAAEALAAAAAABAAEAAAICTAEAOw==\" style=\"--smush-placeholder-width: 1024px; --smush-placeholder-aspect-ratio: 1024\/501;\" \/><noscript><img decoding=\"async\" width=\"1024\" height=\"501\" src=\"https:\/\/betaz.cz\/wp-content\/uploads\/2022\/05\/Trzby-Faktury-1024x501.jpg\" alt=\"\" data-id=\"2633\" data-full-url=\"https:\/\/betaz.cz\/wp-content\/uploads\/2022\/05\/Trzby-Faktury.jpg\" data-link=\"https:\/\/betaz.cz\/index.php\/modul-sestavy\/trzby-faktury\/\" class=\"wp-image-2633\" srcset=\"https:\/\/betaz.cz\/wp-content\/uploads\/2022\/05\/Trzby-Faktury-1024x501.jpg 1024w, https:\/\/betaz.cz\/wp-content\/uploads\/2022\/05\/Trzby-Faktury-300x147.jpg 300w, https:\/\/betaz.cz\/wp-content\/uploads\/2022\/05\/Trzby-Faktury-768x376.jpg 768w, https:\/\/betaz.cz\/wp-content\/uploads\/2022\/05\/Trzby-Faktury-1536x752.jpg 1536w, https:\/\/betaz.cz\/wp-content\/uploads\/2022\/05\/Trzby-Faktury-600x294.jpg 600w, https:\/\/betaz.cz\/wp-content\/uploads\/2022\/05\/Trzby-Faktury.jpg 1920w\" sizes=\"(max-width: 1024px) 100vw, 1024px\" \/><\/noscript><\/a><figcaption class=\"blocks-gallery-item__caption\">P\u0159\u00edklad : Sestava Fakturace-Prodejky<\/figcaption><\/figure><\/li><li class=\"blocks-gallery-item\"><figure><a href=\"https:\/\/betaz.cz\/index.php\/modul-sestavy\/zobrazeni-dat-v-graficke-podobe\/\"><img decoding=\"async\" width=\"1024\" height=\"558\" data-src=\"https:\/\/betaz.cz\/wp-content\/uploads\/2022\/05\/Zobrazeni-dat-v-graficke-podobe-1024x558.jpg\" alt=\"\" data-id=\"2635\" data-full-url=\"https:\/\/betaz.cz\/wp-content\/uploads\/2022\/05\/Zobrazeni-dat-v-graficke-podobe.jpg\" data-link=\"https:\/\/betaz.cz\/index.php\/modul-sestavy\/zobrazeni-dat-v-graficke-podobe\/\" class=\"wp-image-2635 lazyload\" data-srcset=\"https:\/\/betaz.cz\/wp-content\/uploads\/2022\/05\/Zobrazeni-dat-v-graficke-podobe-1024x558.jpg 1024w, https:\/\/betaz.cz\/wp-content\/uploads\/2022\/05\/Zobrazeni-dat-v-graficke-podobe-300x163.jpg 300w, https:\/\/betaz.cz\/wp-content\/uploads\/2022\/05\/Zobrazeni-dat-v-graficke-podobe-768x419.jpg 768w, https:\/\/betaz.cz\/wp-content\/uploads\/2022\/05\/Zobrazeni-dat-v-graficke-podobe-1536x837.jpg 1536w, https:\/\/betaz.cz\/wp-content\/uploads\/2022\/05\/Zobrazeni-dat-v-graficke-podobe-600x327.jpg 600w, https:\/\/betaz.cz\/wp-content\/uploads\/2022\/05\/Zobrazeni-dat-v-graficke-podobe.jpg 1602w\" data-sizes=\"(max-width: 1024px) 100vw, 1024px\" src=\"data:image\/gif;base64,R0lGODlhAQABAAAAACH5BAEKAAEALAAAAAABAAEAAAICTAEAOw==\" style=\"--smush-placeholder-width: 1024px; --smush-placeholder-aspect-ratio: 1024\/558;\" \/><noscript><img decoding=\"async\" width=\"1024\" height=\"558\" src=\"https:\/\/betaz.cz\/wp-content\/uploads\/2022\/05\/Zobrazeni-dat-v-graficke-podobe-1024x558.jpg\" alt=\"\" data-id=\"2635\" data-full-url=\"https:\/\/betaz.cz\/wp-content\/uploads\/2022\/05\/Zobrazeni-dat-v-graficke-podobe.jpg\" data-link=\"https:\/\/betaz.cz\/index.php\/modul-sestavy\/zobrazeni-dat-v-graficke-podobe\/\" class=\"wp-image-2635\" srcset=\"https:\/\/betaz.cz\/wp-content\/uploads\/2022\/05\/Zobrazeni-dat-v-graficke-podobe-1024x558.jpg 1024w, https:\/\/betaz.cz\/wp-content\/uploads\/2022\/05\/Zobrazeni-dat-v-graficke-podobe-300x163.jpg 300w, https:\/\/betaz.cz\/wp-content\/uploads\/2022\/05\/Zobrazeni-dat-v-graficke-podobe-768x419.jpg 768w, https:\/\/betaz.cz\/wp-content\/uploads\/2022\/05\/Zobrazeni-dat-v-graficke-podobe-1536x837.jpg 1536w, https:\/\/betaz.cz\/wp-content\/uploads\/2022\/05\/Zobrazeni-dat-v-graficke-podobe-600x327.jpg 600w, https:\/\/betaz.cz\/wp-content\/uploads\/2022\/05\/Zobrazeni-dat-v-graficke-podobe.jpg 1602w\" sizes=\"(max-width: 1024px) 100vw, 1024px\" \/><\/noscript><\/a><figcaption class=\"blocks-gallery-item__caption\">P\u0159\u00edklad zobrazen\u00ed grafu na t\u00fddenn\u00ed b\u00e1ze<\/figcaption><\/figure><\/li><li class=\"blocks-gallery-item\"><figure><a href=\"https:\/\/betaz.cz\/index.php\/modul-sestavy\/uzivatelska-uprava-sloupcu\/\"><img loading=\"lazy\" decoding=\"async\" width=\"1024\" height=\"500\" data-src=\"https:\/\/betaz.cz\/wp-content\/uploads\/2022\/05\/Uzivatelska-uprava-sloupcu--1024x500.jpg\" alt=\"\" data-id=\"2634\" data-full-url=\"https:\/\/betaz.cz\/wp-content\/uploads\/2022\/05\/Uzivatelska-uprava-sloupcu-.jpg\" data-link=\"https:\/\/betaz.cz\/index.php\/modul-sestavy\/uzivatelska-uprava-sloupcu\/\" class=\"wp-image-2634 lazyload\" data-srcset=\"https:\/\/betaz.cz\/wp-content\/uploads\/2022\/05\/Uzivatelska-uprava-sloupcu--1024x500.jpg 1024w, https:\/\/betaz.cz\/wp-content\/uploads\/2022\/05\/Uzivatelska-uprava-sloupcu--300x147.jpg 300w, https:\/\/betaz.cz\/wp-content\/uploads\/2022\/05\/Uzivatelska-uprava-sloupcu--768x375.jpg 768w, https:\/\/betaz.cz\/wp-content\/uploads\/2022\/05\/Uzivatelska-uprava-sloupcu--1536x750.jpg 1536w, https:\/\/betaz.cz\/wp-content\/uploads\/2022\/05\/Uzivatelska-uprava-sloupcu--600x293.jpg 600w, https:\/\/betaz.cz\/wp-content\/uploads\/2022\/05\/Uzivatelska-uprava-sloupcu-.jpg 1920w\" data-sizes=\"(max-width: 1024px) 100vw, 1024px\" src=\"data:image\/gif;base64,R0lGODlhAQABAAAAACH5BAEKAAEALAAAAAABAAEAAAICTAEAOw==\" style=\"--smush-placeholder-width: 1024px; --smush-placeholder-aspect-ratio: 1024\/500;\" \/><noscript><img loading=\"lazy\" decoding=\"async\" width=\"1024\" height=\"500\" src=\"https:\/\/betaz.cz\/wp-content\/uploads\/2022\/05\/Uzivatelska-uprava-sloupcu--1024x500.jpg\" alt=\"\" data-id=\"2634\" data-full-url=\"https:\/\/betaz.cz\/wp-content\/uploads\/2022\/05\/Uzivatelska-uprava-sloupcu-.jpg\" data-link=\"https:\/\/betaz.cz\/index.php\/modul-sestavy\/uzivatelska-uprava-sloupcu\/\" class=\"wp-image-2634\" srcset=\"https:\/\/betaz.cz\/wp-content\/uploads\/2022\/05\/Uzivatelska-uprava-sloupcu--1024x500.jpg 1024w, https:\/\/betaz.cz\/wp-content\/uploads\/2022\/05\/Uzivatelska-uprava-sloupcu--300x147.jpg 300w, https:\/\/betaz.cz\/wp-content\/uploads\/2022\/05\/Uzivatelska-uprava-sloupcu--768x375.jpg 768w, https:\/\/betaz.cz\/wp-content\/uploads\/2022\/05\/Uzivatelska-uprava-sloupcu--1536x750.jpg 1536w, https:\/\/betaz.cz\/wp-content\/uploads\/2022\/05\/Uzivatelska-uprava-sloupcu--600x293.jpg 600w, https:\/\/betaz.cz\/wp-content\/uploads\/2022\/05\/Uzivatelska-uprava-sloupcu-.jpg 1920w\" sizes=\"(max-width: 1024px) 100vw, 1024px\" \/><\/noscript><\/a><figcaption class=\"blocks-gallery-item__caption\">Uk\u00e1zka nastaven\u00ed zobrazovan\u00fdch sloupc\u016f a jejich po\u0159ad\u00ed<\/figcaption><\/figure><\/li><\/ul><\/figure>","protected":false},"excerpt":{"rendered":"<p>Analyzujte, tiskn\u011bte a exportujte stav Va\u0161eho podnik\u00e1n\u00ed a stav Va\u0161ich sklad\u016f Modul Sestavy, je takt\u00e9\u017e velice siln\u00fdm analytick\u00fdm modulem pro tvorbu p\u0159ehledn\u00fdch analytick\u00fdch sestav, tiskov\u00fdch sestav, export\u016f. Tento modul je velice \u017eiv\u00fd, proto\u017ee se st\u00e1le vyv\u00edj\u00ed na z\u00e1klad\u011b po\u017eadavk\u016f u\u017eivatel\u016f a zku\u0161enost\u00ed z provozu. Tento modul m\u016f\u017eou u\u017eivatel\u00e9 konstruktivn\u011b ovliv\u0148ovat sv\u00fdmi n\u00e1vrhy na podporu, \u010d\u00edm [&hellip;]<\/p>\n","protected":false},"author":1,"featured_media":0,"parent":0,"menu_order":0,"comment_status":"closed","ping_status":"closed","template":"","meta":{"_regular_price":[],"currency_symbol":[],"footnotes":""},"class_list":["post-2626","page","type-page","status-publish","hentry"],"post_slider_layout_featured_media_urls":{"thumbnail":"","post_slider_layout_landscape_large":"","post_slider_layout_portrait_large":"","post_slider_layout_square_large":"","post_slider_layout_landscape":"","post_slider_layout_portrait":"","post_slider_layout_square":"","full":""},"yoast_head":"<!-- This site is optimized with the Yoast SEO plugin v23.4 - https:\/\/yoast.com\/wordpress\/plugins\/seo\/ -->\n<title>Modul Sestavy - BetaZ.cz - Knihkupeck\u00fd software | Knihkupci | Distributo\u0159i knih | Nakladatelstv\u00ed | E-shopy | B2B |<\/title>\n<meta name=\"description\" content=\"Software pro knihkupce - Software pro distributory a nakladatele knih - B2B pro distributory a akladatele - E-Shopy Knihy\" \/>\n<meta name=\"robots\" content=\"index, follow, max-snippet:-1, max-image-preview:large, max-video-preview:-1\" \/>\n<link rel=\"canonical\" href=\"https:\/\/betaz.cz\/index.php\/modul-sestavy\/\" \/>\n<meta property=\"og:locale\" content=\"cs_CZ\" \/>\n<meta property=\"og:type\" content=\"article\" \/>\n<meta property=\"og:title\" content=\"Modul Sestavy - BetaZ.cz - Knihkupeck\u00fd software | Knihkupci | Distributo\u0159i knih | Nakladatelstv\u00ed | E-shopy | B2B |\" \/>\n<meta property=\"og:description\" content=\"Software pro knihkupce - Software pro distributory a nakladatele knih - B2B pro distributory a akladatele - E-Shopy Knihy\" \/>\n<meta property=\"og:url\" content=\"https:\/\/betaz.cz\/index.php\/modul-sestavy\/\" \/>\n<meta property=\"og:site_name\" content=\"BetaZ.cz - Knihkupeck\u00fd software | Knihkupci | Distributo\u0159i knih | Nakladatelstv\u00ed | E-shopy | B2B |\" \/>\n<meta property=\"article:modified_time\" content=\"2022-05-20T09:08:01+00:00\" \/>\n<meta property=\"og:image\" content=\"https:\/\/betaz.cz\/wp-content\/uploads\/2022\/05\/Sestavy-hlavni-vyberova-obrazovka.jpg\" \/>\n<meta name=\"twitter:card\" content=\"summary_large_image\" \/>\n<meta name=\"twitter:label1\" content=\"Odhadovan\u00e1 doba \u010dten\u00ed\" \/>\n\t<meta name=\"twitter:data1\" content=\"2 minuty\" \/>\n<script type=\"application\/ld+json\" class=\"yoast-schema-graph\">{\"@context\":\"https:\/\/schema.org\",\"@graph\":[{\"@type\":\"WebPage\",\"@id\":\"https:\/\/betaz.cz\/index.php\/modul-sestavy\/\",\"url\":\"https:\/\/betaz.cz\/index.php\/modul-sestavy\/\",\"name\":\"Modul Sestavy - BetaZ.cz - Knihkupeck\u00fd software | Knihkupci | Distributo\u0159i knih | Nakladatelstv\u00ed | E-shopy | B2B |\",\"isPartOf\":{\"@id\":\"https:\/\/betaz.cz\/#website\"},\"primaryImageOfPage\":{\"@id\":\"https:\/\/betaz.cz\/index.php\/modul-sestavy\/#primaryimage\"},\"image\":{\"@id\":\"https:\/\/betaz.cz\/index.php\/modul-sestavy\/#primaryimage\"},\"thumbnailUrl\":\"https:\/\/betaz.cz\/wp-content\/uploads\/2022\/05\/Sestavy-hlavni-vyberova-obrazovka.jpg\",\"datePublished\":\"2022-05-20T08:23:43+00:00\",\"dateModified\":\"2022-05-20T09:08:01+00:00\",\"description\":\"Software pro knihkupce - Software pro distributory a nakladatele knih - B2B pro distributory a akladatele - E-Shopy Knihy\",\"breadcrumb\":{\"@id\":\"https:\/\/betaz.cz\/index.php\/modul-sestavy\/#breadcrumb\"},\"inLanguage\":\"cs\",\"potentialAction\":[{\"@type\":\"ReadAction\",\"target\":[\"https:\/\/betaz.cz\/index.php\/modul-sestavy\/\"]}]},{\"@type\":\"ImageObject\",\"inLanguage\":\"cs\",\"@id\":\"https:\/\/betaz.cz\/index.php\/modul-sestavy\/#primaryimage\",\"url\":\"https:\/\/betaz.cz\/wp-content\/uploads\/2022\/05\/Sestavy-hlavni-vyberova-obrazovka.jpg\",\"contentUrl\":\"https:\/\/betaz.cz\/wp-content\/uploads\/2022\/05\/Sestavy-hlavni-vyberova-obrazovka.jpg\",\"width\":1920,\"height\":940},{\"@type\":\"BreadcrumbList\",\"@id\":\"https:\/\/betaz.cz\/index.php\/modul-sestavy\/#breadcrumb\",\"itemListElement\":[{\"@type\":\"ListItem\",\"position\":1,\"name\":\"Dom\u016f\",\"item\":\"https:\/\/betaz.cz\/\"},{\"@type\":\"ListItem\",\"position\":2,\"name\":\"Modul Sestavy\"}]},{\"@type\":\"WebSite\",\"@id\":\"https:\/\/betaz.cz\/#website\",\"url\":\"https:\/\/betaz.cz\/\",\"name\":\"BetaZ.cz - Knihkupeck\u00fd software | Knihkupci | Distributo\u0159i knih | Nakladatelstv\u00ed | E-shopy | B2B |\",\"description\":\"Nejpou\u017e\u00edvan\u011bj\u0161\u00ed software pro knihkupce\",\"publisher\":{\"@id\":\"https:\/\/betaz.cz\/#organization\"},\"potentialAction\":[{\"@type\":\"SearchAction\",\"target\":{\"@type\":\"EntryPoint\",\"urlTemplate\":\"https:\/\/betaz.cz\/?s={search_term_string}\"},\"query-input\":{\"@type\":\"PropertyValueSpecification\",\"valueRequired\":true,\"valueName\":\"search_term_string\"}}],\"inLanguage\":\"cs\"},{\"@type\":\"Organization\",\"@id\":\"https:\/\/betaz.cz\/#organization\",\"name\":\"BetaZ.cz s.r.o.\",\"url\":\"https:\/\/betaz.cz\/\",\"logo\":{\"@type\":\"ImageObject\",\"inLanguage\":\"cs\",\"@id\":\"https:\/\/betaz.cz\/#\/schema\/logo\/image\/\",\"url\":\"https:\/\/betaz.cz\/wp-content\/uploads\/2021\/04\/BetaZLOGOcerne.png\",\"contentUrl\":\"https:\/\/betaz.cz\/wp-content\/uploads\/2021\/04\/BetaZLOGOcerne.png\",\"width\":971,\"height\":159,\"caption\":\"BetaZ.cz s.r.o.\"},\"image\":{\"@id\":\"https:\/\/betaz.cz\/#\/schema\/logo\/image\/\"}}]}<\/script>\n<!-- \/ Yoast SEO plugin. -->","yoast_head_json":{"title":"Modul Sestavy - BetaZ.cz - Knihkupeck\u00fd software | Knihkupci | Distributo\u0159i knih | Nakladatelstv\u00ed | E-shopy | B2B |","description":"Software pro knihkupce - Software pro distributory a nakladatele knih - B2B pro distributory a akladatele - E-Shopy Knihy","robots":{"index":"index","follow":"follow","max-snippet":"max-snippet:-1","max-image-preview":"max-image-preview:large","max-video-preview":"max-video-preview:-1"},"canonical":"https:\/\/betaz.cz\/index.php\/modul-sestavy\/","og_locale":"cs_CZ","og_type":"article","og_title":"Modul Sestavy - BetaZ.cz - Knihkupeck\u00fd software | Knihkupci | Distributo\u0159i knih | Nakladatelstv\u00ed | E-shopy | B2B |","og_description":"Software pro knihkupce - Software pro distributory a nakladatele knih - B2B pro distributory a akladatele - E-Shopy Knihy","og_url":"https:\/\/betaz.cz\/index.php\/modul-sestavy\/","og_site_name":"BetaZ.cz - Knihkupeck\u00fd software | Knihkupci | Distributo\u0159i knih | Nakladatelstv\u00ed | E-shopy | B2B |","article_modified_time":"2022-05-20T09:08:01+00:00","og_image":[{"url":"https:\/\/betaz.cz\/wp-content\/uploads\/2022\/05\/Sestavy-hlavni-vyberova-obrazovka.jpg"}],"twitter_card":"summary_large_image","twitter_misc":{"Odhadovan\u00e1 doba \u010dten\u00ed":"2 minuty"},"schema":{"@context":"https:\/\/schema.org","@graph":[{"@type":"WebPage","@id":"https:\/\/betaz.cz\/index.php\/modul-sestavy\/","url":"https:\/\/betaz.cz\/index.php\/modul-sestavy\/","name":"Modul Sestavy - BetaZ.cz - Knihkupeck\u00fd software | Knihkupci | Distributo\u0159i knih | Nakladatelstv\u00ed | E-shopy | B2B |","isPartOf":{"@id":"https:\/\/betaz.cz\/#website"},"primaryImageOfPage":{"@id":"https:\/\/betaz.cz\/index.php\/modul-sestavy\/#primaryimage"},"image":{"@id":"https:\/\/betaz.cz\/index.php\/modul-sestavy\/#primaryimage"},"thumbnailUrl":"https:\/\/betaz.cz\/wp-content\/uploads\/2022\/05\/Sestavy-hlavni-vyberova-obrazovka.jpg","datePublished":"2022-05-20T08:23:43+00:00","dateModified":"2022-05-20T09:08:01+00:00","description":"Software pro knihkupce - Software pro distributory a nakladatele knih - B2B pro distributory a akladatele - E-Shopy Knihy","breadcrumb":{"@id":"https:\/\/betaz.cz\/index.php\/modul-sestavy\/#breadcrumb"},"inLanguage":"cs","potentialAction":[{"@type":"ReadAction","target":["https:\/\/betaz.cz\/index.php\/modul-sestavy\/"]}]},{"@type":"ImageObject","inLanguage":"cs","@id":"https:\/\/betaz.cz\/index.php\/modul-sestavy\/#primaryimage","url":"https:\/\/betaz.cz\/wp-content\/uploads\/2022\/05\/Sestavy-hlavni-vyberova-obrazovka.jpg","contentUrl":"https:\/\/betaz.cz\/wp-content\/uploads\/2022\/05\/Sestavy-hlavni-vyberova-obrazovka.jpg","width":1920,"height":940},{"@type":"BreadcrumbList","@id":"https:\/\/betaz.cz\/index.php\/modul-sestavy\/#breadcrumb","itemListElement":[{"@type":"ListItem","position":1,"name":"Dom\u016f","item":"https:\/\/betaz.cz\/"},{"@type":"ListItem","position":2,"name":"Modul Sestavy"}]},{"@type":"WebSite","@id":"https:\/\/betaz.cz\/#website","url":"https:\/\/betaz.cz\/","name":"BetaZ.cz - Knihkupeck\u00fd software | Knihkupci | Distributo\u0159i knih | Nakladatelstv\u00ed | E-shopy | B2B |","description":"Nejpou\u017e\u00edvan\u011bj\u0161\u00ed software pro knihkupce","publisher":{"@id":"https:\/\/betaz.cz\/#organization"},"potentialAction":[{"@type":"SearchAction","target":{"@type":"EntryPoint","urlTemplate":"https:\/\/betaz.cz\/?s={search_term_string}"},"query-input":{"@type":"PropertyValueSpecification","valueRequired":true,"valueName":"search_term_string"}}],"inLanguage":"cs"},{"@type":"Organization","@id":"https:\/\/betaz.cz\/#organization","name":"BetaZ.cz s.r.o.","url":"https:\/\/betaz.cz\/","logo":{"@type":"ImageObject","inLanguage":"cs","@id":"https:\/\/betaz.cz\/#\/schema\/logo\/image\/","url":"https:\/\/betaz.cz\/wp-content\/uploads\/2021\/04\/BetaZLOGOcerne.png","contentUrl":"https:\/\/betaz.cz\/wp-content\/uploads\/2021\/04\/BetaZLOGOcerne.png","width":971,"height":159,"caption":"BetaZ.cz s.r.o."},"image":{"@id":"https:\/\/betaz.cz\/#\/schema\/logo\/image\/"}}]}},"_links":{"self":[{"href":"https:\/\/betaz.cz\/index.php\/wp-json\/wp\/v2\/pages\/2626"}],"collection":[{"href":"https:\/\/betaz.cz\/index.php\/wp-json\/wp\/v2\/pages"}],"about":[{"href":"https:\/\/betaz.cz\/index.php\/wp-json\/wp\/v2\/types\/page"}],"author":[{"embeddable":true,"href":"https:\/\/betaz.cz\/index.php\/wp-json\/wp\/v2\/users\/1"}],"replies":[{"embeddable":true,"href":"https:\/\/betaz.cz\/index.php\/wp-json\/wp\/v2\/comments?post=2626"}],"version-history":[{"count":6,"href":"https:\/\/betaz.cz\/index.php\/wp-json\/wp\/v2\/pages\/2626\/revisions"}],"predecessor-version":[{"id":2639,"href":"https:\/\/betaz.cz\/index.php\/wp-json\/wp\/v2\/pages\/2626\/revisions\/2639"}],"wp:attachment":[{"href":"https:\/\/betaz.cz\/index.php\/wp-json\/wp\/v2\/media?parent=2626"}],"curies":[{"name":"wp","href":"https:\/\/api.w.org\/{rel}","templated":true}]}}