{"id":2508,"date":"2022-02-10T13:24:02","date_gmt":"2022-02-10T12:24:02","guid":{"rendered":"https:\/\/betaz.cz\/?page_id=2508"},"modified":"2022-02-11T11:25:03","modified_gmt":"2022-02-11T10:25:03","slug":"multiplatforma","status":"publish","type":"page","link":"https:\/\/betaz.cz\/index.php\/multiplatforma\/","title":{"rendered":"Multiplatforma"},"content":{"rendered":"<h2 class=\"has-text-align-center has-luminous-vivid-orange-color has-text-color wp-block-heading\"><strong>Propojen\u00ed v\u00edce pobo\u010dek, prodejen, \u0159et\u011bzc\u016f ? \u017d\u00e1dn\u00fd probl\u00e9m !<\/strong><\/h2><p class=\"has-text-align-center\">Syst\u00e9m <strong>SHERPA<\/strong> je navr\u017een tak, aby umo\u017e\u0148oval pr\u00e1ci centr\u00e1ly spole\u010dnosti a sou\u010dasn\u011b pr\u00e1ci pobo\u010dek sklad\u016f nebo prodejen jako vzd\u00e1len\u00fdch pracovi\u0161\u0165. Podm\u00ednkou extern\u00ed pr\u00e1ce je jen dostupnost dostate\u010dn\u011b rychl\u00e9ho internetu.<\/p><p class=\"has-text-align-center\">Za extern\u00ed pobo\u010dky lze pova\u017eovat samoz\u0159ejm\u011b i prodejnu v\u011bt\u0161\u00edho rozsahu s n\u011bkolika pokladnami ( nen\u00ed omezeno ) centr\u00e1ln\u011b spravovan\u00fdmi vedouc\u00edm nebo mana\u017eerem.<\/p><p class=\"has-text-align-center\">Paraleln\u011b provozujeme i pobo\u010dky \u010cesk\u00e1 republika versus Slovensk\u00e1 republika, anebo obchodn\u00ed \u0159et\u011bzce.<\/p><h2 class=\"has-text-align-center wp-block-heading\">P\u0159\u00edpadov\u00e1 studie<\/h2><p class=\"has-text-align-center\">Tato p\u0159\u00edpadov\u00e1 studie demonstruje na\u0161eho z\u00e1kazn\u00edka kter\u00fd je distributorem a z\u00e1rove\u0148 provozuje vlastn\u00ed kamennou prodejnu a eshop s vyu\u017eit\u00edm kompletn\u00edho bal\u00edku SHERPA, v kombinaci s B2B -Sherpa, a vyu\u017eit\u00edm extern\u00edho eshopu. Jak je z obr\u00e1zku z\u0159ejm\u00e9 Superv\u00edzor s maxim\u00e1ln\u00edmi pr\u00e1vy m\u00e1 pod kontrolou jak odd\u011blen\u00ed maloobchodn\u00ed prodejny, tak eshopu, tak  odd\u011blen\u00ed B2B, skladu a expedice.<\/p><figure class=\"wp-block-gallery aligncenter columns-1 is-cropped wp-block-gallery-1 is-layout-flex wp-block-gallery-is-layout-flex\"><ul class=\"blocks-gallery-grid\"><li class=\"blocks-gallery-item\"><figure><a href=\"https:\/\/betaz.cz\/index.php\/knihkupecky-software2\/sherpa-cloud10\/\"><img fetchpriority=\"high\" decoding=\"async\" width=\"1550\" height=\"1210\" src=\"https:\/\/betaz.cz\/wp-content\/uploads\/2021\/05\/Sherpa-cloud10.png\" alt=\"\" data-id=\"413\" data-full-url=\"https:\/\/betaz.cz\/wp-content\/uploads\/2021\/05\/Sherpa-cloud10.png\" data-link=\"https:\/\/betaz.cz\/index.php\/knihkupecky-software2\/sherpa-cloud10\/\" class=\"wp-image-413\" srcset=\"https:\/\/betaz.cz\/wp-content\/uploads\/2021\/05\/Sherpa-cloud10.png 1550w, https:\/\/betaz.cz\/wp-content\/uploads\/2021\/05\/Sherpa-cloud10-300x234.png 300w, https:\/\/betaz.cz\/wp-content\/uploads\/2021\/05\/Sherpa-cloud10-600x468.png 600w, https:\/\/betaz.cz\/wp-content\/uploads\/2021\/05\/Sherpa-cloud10-1024x799.png 1024w, https:\/\/betaz.cz\/wp-content\/uploads\/2021\/05\/Sherpa-cloud10-768x600.png 768w, https:\/\/betaz.cz\/wp-content\/uploads\/2021\/05\/Sherpa-cloud10-1536x1199.png 1536w\" sizes=\"(max-width: 1550px) 100vw, 1550px\" \/><\/a><\/figure><\/li><\/ul><\/figure>","protected":false},"excerpt":{"rendered":"<p>Propojen\u00ed v\u00edce pobo\u010dek, prodejen, \u0159et\u011bzc\u016f ? \u017d\u00e1dn\u00fd probl\u00e9m ! Syst\u00e9m SHERPA je navr\u017een tak, aby umo\u017e\u0148oval pr\u00e1ci centr\u00e1ly spole\u010dnosti a sou\u010dasn\u011b pr\u00e1ci pobo\u010dek sklad\u016f nebo prodejen jako vzd\u00e1len\u00fdch pracovi\u0161\u0165. Podm\u00ednkou extern\u00ed pr\u00e1ce je jen dostupnost dostate\u010dn\u011b rychl\u00e9ho internetu. Za extern\u00ed pobo\u010dky lze pova\u017eovat samoz\u0159ejm\u011b i prodejnu v\u011bt\u0161\u00edho rozsahu s n\u011bkolika pokladnami ( nen\u00ed omezeno ) [&hellip;]<\/p>\n","protected":false},"author":1,"featured_media":0,"parent":0,"menu_order":0,"comment_status":"closed","ping_status":"closed","template":"","meta":{"_regular_price":[],"currency_symbol":[],"footnotes":""},"class_list":["post-2508","page","type-page","status-publish","hentry"],"post_slider_layout_featured_media_urls":{"thumbnail":"","post_slider_layout_landscape_large":"","post_slider_layout_portrait_large":"","post_slider_layout_square_large":"","post_slider_layout_landscape":"","post_slider_layout_portrait":"","post_slider_layout_square":"","full":""},"yoast_head":"<!-- This site is optimized with the Yoast SEO plugin v23.4 - https:\/\/yoast.com\/wordpress\/plugins\/seo\/ -->\n<title>Multiplatforma - BetaZ.cz - Knihkupeck\u00fd software | Knihkupci | Distributo\u0159i knih | Nakladatelstv\u00ed | E-shopy | B2B |<\/title>\n<meta name=\"description\" content=\"Software pro knihkupce - Software pro distributory a nakladatele knih - B2B pro distributory a akladatele - E-Shopy Knihy\" \/>\n<meta name=\"robots\" content=\"index, follow, max-snippet:-1, max-image-preview:large, max-video-preview:-1\" \/>\n<link rel=\"canonical\" href=\"https:\/\/betaz.cz\/index.php\/multiplatforma\/\" \/>\n<meta property=\"og:locale\" content=\"cs_CZ\" \/>\n<meta property=\"og:type\" content=\"article\" \/>\n<meta property=\"og:title\" content=\"Multiplatforma - BetaZ.cz - Knihkupeck\u00fd software | Knihkupci | Distributo\u0159i knih | Nakladatelstv\u00ed | E-shopy | B2B |\" \/>\n<meta property=\"og:description\" content=\"Software pro knihkupce - Software pro distributory a nakladatele knih - B2B pro distributory a akladatele - E-Shopy Knihy\" \/>\n<meta property=\"og:url\" content=\"https:\/\/betaz.cz\/index.php\/multiplatforma\/\" \/>\n<meta property=\"og:site_name\" content=\"BetaZ.cz - Knihkupeck\u00fd software | Knihkupci | Distributo\u0159i knih | Nakladatelstv\u00ed | E-shopy | B2B |\" \/>\n<meta property=\"article:modified_time\" content=\"2022-02-11T10:25:03+00:00\" \/>\n<meta property=\"og:image\" content=\"https:\/\/betaz.cz\/wp-content\/uploads\/2021\/05\/Sherpa-cloud10.png\" \/>\n<meta name=\"twitter:card\" content=\"summary_large_image\" \/>\n<meta name=\"twitter:label1\" content=\"Odhadovan\u00e1 doba \u010dten\u00ed\" \/>\n\t<meta name=\"twitter:data1\" content=\"1 minuta\" \/>\n<script type=\"application\/ld+json\" class=\"yoast-schema-graph\">{\"@context\":\"https:\/\/schema.org\",\"@graph\":[{\"@type\":\"WebPage\",\"@id\":\"https:\/\/betaz.cz\/index.php\/multiplatforma\/\",\"url\":\"https:\/\/betaz.cz\/index.php\/multiplatforma\/\",\"name\":\"Multiplatforma - BetaZ.cz - Knihkupeck\u00fd software | Knihkupci | Distributo\u0159i knih | Nakladatelstv\u00ed | E-shopy | B2B |\",\"isPartOf\":{\"@id\":\"https:\/\/betaz.cz\/#website\"},\"primaryImageOfPage\":{\"@id\":\"https:\/\/betaz.cz\/index.php\/multiplatforma\/#primaryimage\"},\"image\":{\"@id\":\"https:\/\/betaz.cz\/index.php\/multiplatforma\/#primaryimage\"},\"thumbnailUrl\":\"https:\/\/betaz.cz\/wp-content\/uploads\/2021\/05\/Sherpa-cloud10.png\",\"datePublished\":\"2022-02-10T12:24:02+00:00\",\"dateModified\":\"2022-02-11T10:25:03+00:00\",\"description\":\"Software pro knihkupce - Software pro distributory a nakladatele knih - B2B pro distributory a akladatele - E-Shopy Knihy\",\"breadcrumb\":{\"@id\":\"https:\/\/betaz.cz\/index.php\/multiplatforma\/#breadcrumb\"},\"inLanguage\":\"cs\",\"potentialAction\":[{\"@type\":\"ReadAction\",\"target\":[\"https:\/\/betaz.cz\/index.php\/multiplatforma\/\"]}]},{\"@type\":\"ImageObject\",\"inLanguage\":\"cs\",\"@id\":\"https:\/\/betaz.cz\/index.php\/multiplatforma\/#primaryimage\",\"url\":\"https:\/\/betaz.cz\/wp-content\/uploads\/2021\/05\/Sherpa-cloud10.png\",\"contentUrl\":\"https:\/\/betaz.cz\/wp-content\/uploads\/2021\/05\/Sherpa-cloud10.png\",\"width\":1550,\"height\":1210},{\"@type\":\"BreadcrumbList\",\"@id\":\"https:\/\/betaz.cz\/index.php\/multiplatforma\/#breadcrumb\",\"itemListElement\":[{\"@type\":\"ListItem\",\"position\":1,\"name\":\"Dom\u016f\",\"item\":\"https:\/\/betaz.cz\/\"},{\"@type\":\"ListItem\",\"position\":2,\"name\":\"Multiplatforma\"}]},{\"@type\":\"WebSite\",\"@id\":\"https:\/\/betaz.cz\/#website\",\"url\":\"https:\/\/betaz.cz\/\",\"name\":\"BetaZ.cz - Knihkupeck\u00fd software | Knihkupci | Distributo\u0159i knih | Nakladatelstv\u00ed | E-shopy | B2B |\",\"description\":\"Nejpou\u017e\u00edvan\u011bj\u0161\u00ed software pro knihkupce\",\"publisher\":{\"@id\":\"https:\/\/betaz.cz\/#organization\"},\"potentialAction\":[{\"@type\":\"SearchAction\",\"target\":{\"@type\":\"EntryPoint\",\"urlTemplate\":\"https:\/\/betaz.cz\/?s={search_term_string}\"},\"query-input\":{\"@type\":\"PropertyValueSpecification\",\"valueRequired\":true,\"valueName\":\"search_term_string\"}}],\"inLanguage\":\"cs\"},{\"@type\":\"Organization\",\"@id\":\"https:\/\/betaz.cz\/#organization\",\"name\":\"BetaZ.cz s.r.o.\",\"url\":\"https:\/\/betaz.cz\/\",\"logo\":{\"@type\":\"ImageObject\",\"inLanguage\":\"cs\",\"@id\":\"https:\/\/betaz.cz\/#\/schema\/logo\/image\/\",\"url\":\"https:\/\/betaz.cz\/wp-content\/uploads\/2021\/04\/BetaZLOGOcerne.png\",\"contentUrl\":\"https:\/\/betaz.cz\/wp-content\/uploads\/2021\/04\/BetaZLOGOcerne.png\",\"width\":971,\"height\":159,\"caption\":\"BetaZ.cz s.r.o.\"},\"image\":{\"@id\":\"https:\/\/betaz.cz\/#\/schema\/logo\/image\/\"}}]}<\/script>\n<!-- \/ Yoast SEO plugin. -->","yoast_head_json":{"title":"Multiplatforma - BetaZ.cz - Knihkupeck\u00fd software | Knihkupci | Distributo\u0159i knih | Nakladatelstv\u00ed | E-shopy | B2B |","description":"Software pro knihkupce - Software pro distributory a nakladatele knih - B2B pro distributory a akladatele - E-Shopy Knihy","robots":{"index":"index","follow":"follow","max-snippet":"max-snippet:-1","max-image-preview":"max-image-preview:large","max-video-preview":"max-video-preview:-1"},"canonical":"https:\/\/betaz.cz\/index.php\/multiplatforma\/","og_locale":"cs_CZ","og_type":"article","og_title":"Multiplatforma - BetaZ.cz - Knihkupeck\u00fd software | Knihkupci | Distributo\u0159i knih | Nakladatelstv\u00ed | E-shopy | B2B |","og_description":"Software pro knihkupce - Software pro distributory a nakladatele knih - B2B pro distributory a akladatele - E-Shopy Knihy","og_url":"https:\/\/betaz.cz\/index.php\/multiplatforma\/","og_site_name":"BetaZ.cz - Knihkupeck\u00fd software | Knihkupci | Distributo\u0159i knih | Nakladatelstv\u00ed | E-shopy | B2B |","article_modified_time":"2022-02-11T10:25:03+00:00","og_image":[{"url":"https:\/\/betaz.cz\/wp-content\/uploads\/2021\/05\/Sherpa-cloud10.png"}],"twitter_card":"summary_large_image","twitter_misc":{"Odhadovan\u00e1 doba \u010dten\u00ed":"1 minuta"},"schema":{"@context":"https:\/\/schema.org","@graph":[{"@type":"WebPage","@id":"https:\/\/betaz.cz\/index.php\/multiplatforma\/","url":"https:\/\/betaz.cz\/index.php\/multiplatforma\/","name":"Multiplatforma - BetaZ.cz - Knihkupeck\u00fd software | Knihkupci | Distributo\u0159i knih | Nakladatelstv\u00ed | E-shopy | B2B |","isPartOf":{"@id":"https:\/\/betaz.cz\/#website"},"primaryImageOfPage":{"@id":"https:\/\/betaz.cz\/index.php\/multiplatforma\/#primaryimage"},"image":{"@id":"https:\/\/betaz.cz\/index.php\/multiplatforma\/#primaryimage"},"thumbnailUrl":"https:\/\/betaz.cz\/wp-content\/uploads\/2021\/05\/Sherpa-cloud10.png","datePublished":"2022-02-10T12:24:02+00:00","dateModified":"2022-02-11T10:25:03+00:00","description":"Software pro knihkupce - Software pro distributory a nakladatele knih - B2B pro distributory a akladatele - E-Shopy Knihy","breadcrumb":{"@id":"https:\/\/betaz.cz\/index.php\/multiplatforma\/#breadcrumb"},"inLanguage":"cs","potentialAction":[{"@type":"ReadAction","target":["https:\/\/betaz.cz\/index.php\/multiplatforma\/"]}]},{"@type":"ImageObject","inLanguage":"cs","@id":"https:\/\/betaz.cz\/index.php\/multiplatforma\/#primaryimage","url":"https:\/\/betaz.cz\/wp-content\/uploads\/2021\/05\/Sherpa-cloud10.png","contentUrl":"https:\/\/betaz.cz\/wp-content\/uploads\/2021\/05\/Sherpa-cloud10.png","width":1550,"height":1210},{"@type":"BreadcrumbList","@id":"https:\/\/betaz.cz\/index.php\/multiplatforma\/#breadcrumb","itemListElement":[{"@type":"ListItem","position":1,"name":"Dom\u016f","item":"https:\/\/betaz.cz\/"},{"@type":"ListItem","position":2,"name":"Multiplatforma"}]},{"@type":"WebSite","@id":"https:\/\/betaz.cz\/#website","url":"https:\/\/betaz.cz\/","name":"BetaZ.cz - Knihkupeck\u00fd software | Knihkupci | Distributo\u0159i knih | Nakladatelstv\u00ed | E-shopy | B2B |","description":"Nejpou\u017e\u00edvan\u011bj\u0161\u00ed software pro knihkupce","publisher":{"@id":"https:\/\/betaz.cz\/#organization"},"potentialAction":[{"@type":"SearchAction","target":{"@type":"EntryPoint","urlTemplate":"https:\/\/betaz.cz\/?s={search_term_string}"},"query-input":{"@type":"PropertyValueSpecification","valueRequired":true,"valueName":"search_term_string"}}],"inLanguage":"cs"},{"@type":"Organization","@id":"https:\/\/betaz.cz\/#organization","name":"BetaZ.cz s.r.o.","url":"https:\/\/betaz.cz\/","logo":{"@type":"ImageObject","inLanguage":"cs","@id":"https:\/\/betaz.cz\/#\/schema\/logo\/image\/","url":"https:\/\/betaz.cz\/wp-content\/uploads\/2021\/04\/BetaZLOGOcerne.png","contentUrl":"https:\/\/betaz.cz\/wp-content\/uploads\/2021\/04\/BetaZLOGOcerne.png","width":971,"height":159,"caption":"BetaZ.cz s.r.o."},"image":{"@id":"https:\/\/betaz.cz\/#\/schema\/logo\/image\/"}}]}},"_links":{"self":[{"href":"https:\/\/betaz.cz\/index.php\/wp-json\/wp\/v2\/pages\/2508"}],"collection":[{"href":"https:\/\/betaz.cz\/index.php\/wp-json\/wp\/v2\/pages"}],"about":[{"href":"https:\/\/betaz.cz\/index.php\/wp-json\/wp\/v2\/types\/page"}],"author":[{"embeddable":true,"href":"https:\/\/betaz.cz\/index.php\/wp-json\/wp\/v2\/users\/1"}],"replies":[{"embeddable":true,"href":"https:\/\/betaz.cz\/index.php\/wp-json\/wp\/v2\/comments?post=2508"}],"version-history":[{"count":5,"href":"https:\/\/betaz.cz\/index.php\/wp-json\/wp\/v2\/pages\/2508\/revisions"}],"predecessor-version":[{"id":2524,"href":"https:\/\/betaz.cz\/index.php\/wp-json\/wp\/v2\/pages\/2508\/revisions\/2524"}],"wp:attachment":[{"href":"https:\/\/betaz.cz\/index.php\/wp-json\/wp\/v2\/media?parent=2508"}],"curies":[{"name":"wp","href":"https:\/\/api.w.org\/{rel}","templated":true}]}}