{"id":2208,"date":"2022-02-02T13:59:10","date_gmt":"2022-02-02T12:59:10","guid":{"rendered":"https:\/\/betaz.cz\/?page_id=2208"},"modified":"2022-02-02T19:51:38","modified_gmt":"2022-02-02T18:51:38","slug":"modul-grafy","status":"publish","type":"page","link":"https:\/\/betaz.cz\/index.php\/modul-grafy\/","title":{"rendered":"Modul Grafy"},"content":{"rendered":"<div style=\"height:100px\" aria-hidden=\"true\" class=\"wp-block-spacer\"><\/div><h1 class=\"has-text-align-center has-luminous-vivid-orange-color has-text-color wp-block-heading\">M\u011bjte v\u017edy okam\u017eit\u00fd p\u0159ehled o sv\u00e9m podnik\u00e1n\u00ed<\/h1><p class=\"has-text-align-center\"><\/p><p class=\"has-text-align-center\">Modul Grafy je dal\u0161\u00edm mocn\u00fdm analytick\u00fdm n\u00e1strojem, kter\u00fd v podob\u011b grafu zobrazuje d\u016fle\u017eit\u00e9 analytick\u00e9 informace, jak ekonomick\u00e9ho, tak i \u00fa\u010detn\u00edho a  marketingov\u00e9ho charakteru. N\u00e1stroj umo\u017e\u0148uje velice rychle v \u010dasov\u011b voliteln\u00e9m rozsahu analyzovat data va\u0161eho podnik\u00e1n\u00ed, a umo\u017en\u00ed V\u00e1m se rychle rozhodovat co d\u011bl\u00e1te dob\u0159e a co je pot\u0159eba napravit. Tento modul je takt\u00e9\u017e velice \u017eiv\u00fd, proto\u017ee se st\u00e1le vyv\u00edj\u00ed na z\u00e1klad\u011b po\u017eadavk\u016f u\u017eivatel\u016f a zku\u0161enost\u00ed z provozu.<\/p><h2 class=\"has-text-align-center wp-block-heading\">Nejd\u016fle\u017eit\u011bj\u0161\u00ed vlastnosti modulu Grafy<\/h2><p class=\"has-text-align-center\">K nejd\u016fle\u017eit\u011bj\u0161\u00edm vlastnostem pat\u0159\u00ed mo\u017enost volby \u010dasov\u00e9ho obdob\u00ed za kter\u00e9 chceme vyhodnocovat od jednotliv\u00fdch rok\u016f, po\u010dtu m\u011bs\u00edc\u016f dozadu anebo t\u00fddn\u016f. Samoz\u0159ejm\u011b je mo\u017enost volby zobrazovan\u00fdch informac\u00ed, kter\u00e9 spolu souvis\u00ed. Roz\u0161\u00ed\u0159en\u00e9 mo\u017enosti graf\u016f budou v budoucnu sou\u010d\u00e1st\u00ed robustn\u00edho modulu Analytika, kter\u00fd p\u0159ipravujeme do produkce.<\/p><figure class=\"wp-block-gallery columns-1 is-cropped wp-block-gallery-1 is-layout-flex wp-block-gallery-is-layout-flex\"><ul class=\"blocks-gallery-grid\"><li class=\"blocks-gallery-item\"><figure><a href=\"https:\/\/betaz.cz\/?attachment_id=2210\"><img fetchpriority=\"high\" decoding=\"async\" width=\"1921\" height=\"946\" src=\"https:\/\/betaz.cz\/wp-content\/uploads\/2022\/02\/Snimek-obrazovky-2021-12-21-124433.jpg\" alt=\"\" data-id=\"2210\" data-full-url=\"https:\/\/betaz.cz\/wp-content\/uploads\/2022\/02\/Snimek-obrazovky-2021-12-21-124433.jpg\" data-link=\"https:\/\/betaz.cz\/?attachment_id=2210\" class=\"wp-image-2210\" srcset=\"https:\/\/betaz.cz\/wp-content\/uploads\/2022\/02\/Snimek-obrazovky-2021-12-21-124433.jpg 1921w, https:\/\/betaz.cz\/wp-content\/uploads\/2022\/02\/Snimek-obrazovky-2021-12-21-124433-300x148.jpg 300w, https:\/\/betaz.cz\/wp-content\/uploads\/2022\/02\/Snimek-obrazovky-2021-12-21-124433-1024x504.jpg 1024w, https:\/\/betaz.cz\/wp-content\/uploads\/2022\/02\/Snimek-obrazovky-2021-12-21-124433-768x378.jpg 768w, https:\/\/betaz.cz\/wp-content\/uploads\/2022\/02\/Snimek-obrazovky-2021-12-21-124433-1536x756.jpg 1536w, https:\/\/betaz.cz\/wp-content\/uploads\/2022\/02\/Snimek-obrazovky-2021-12-21-124433-600x295.jpg 600w\" sizes=\"(max-width: 1921px) 100vw, 1921px\" \/><\/a><figcaption class=\"blocks-gallery-item__caption\">P\u0159\u00edklad Grafick\u00e9ho zobrazen\u00ed v\u00fdvoje tr\u017eeb<\/figcaption><\/figure><\/li><\/ul><\/figure><p class=\"has-text-align-center\"><\/p><figure class=\"wp-block-gallery columns-1 is-cropped wp-block-gallery-2 is-layout-flex wp-block-gallery-is-layout-flex\"><ul class=\"blocks-gallery-grid\"><li class=\"blocks-gallery-item\"><figure><a href=\"https:\/\/betaz.cz\/index.php\/sherpa-5-0-specializovany-software-pro-knizni-trh\/snimek-obrazovky-2021-12-21-124546\/\"><img decoding=\"async\" width=\"1920\" height=\"949\" data-src=\"https:\/\/betaz.cz\/wp-content\/uploads\/2021\/12\/Snimek-obrazovky-2021-12-21-124546.jpg\" alt=\"\" data-id=\"1743\" data-full-url=\"https:\/\/betaz.cz\/wp-content\/uploads\/2021\/12\/Snimek-obrazovky-2021-12-21-124546.jpg\" data-link=\"https:\/\/betaz.cz\/index.php\/sherpa-5-0-specializovany-software-pro-knizni-trh\/snimek-obrazovky-2021-12-21-124546\/\" class=\"wp-image-1743 lazyload\" data-srcset=\"https:\/\/betaz.cz\/wp-content\/uploads\/2021\/12\/Snimek-obrazovky-2021-12-21-124546.jpg 1920w, https:\/\/betaz.cz\/wp-content\/uploads\/2021\/12\/Snimek-obrazovky-2021-12-21-124546-300x148.jpg 300w, https:\/\/betaz.cz\/wp-content\/uploads\/2021\/12\/Snimek-obrazovky-2021-12-21-124546-1024x506.jpg 1024w, https:\/\/betaz.cz\/wp-content\/uploads\/2021\/12\/Snimek-obrazovky-2021-12-21-124546-768x380.jpg 768w, https:\/\/betaz.cz\/wp-content\/uploads\/2021\/12\/Snimek-obrazovky-2021-12-21-124546-1536x759.jpg 1536w, https:\/\/betaz.cz\/wp-content\/uploads\/2021\/12\/Snimek-obrazovky-2021-12-21-124546-600x297.jpg 600w\" data-sizes=\"(max-width: 1920px) 100vw, 1920px\" src=\"data:image\/gif;base64,R0lGODlhAQABAAAAACH5BAEKAAEALAAAAAABAAEAAAICTAEAOw==\" style=\"--smush-placeholder-width: 1920px; --smush-placeholder-aspect-ratio: 1920\/949;\" \/><noscript><img decoding=\"async\" width=\"1920\" height=\"949\" src=\"https:\/\/betaz.cz\/wp-content\/uploads\/2021\/12\/Snimek-obrazovky-2021-12-21-124546.jpg\" alt=\"\" data-id=\"1743\" data-full-url=\"https:\/\/betaz.cz\/wp-content\/uploads\/2021\/12\/Snimek-obrazovky-2021-12-21-124546.jpg\" data-link=\"https:\/\/betaz.cz\/index.php\/sherpa-5-0-specializovany-software-pro-knizni-trh\/snimek-obrazovky-2021-12-21-124546\/\" class=\"wp-image-1743\" srcset=\"https:\/\/betaz.cz\/wp-content\/uploads\/2021\/12\/Snimek-obrazovky-2021-12-21-124546.jpg 1920w, https:\/\/betaz.cz\/wp-content\/uploads\/2021\/12\/Snimek-obrazovky-2021-12-21-124546-300x148.jpg 300w, https:\/\/betaz.cz\/wp-content\/uploads\/2021\/12\/Snimek-obrazovky-2021-12-21-124546-1024x506.jpg 1024w, https:\/\/betaz.cz\/wp-content\/uploads\/2021\/12\/Snimek-obrazovky-2021-12-21-124546-768x380.jpg 768w, https:\/\/betaz.cz\/wp-content\/uploads\/2021\/12\/Snimek-obrazovky-2021-12-21-124546-1536x759.jpg 1536w, https:\/\/betaz.cz\/wp-content\/uploads\/2021\/12\/Snimek-obrazovky-2021-12-21-124546-600x297.jpg 600w\" sizes=\"(max-width: 1920px) 100vw, 1920px\" \/><\/noscript><\/a><figcaption class=\"blocks-gallery-item__caption\">P\u0159\u00edklad grafick\u00e9ho zobrazen\u00ed nejprod\u00e1van\u011bj\u0161\u00edch titul\u016f<\/figcaption><\/figure><\/li><\/ul><\/figure>","protected":false},"excerpt":{"rendered":"<p>M\u011bjte v\u017edy okam\u017eit\u00fd p\u0159ehled o sv\u00e9m podnik\u00e1n\u00ed Modul Grafy je dal\u0161\u00edm mocn\u00fdm analytick\u00fdm n\u00e1strojem, kter\u00fd v podob\u011b grafu zobrazuje d\u016fle\u017eit\u00e9 analytick\u00e9 informace, jak ekonomick\u00e9ho, tak i \u00fa\u010detn\u00edho a marketingov\u00e9ho charakteru. N\u00e1stroj umo\u017e\u0148uje velice rychle v \u010dasov\u011b voliteln\u00e9m rozsahu analyzovat data va\u0161eho podnik\u00e1n\u00ed, a umo\u017en\u00ed V\u00e1m se rychle rozhodovat co d\u011bl\u00e1te dob\u0159e a co je pot\u0159eba [&hellip;]<\/p>\n","protected":false},"author":1,"featured_media":0,"parent":0,"menu_order":0,"comment_status":"closed","ping_status":"closed","template":"","meta":{"_regular_price":[],"currency_symbol":[],"footnotes":""},"class_list":["post-2208","page","type-page","status-publish","hentry"],"post_slider_layout_featured_media_urls":{"thumbnail":"","post_slider_layout_landscape_large":"","post_slider_layout_portrait_large":"","post_slider_layout_square_large":"","post_slider_layout_landscape":"","post_slider_layout_portrait":"","post_slider_layout_square":"","full":""},"yoast_head":"<!-- This site is optimized with the Yoast SEO plugin v23.4 - https:\/\/yoast.com\/wordpress\/plugins\/seo\/ -->\n<title>Modul Grafy - BetaZ.cz - Knihkupeck\u00fd software | Knihkupci | Distributo\u0159i knih | Nakladatelstv\u00ed | E-shopy | B2B |<\/title>\n<meta name=\"description\" content=\"Software pro knihkupce - Software pro distributory a nakladatele knih - B2B pro distributory a akladatele - E-Shopy Knihy\" \/>\n<meta name=\"robots\" content=\"index, follow, max-snippet:-1, max-image-preview:large, max-video-preview:-1\" \/>\n<link rel=\"canonical\" href=\"https:\/\/betaz.cz\/index.php\/modul-grafy\/\" \/>\n<meta property=\"og:locale\" content=\"cs_CZ\" \/>\n<meta property=\"og:type\" content=\"article\" \/>\n<meta property=\"og:title\" content=\"Modul Grafy - BetaZ.cz - Knihkupeck\u00fd software | Knihkupci | Distributo\u0159i knih | Nakladatelstv\u00ed | E-shopy | B2B |\" \/>\n<meta property=\"og:description\" content=\"Software pro knihkupce - Software pro distributory a nakladatele knih - B2B pro distributory a akladatele - E-Shopy Knihy\" \/>\n<meta property=\"og:url\" content=\"https:\/\/betaz.cz\/index.php\/modul-grafy\/\" \/>\n<meta property=\"og:site_name\" content=\"BetaZ.cz - Knihkupeck\u00fd software | Knihkupci | Distributo\u0159i knih | Nakladatelstv\u00ed | E-shopy | B2B |\" \/>\n<meta property=\"article:modified_time\" content=\"2022-02-02T18:51:38+00:00\" \/>\n<meta property=\"og:image\" content=\"https:\/\/betaz.cz\/wp-content\/uploads\/2022\/02\/Snimek-obrazovky-2021-12-21-124433.jpg\" \/>\n<meta name=\"twitter:card\" content=\"summary_large_image\" \/>\n<meta name=\"twitter:label1\" content=\"Odhadovan\u00e1 doba \u010dten\u00ed\" \/>\n\t<meta name=\"twitter:data1\" content=\"1 minuta\" \/>\n<script type=\"application\/ld+json\" class=\"yoast-schema-graph\">{\"@context\":\"https:\/\/schema.org\",\"@graph\":[{\"@type\":\"WebPage\",\"@id\":\"https:\/\/betaz.cz\/index.php\/modul-grafy\/\",\"url\":\"https:\/\/betaz.cz\/index.php\/modul-grafy\/\",\"name\":\"Modul Grafy - BetaZ.cz - Knihkupeck\u00fd software | Knihkupci | Distributo\u0159i knih | Nakladatelstv\u00ed | E-shopy | B2B |\",\"isPartOf\":{\"@id\":\"https:\/\/betaz.cz\/#website\"},\"primaryImageOfPage\":{\"@id\":\"https:\/\/betaz.cz\/index.php\/modul-grafy\/#primaryimage\"},\"image\":{\"@id\":\"https:\/\/betaz.cz\/index.php\/modul-grafy\/#primaryimage\"},\"thumbnailUrl\":\"https:\/\/betaz.cz\/wp-content\/uploads\/2022\/02\/Snimek-obrazovky-2021-12-21-124433.jpg\",\"datePublished\":\"2022-02-02T12:59:10+00:00\",\"dateModified\":\"2022-02-02T18:51:38+00:00\",\"description\":\"Software pro knihkupce - Software pro distributory a nakladatele knih - B2B pro distributory a akladatele - E-Shopy Knihy\",\"breadcrumb\":{\"@id\":\"https:\/\/betaz.cz\/index.php\/modul-grafy\/#breadcrumb\"},\"inLanguage\":\"cs\",\"potentialAction\":[{\"@type\":\"ReadAction\",\"target\":[\"https:\/\/betaz.cz\/index.php\/modul-grafy\/\"]}]},{\"@type\":\"ImageObject\",\"inLanguage\":\"cs\",\"@id\":\"https:\/\/betaz.cz\/index.php\/modul-grafy\/#primaryimage\",\"url\":\"https:\/\/betaz.cz\/wp-content\/uploads\/2022\/02\/Snimek-obrazovky-2021-12-21-124433.jpg\",\"contentUrl\":\"https:\/\/betaz.cz\/wp-content\/uploads\/2022\/02\/Snimek-obrazovky-2021-12-21-124433.jpg\",\"width\":1921,\"height\":946},{\"@type\":\"BreadcrumbList\",\"@id\":\"https:\/\/betaz.cz\/index.php\/modul-grafy\/#breadcrumb\",\"itemListElement\":[{\"@type\":\"ListItem\",\"position\":1,\"name\":\"Dom\u016f\",\"item\":\"https:\/\/betaz.cz\/\"},{\"@type\":\"ListItem\",\"position\":2,\"name\":\"Modul Grafy\"}]},{\"@type\":\"WebSite\",\"@id\":\"https:\/\/betaz.cz\/#website\",\"url\":\"https:\/\/betaz.cz\/\",\"name\":\"BetaZ.cz - Knihkupeck\u00fd software | Knihkupci | Distributo\u0159i knih | Nakladatelstv\u00ed | E-shopy | B2B |\",\"description\":\"Nejpou\u017e\u00edvan\u011bj\u0161\u00ed software pro knihkupce\",\"publisher\":{\"@id\":\"https:\/\/betaz.cz\/#organization\"},\"potentialAction\":[{\"@type\":\"SearchAction\",\"target\":{\"@type\":\"EntryPoint\",\"urlTemplate\":\"https:\/\/betaz.cz\/?s={search_term_string}\"},\"query-input\":{\"@type\":\"PropertyValueSpecification\",\"valueRequired\":true,\"valueName\":\"search_term_string\"}}],\"inLanguage\":\"cs\"},{\"@type\":\"Organization\",\"@id\":\"https:\/\/betaz.cz\/#organization\",\"name\":\"BetaZ.cz s.r.o.\",\"url\":\"https:\/\/betaz.cz\/\",\"logo\":{\"@type\":\"ImageObject\",\"inLanguage\":\"cs\",\"@id\":\"https:\/\/betaz.cz\/#\/schema\/logo\/image\/\",\"url\":\"https:\/\/betaz.cz\/wp-content\/uploads\/2021\/04\/BetaZLOGOcerne.png\",\"contentUrl\":\"https:\/\/betaz.cz\/wp-content\/uploads\/2021\/04\/BetaZLOGOcerne.png\",\"width\":971,\"height\":159,\"caption\":\"BetaZ.cz s.r.o.\"},\"image\":{\"@id\":\"https:\/\/betaz.cz\/#\/schema\/logo\/image\/\"}}]}<\/script>\n<!-- \/ Yoast SEO plugin. -->","yoast_head_json":{"title":"Modul Grafy - BetaZ.cz - Knihkupeck\u00fd software | Knihkupci | Distributo\u0159i knih | Nakladatelstv\u00ed | E-shopy | B2B |","description":"Software pro knihkupce - Software pro distributory a nakladatele knih - B2B pro distributory a akladatele - E-Shopy Knihy","robots":{"index":"index","follow":"follow","max-snippet":"max-snippet:-1","max-image-preview":"max-image-preview:large","max-video-preview":"max-video-preview:-1"},"canonical":"https:\/\/betaz.cz\/index.php\/modul-grafy\/","og_locale":"cs_CZ","og_type":"article","og_title":"Modul Grafy - BetaZ.cz - Knihkupeck\u00fd software | Knihkupci | Distributo\u0159i knih | Nakladatelstv\u00ed | E-shopy | B2B |","og_description":"Software pro knihkupce - Software pro distributory a nakladatele knih - B2B pro distributory a akladatele - E-Shopy Knihy","og_url":"https:\/\/betaz.cz\/index.php\/modul-grafy\/","og_site_name":"BetaZ.cz - Knihkupeck\u00fd software | Knihkupci | Distributo\u0159i knih | Nakladatelstv\u00ed | E-shopy | B2B |","article_modified_time":"2022-02-02T18:51:38+00:00","og_image":[{"url":"https:\/\/betaz.cz\/wp-content\/uploads\/2022\/02\/Snimek-obrazovky-2021-12-21-124433.jpg"}],"twitter_card":"summary_large_image","twitter_misc":{"Odhadovan\u00e1 doba \u010dten\u00ed":"1 minuta"},"schema":{"@context":"https:\/\/schema.org","@graph":[{"@type":"WebPage","@id":"https:\/\/betaz.cz\/index.php\/modul-grafy\/","url":"https:\/\/betaz.cz\/index.php\/modul-grafy\/","name":"Modul Grafy - BetaZ.cz - Knihkupeck\u00fd software | Knihkupci | Distributo\u0159i knih | Nakladatelstv\u00ed | E-shopy | B2B |","isPartOf":{"@id":"https:\/\/betaz.cz\/#website"},"primaryImageOfPage":{"@id":"https:\/\/betaz.cz\/index.php\/modul-grafy\/#primaryimage"},"image":{"@id":"https:\/\/betaz.cz\/index.php\/modul-grafy\/#primaryimage"},"thumbnailUrl":"https:\/\/betaz.cz\/wp-content\/uploads\/2022\/02\/Snimek-obrazovky-2021-12-21-124433.jpg","datePublished":"2022-02-02T12:59:10+00:00","dateModified":"2022-02-02T18:51:38+00:00","description":"Software pro knihkupce - Software pro distributory a nakladatele knih - B2B pro distributory a akladatele - E-Shopy Knihy","breadcrumb":{"@id":"https:\/\/betaz.cz\/index.php\/modul-grafy\/#breadcrumb"},"inLanguage":"cs","potentialAction":[{"@type":"ReadAction","target":["https:\/\/betaz.cz\/index.php\/modul-grafy\/"]}]},{"@type":"ImageObject","inLanguage":"cs","@id":"https:\/\/betaz.cz\/index.php\/modul-grafy\/#primaryimage","url":"https:\/\/betaz.cz\/wp-content\/uploads\/2022\/02\/Snimek-obrazovky-2021-12-21-124433.jpg","contentUrl":"https:\/\/betaz.cz\/wp-content\/uploads\/2022\/02\/Snimek-obrazovky-2021-12-21-124433.jpg","width":1921,"height":946},{"@type":"BreadcrumbList","@id":"https:\/\/betaz.cz\/index.php\/modul-grafy\/#breadcrumb","itemListElement":[{"@type":"ListItem","position":1,"name":"Dom\u016f","item":"https:\/\/betaz.cz\/"},{"@type":"ListItem","position":2,"name":"Modul Grafy"}]},{"@type":"WebSite","@id":"https:\/\/betaz.cz\/#website","url":"https:\/\/betaz.cz\/","name":"BetaZ.cz - Knihkupeck\u00fd software | Knihkupci | Distributo\u0159i knih | Nakladatelstv\u00ed | E-shopy | B2B |","description":"Nejpou\u017e\u00edvan\u011bj\u0161\u00ed software pro knihkupce","publisher":{"@id":"https:\/\/betaz.cz\/#organization"},"potentialAction":[{"@type":"SearchAction","target":{"@type":"EntryPoint","urlTemplate":"https:\/\/betaz.cz\/?s={search_term_string}"},"query-input":{"@type":"PropertyValueSpecification","valueRequired":true,"valueName":"search_term_string"}}],"inLanguage":"cs"},{"@type":"Organization","@id":"https:\/\/betaz.cz\/#organization","name":"BetaZ.cz s.r.o.","url":"https:\/\/betaz.cz\/","logo":{"@type":"ImageObject","inLanguage":"cs","@id":"https:\/\/betaz.cz\/#\/schema\/logo\/image\/","url":"https:\/\/betaz.cz\/wp-content\/uploads\/2021\/04\/BetaZLOGOcerne.png","contentUrl":"https:\/\/betaz.cz\/wp-content\/uploads\/2021\/04\/BetaZLOGOcerne.png","width":971,"height":159,"caption":"BetaZ.cz s.r.o."},"image":{"@id":"https:\/\/betaz.cz\/#\/schema\/logo\/image\/"}}]}},"_links":{"self":[{"href":"https:\/\/betaz.cz\/index.php\/wp-json\/wp\/v2\/pages\/2208"}],"collection":[{"href":"https:\/\/betaz.cz\/index.php\/wp-json\/wp\/v2\/pages"}],"about":[{"href":"https:\/\/betaz.cz\/index.php\/wp-json\/wp\/v2\/types\/page"}],"author":[{"embeddable":true,"href":"https:\/\/betaz.cz\/index.php\/wp-json\/wp\/v2\/users\/1"}],"replies":[{"embeddable":true,"href":"https:\/\/betaz.cz\/index.php\/wp-json\/wp\/v2\/comments?post=2208"}],"version-history":[{"count":3,"href":"https:\/\/betaz.cz\/index.php\/wp-json\/wp\/v2\/pages\/2208\/revisions"}],"predecessor-version":[{"id":2216,"href":"https:\/\/betaz.cz\/index.php\/wp-json\/wp\/v2\/pages\/2208\/revisions\/2216"}],"wp:attachment":[{"href":"https:\/\/betaz.cz\/index.php\/wp-json\/wp\/v2\/media?parent=2208"}],"curies":[{"name":"wp","href":"https:\/\/api.w.org\/{rel}","templated":true}]}}