{"id":2189,"date":"2022-02-01T19:11:57","date_gmt":"2022-02-01T18:11:57","guid":{"rendered":"https:\/\/betaz.cz\/?page_id=2189"},"modified":"2022-02-02T12:59:03","modified_gmt":"2022-02-02T11:59:03","slug":"modul-prehledy","status":"publish","type":"page","link":"https:\/\/betaz.cz\/index.php\/modul-prehledy\/","title":{"rendered":"Modul P\u0159ehledy"},"content":{"rendered":"<div style=\"height:100px\" aria-hidden=\"true\" class=\"wp-block-spacer\"><\/div><h1 class=\"has-text-align-center has-luminous-vivid-orange-color has-text-color wp-block-heading\"><strong>Z\u00edskejte okam\u017eit\u00fd p\u0159ehled o sv\u00fdch z\u00e1sob\u00e1ch, obchodn\u00edch aktivit\u00e1ch<\/strong> <strong>a dokladech<\/strong><\/h1><p class=\"has-text-align-center\"> Modul P\u0159ehledy, jak u\u017e s\u00e1m n\u00e1zev napov\u00edd\u00e1, slou\u017e\u00ed k rychl\u00e9 analytice p\u0159ehledu a stavu z\u00e1sob, a ostatn\u00edch doklad\u016f jako jsou z\u00e1vazky, pohled\u00e1vky, p\u0159\u00edjemky, p\u0159evodky, objedn\u00e1vky, p\u0159ece\u0148ov\u00e1n\u00ed, anal\u00fdzy duplicit v kart\u00e1ch, anal\u00fdza le\u017e\u00e1k\u016f, likvidace. Jedn\u00e1 se o z\u00e1kladn\u00ed analytick\u00fd modul, ke kter\u00e9mu v bl\u00edzk\u00e9m budoucnu p\u0159ibude samostatn\u00ed modul analytiky, kter\u00fd bude \u0159e\u0161it kompletn\u00ed anal\u00fdzu va\u0161eho podnik\u00e1n\u00ed. A to jak v sestav\u00e1ch tak i v grafick\u00e9 podob\u011b.<\/p><h2 class=\"has-text-align-center wp-block-heading\">Nejd\u016fle\u017eit\u011bj\u0161\u00ed vlastnosti modulu P\u0159ehledy<\/h2><p class=\"has-text-align-center\">K ned\u016fle\u017eit\u011bj\u0161\u00edm vlastnostem modulu pat\u0159\u00ed p\u0159epracovan\u00e9 vyhled\u00e1van\u00ed doklad\u016f a r\u016fzn\u00fdch ekonomick\u00fdch informac\u00ed jednotliv\u00fdch partner\u016f, podle kombinace r\u016fzn\u00fdch filtr\u016f, co\u017e v\u00fdrazn\u011b usnadn\u00ed a urychl\u00ed pr\u00e1ci vyhled\u00e1v\u00e1n\u00edm a administrac\u00ed. Samoz\u0159ejm\u011b syst\u00e9m interaktivn\u011b vyhled\u00e1v\u00e1 partnera u\u017e p\u0159i zad\u00e1v\u00e1n\u00ed n\u00e1zvu anebo jm\u00e9na partnera<\/p><p class=\"has-text-align-center\">V neposledn\u00ed \u0159ad\u011b je mo\u017enost upravovat si zobrazen\u00e9 sloupce tabulky dle vlastn\u00edch pot\u0159eb a referenc\u00ed, co\u017e znamen\u00e1 \u017ee se nikdy neztrat\u00edte v spleti informac\u00ed, kter\u00e9 nejsou pro v\u00e1s d\u016fle\u017eit\u00e9.<\/p><figure class=\"wp-block-gallery columns-1 is-cropped wp-block-gallery-1 is-layout-flex wp-block-gallery-is-layout-flex\"><ul class=\"blocks-gallery-grid\"><li class=\"blocks-gallery-item\"><figure><a href=\"https:\/\/betaz.cz\/?attachment_id=2193\"><img fetchpriority=\"high\" decoding=\"async\" width=\"1920\" height=\"944\" src=\"https:\/\/betaz.cz\/wp-content\/uploads\/2022\/02\/Prehledy-pohledavky.jpg\" alt=\"\" data-id=\"2193\" data-full-url=\"https:\/\/betaz.cz\/wp-content\/uploads\/2022\/02\/Prehledy-pohledavky.jpg\" data-link=\"https:\/\/betaz.cz\/?attachment_id=2193\" class=\"wp-image-2193\" srcset=\"https:\/\/betaz.cz\/wp-content\/uploads\/2022\/02\/Prehledy-pohledavky.jpg 1920w, https:\/\/betaz.cz\/wp-content\/uploads\/2022\/02\/Prehledy-pohledavky-300x148.jpg 300w, https:\/\/betaz.cz\/wp-content\/uploads\/2022\/02\/Prehledy-pohledavky-1024x503.jpg 1024w, https:\/\/betaz.cz\/wp-content\/uploads\/2022\/02\/Prehledy-pohledavky-768x378.jpg 768w, https:\/\/betaz.cz\/wp-content\/uploads\/2022\/02\/Prehledy-pohledavky-1536x755.jpg 1536w, https:\/\/betaz.cz\/wp-content\/uploads\/2022\/02\/Prehledy-pohledavky-600x295.jpg 600w\" sizes=\"(max-width: 1920px) 100vw, 1920px\" \/><\/a><figcaption class=\"blocks-gallery-item__caption\">P\u0159\u00edklad p\u0159ehledu pohled\u00e1vek<\/figcaption><\/figure><\/li><\/ul><\/figure><p class=\"has-text-align-center\">Velikou dev\u00edzou, kterou syst\u00e9m nab\u00edz\u00ed, je grafick\u00e9 zobrazen\u00ed v\u00fdvoje ekonomick\u00fdch \u00fadaj\u016f v r\u016fzn\u00fdch \u010dasov\u00fdch rozli\u0161en\u00edch, a to jak denn\u00ed tak i t\u00fddenn\u00ed, m\u011bs\u00ed\u010dn\u00ed anebo ro\u010dn\u00ed.<\/p><figure class=\"wp-block-gallery columns-1 is-cropped wp-block-gallery-2 is-layout-flex wp-block-gallery-is-layout-flex\"><ul class=\"blocks-gallery-grid\"><li class=\"blocks-gallery-item\"><figure><a href=\"https:\/\/betaz.cz\/index.php\/modul-prehledy\/prehled-grafy\/\"><img decoding=\"async\" width=\"1596\" height=\"799\" data-src=\"https:\/\/betaz.cz\/wp-content\/uploads\/2022\/02\/Prehled-grafy.jpg\" alt=\"\" data-id=\"2195\" data-full-url=\"https:\/\/betaz.cz\/wp-content\/uploads\/2022\/02\/Prehled-grafy.jpg\" data-link=\"https:\/\/betaz.cz\/index.php\/modul-prehledy\/prehled-grafy\/\" class=\"wp-image-2195 lazyload\" data-srcset=\"https:\/\/betaz.cz\/wp-content\/uploads\/2022\/02\/Prehled-grafy.jpg 1596w, https:\/\/betaz.cz\/wp-content\/uploads\/2022\/02\/Prehled-grafy-300x150.jpg 300w, https:\/\/betaz.cz\/wp-content\/uploads\/2022\/02\/Prehled-grafy-1024x513.jpg 1024w, https:\/\/betaz.cz\/wp-content\/uploads\/2022\/02\/Prehled-grafy-768x384.jpg 768w, https:\/\/betaz.cz\/wp-content\/uploads\/2022\/02\/Prehled-grafy-1536x769.jpg 1536w, https:\/\/betaz.cz\/wp-content\/uploads\/2022\/02\/Prehled-grafy-600x300.jpg 600w\" data-sizes=\"(max-width: 1596px) 100vw, 1596px\" src=\"data:image\/gif;base64,R0lGODlhAQABAAAAACH5BAEKAAEALAAAAAABAAEAAAICTAEAOw==\" style=\"--smush-placeholder-width: 1596px; --smush-placeholder-aspect-ratio: 1596\/799;\" \/><noscript><img decoding=\"async\" width=\"1596\" height=\"799\" src=\"https:\/\/betaz.cz\/wp-content\/uploads\/2022\/02\/Prehled-grafy.jpg\" alt=\"\" data-id=\"2195\" data-full-url=\"https:\/\/betaz.cz\/wp-content\/uploads\/2022\/02\/Prehled-grafy.jpg\" data-link=\"https:\/\/betaz.cz\/index.php\/modul-prehledy\/prehled-grafy\/\" class=\"wp-image-2195\" srcset=\"https:\/\/betaz.cz\/wp-content\/uploads\/2022\/02\/Prehled-grafy.jpg 1596w, https:\/\/betaz.cz\/wp-content\/uploads\/2022\/02\/Prehled-grafy-300x150.jpg 300w, https:\/\/betaz.cz\/wp-content\/uploads\/2022\/02\/Prehled-grafy-1024x513.jpg 1024w, https:\/\/betaz.cz\/wp-content\/uploads\/2022\/02\/Prehled-grafy-768x384.jpg 768w, https:\/\/betaz.cz\/wp-content\/uploads\/2022\/02\/Prehled-grafy-1536x769.jpg 1536w, https:\/\/betaz.cz\/wp-content\/uploads\/2022\/02\/Prehled-grafy-600x300.jpg 600w\" sizes=\"(max-width: 1596px) 100vw, 1596px\" \/><\/noscript><\/a><figcaption class=\"blocks-gallery-item__caption\">P\u0159\u00edklad grafick\u00e9ho zobrazen\u00ed pohled\u00e1vek<\/figcaption><\/figure><\/li><\/ul><\/figure>","protected":false},"excerpt":{"rendered":"<p>Z\u00edskejte okam\u017eit\u00fd p\u0159ehled o sv\u00fdch z\u00e1sob\u00e1ch, obchodn\u00edch aktivit\u00e1ch a dokladech Modul P\u0159ehledy, jak u\u017e s\u00e1m n\u00e1zev napov\u00edd\u00e1, slou\u017e\u00ed k rychl\u00e9 analytice p\u0159ehledu a stavu z\u00e1sob, a ostatn\u00edch doklad\u016f jako jsou z\u00e1vazky, pohled\u00e1vky, p\u0159\u00edjemky, p\u0159evodky, objedn\u00e1vky, p\u0159ece\u0148ov\u00e1n\u00ed, anal\u00fdzy duplicit v kart\u00e1ch, anal\u00fdza le\u017e\u00e1k\u016f, likvidace. Jedn\u00e1 se o z\u00e1kladn\u00ed analytick\u00fd modul, ke kter\u00e9mu v bl\u00edzk\u00e9m budoucnu p\u0159ibude [&hellip;]<\/p>\n","protected":false},"author":1,"featured_media":0,"parent":0,"menu_order":0,"comment_status":"closed","ping_status":"closed","template":"","meta":{"_regular_price":[],"currency_symbol":[],"footnotes":""},"class_list":["post-2189","page","type-page","status-publish","hentry"],"post_slider_layout_featured_media_urls":{"thumbnail":"","post_slider_layout_landscape_large":"","post_slider_layout_portrait_large":"","post_slider_layout_square_large":"","post_slider_layout_landscape":"","post_slider_layout_portrait":"","post_slider_layout_square":"","full":""},"yoast_head":"<!-- This site is optimized with the Yoast SEO plugin v23.4 - https:\/\/yoast.com\/wordpress\/plugins\/seo\/ -->\n<title>Modul P\u0159ehledy - BetaZ.cz - Knihkupeck\u00fd software | Knihkupci | Distributo\u0159i knih | Nakladatelstv\u00ed | E-shopy | B2B |<\/title>\n<meta name=\"description\" content=\"Software pro knihkupce - Software pro distributory a nakladatele knih - B2B pro distributory a akladatele - E-Shopy Knihy\" \/>\n<meta name=\"robots\" content=\"index, follow, max-snippet:-1, max-image-preview:large, max-video-preview:-1\" \/>\n<link rel=\"canonical\" href=\"https:\/\/betaz.cz\/index.php\/modul-prehledy\/\" \/>\n<meta property=\"og:locale\" content=\"cs_CZ\" \/>\n<meta property=\"og:type\" content=\"article\" \/>\n<meta property=\"og:title\" content=\"Modul P\u0159ehledy - BetaZ.cz - Knihkupeck\u00fd software | Knihkupci | Distributo\u0159i knih | Nakladatelstv\u00ed | E-shopy | B2B |\" \/>\n<meta property=\"og:description\" content=\"Software pro knihkupce - Software pro distributory a nakladatele knih - B2B pro distributory a akladatele - E-Shopy Knihy\" \/>\n<meta property=\"og:url\" content=\"https:\/\/betaz.cz\/index.php\/modul-prehledy\/\" \/>\n<meta property=\"og:site_name\" content=\"BetaZ.cz - Knihkupeck\u00fd software | Knihkupci | Distributo\u0159i knih | Nakladatelstv\u00ed | E-shopy | B2B |\" \/>\n<meta property=\"article:modified_time\" content=\"2022-02-02T11:59:03+00:00\" \/>\n<meta property=\"og:image\" content=\"https:\/\/betaz.cz\/wp-content\/uploads\/2022\/02\/Prehledy-pohledavky.jpg\" \/>\n<meta name=\"twitter:card\" content=\"summary_large_image\" \/>\n<meta name=\"twitter:label1\" content=\"Odhadovan\u00e1 doba \u010dten\u00ed\" \/>\n\t<meta name=\"twitter:data1\" content=\"2 minuty\" \/>\n<script type=\"application\/ld+json\" class=\"yoast-schema-graph\">{\"@context\":\"https:\/\/schema.org\",\"@graph\":[{\"@type\":\"WebPage\",\"@id\":\"https:\/\/betaz.cz\/index.php\/modul-prehledy\/\",\"url\":\"https:\/\/betaz.cz\/index.php\/modul-prehledy\/\",\"name\":\"Modul P\u0159ehledy - BetaZ.cz - Knihkupeck\u00fd software | Knihkupci | Distributo\u0159i knih | Nakladatelstv\u00ed | E-shopy | B2B |\",\"isPartOf\":{\"@id\":\"https:\/\/betaz.cz\/#website\"},\"primaryImageOfPage\":{\"@id\":\"https:\/\/betaz.cz\/index.php\/modul-prehledy\/#primaryimage\"},\"image\":{\"@id\":\"https:\/\/betaz.cz\/index.php\/modul-prehledy\/#primaryimage\"},\"thumbnailUrl\":\"https:\/\/betaz.cz\/wp-content\/uploads\/2022\/02\/Prehledy-pohledavky.jpg\",\"datePublished\":\"2022-02-01T18:11:57+00:00\",\"dateModified\":\"2022-02-02T11:59:03+00:00\",\"description\":\"Software pro knihkupce - Software pro distributory a nakladatele knih - B2B pro distributory a akladatele - E-Shopy Knihy\",\"breadcrumb\":{\"@id\":\"https:\/\/betaz.cz\/index.php\/modul-prehledy\/#breadcrumb\"},\"inLanguage\":\"cs\",\"potentialAction\":[{\"@type\":\"ReadAction\",\"target\":[\"https:\/\/betaz.cz\/index.php\/modul-prehledy\/\"]}]},{\"@type\":\"ImageObject\",\"inLanguage\":\"cs\",\"@id\":\"https:\/\/betaz.cz\/index.php\/modul-prehledy\/#primaryimage\",\"url\":\"https:\/\/betaz.cz\/wp-content\/uploads\/2022\/02\/Prehledy-pohledavky.jpg\",\"contentUrl\":\"https:\/\/betaz.cz\/wp-content\/uploads\/2022\/02\/Prehledy-pohledavky.jpg\",\"width\":1920,\"height\":944},{\"@type\":\"BreadcrumbList\",\"@id\":\"https:\/\/betaz.cz\/index.php\/modul-prehledy\/#breadcrumb\",\"itemListElement\":[{\"@type\":\"ListItem\",\"position\":1,\"name\":\"Dom\u016f\",\"item\":\"https:\/\/betaz.cz\/\"},{\"@type\":\"ListItem\",\"position\":2,\"name\":\"Modul P\u0159ehledy\"}]},{\"@type\":\"WebSite\",\"@id\":\"https:\/\/betaz.cz\/#website\",\"url\":\"https:\/\/betaz.cz\/\",\"name\":\"BetaZ.cz - Knihkupeck\u00fd software | Knihkupci | Distributo\u0159i knih | Nakladatelstv\u00ed | E-shopy | B2B |\",\"description\":\"Nejpou\u017e\u00edvan\u011bj\u0161\u00ed software pro knihkupce\",\"publisher\":{\"@id\":\"https:\/\/betaz.cz\/#organization\"},\"potentialAction\":[{\"@type\":\"SearchAction\",\"target\":{\"@type\":\"EntryPoint\",\"urlTemplate\":\"https:\/\/betaz.cz\/?s={search_term_string}\"},\"query-input\":{\"@type\":\"PropertyValueSpecification\",\"valueRequired\":true,\"valueName\":\"search_term_string\"}}],\"inLanguage\":\"cs\"},{\"@type\":\"Organization\",\"@id\":\"https:\/\/betaz.cz\/#organization\",\"name\":\"BetaZ.cz s.r.o.\",\"url\":\"https:\/\/betaz.cz\/\",\"logo\":{\"@type\":\"ImageObject\",\"inLanguage\":\"cs\",\"@id\":\"https:\/\/betaz.cz\/#\/schema\/logo\/image\/\",\"url\":\"https:\/\/betaz.cz\/wp-content\/uploads\/2021\/04\/BetaZLOGOcerne.png\",\"contentUrl\":\"https:\/\/betaz.cz\/wp-content\/uploads\/2021\/04\/BetaZLOGOcerne.png\",\"width\":971,\"height\":159,\"caption\":\"BetaZ.cz s.r.o.\"},\"image\":{\"@id\":\"https:\/\/betaz.cz\/#\/schema\/logo\/image\/\"}}]}<\/script>\n<!-- \/ Yoast SEO plugin. -->","yoast_head_json":{"title":"Modul P\u0159ehledy - BetaZ.cz - Knihkupeck\u00fd software | Knihkupci | Distributo\u0159i knih | Nakladatelstv\u00ed | E-shopy | B2B |","description":"Software pro knihkupce - Software pro distributory a nakladatele knih - B2B pro distributory a akladatele - E-Shopy Knihy","robots":{"index":"index","follow":"follow","max-snippet":"max-snippet:-1","max-image-preview":"max-image-preview:large","max-video-preview":"max-video-preview:-1"},"canonical":"https:\/\/betaz.cz\/index.php\/modul-prehledy\/","og_locale":"cs_CZ","og_type":"article","og_title":"Modul P\u0159ehledy - BetaZ.cz - Knihkupeck\u00fd software | Knihkupci | Distributo\u0159i knih | Nakladatelstv\u00ed | E-shopy | B2B |","og_description":"Software pro knihkupce - Software pro distributory a nakladatele knih - B2B pro distributory a akladatele - E-Shopy Knihy","og_url":"https:\/\/betaz.cz\/index.php\/modul-prehledy\/","og_site_name":"BetaZ.cz - Knihkupeck\u00fd software | Knihkupci | Distributo\u0159i knih | Nakladatelstv\u00ed | E-shopy | B2B |","article_modified_time":"2022-02-02T11:59:03+00:00","og_image":[{"url":"https:\/\/betaz.cz\/wp-content\/uploads\/2022\/02\/Prehledy-pohledavky.jpg"}],"twitter_card":"summary_large_image","twitter_misc":{"Odhadovan\u00e1 doba \u010dten\u00ed":"2 minuty"},"schema":{"@context":"https:\/\/schema.org","@graph":[{"@type":"WebPage","@id":"https:\/\/betaz.cz\/index.php\/modul-prehledy\/","url":"https:\/\/betaz.cz\/index.php\/modul-prehledy\/","name":"Modul P\u0159ehledy - BetaZ.cz - Knihkupeck\u00fd software | Knihkupci | Distributo\u0159i knih | Nakladatelstv\u00ed | E-shopy | B2B |","isPartOf":{"@id":"https:\/\/betaz.cz\/#website"},"primaryImageOfPage":{"@id":"https:\/\/betaz.cz\/index.php\/modul-prehledy\/#primaryimage"},"image":{"@id":"https:\/\/betaz.cz\/index.php\/modul-prehledy\/#primaryimage"},"thumbnailUrl":"https:\/\/betaz.cz\/wp-content\/uploads\/2022\/02\/Prehledy-pohledavky.jpg","datePublished":"2022-02-01T18:11:57+00:00","dateModified":"2022-02-02T11:59:03+00:00","description":"Software pro knihkupce - Software pro distributory a nakladatele knih - B2B pro distributory a akladatele - E-Shopy Knihy","breadcrumb":{"@id":"https:\/\/betaz.cz\/index.php\/modul-prehledy\/#breadcrumb"},"inLanguage":"cs","potentialAction":[{"@type":"ReadAction","target":["https:\/\/betaz.cz\/index.php\/modul-prehledy\/"]}]},{"@type":"ImageObject","inLanguage":"cs","@id":"https:\/\/betaz.cz\/index.php\/modul-prehledy\/#primaryimage","url":"https:\/\/betaz.cz\/wp-content\/uploads\/2022\/02\/Prehledy-pohledavky.jpg","contentUrl":"https:\/\/betaz.cz\/wp-content\/uploads\/2022\/02\/Prehledy-pohledavky.jpg","width":1920,"height":944},{"@type":"BreadcrumbList","@id":"https:\/\/betaz.cz\/index.php\/modul-prehledy\/#breadcrumb","itemListElement":[{"@type":"ListItem","position":1,"name":"Dom\u016f","item":"https:\/\/betaz.cz\/"},{"@type":"ListItem","position":2,"name":"Modul P\u0159ehledy"}]},{"@type":"WebSite","@id":"https:\/\/betaz.cz\/#website","url":"https:\/\/betaz.cz\/","name":"BetaZ.cz - Knihkupeck\u00fd software | Knihkupci | Distributo\u0159i knih | Nakladatelstv\u00ed | E-shopy | B2B |","description":"Nejpou\u017e\u00edvan\u011bj\u0161\u00ed software pro knihkupce","publisher":{"@id":"https:\/\/betaz.cz\/#organization"},"potentialAction":[{"@type":"SearchAction","target":{"@type":"EntryPoint","urlTemplate":"https:\/\/betaz.cz\/?s={search_term_string}"},"query-input":{"@type":"PropertyValueSpecification","valueRequired":true,"valueName":"search_term_string"}}],"inLanguage":"cs"},{"@type":"Organization","@id":"https:\/\/betaz.cz\/#organization","name":"BetaZ.cz s.r.o.","url":"https:\/\/betaz.cz\/","logo":{"@type":"ImageObject","inLanguage":"cs","@id":"https:\/\/betaz.cz\/#\/schema\/logo\/image\/","url":"https:\/\/betaz.cz\/wp-content\/uploads\/2021\/04\/BetaZLOGOcerne.png","contentUrl":"https:\/\/betaz.cz\/wp-content\/uploads\/2021\/04\/BetaZLOGOcerne.png","width":971,"height":159,"caption":"BetaZ.cz s.r.o."},"image":{"@id":"https:\/\/betaz.cz\/#\/schema\/logo\/image\/"}}]}},"_links":{"self":[{"href":"https:\/\/betaz.cz\/index.php\/wp-json\/wp\/v2\/pages\/2189"}],"collection":[{"href":"https:\/\/betaz.cz\/index.php\/wp-json\/wp\/v2\/pages"}],"about":[{"href":"https:\/\/betaz.cz\/index.php\/wp-json\/wp\/v2\/types\/page"}],"author":[{"embeddable":true,"href":"https:\/\/betaz.cz\/index.php\/wp-json\/wp\/v2\/users\/1"}],"replies":[{"embeddable":true,"href":"https:\/\/betaz.cz\/index.php\/wp-json\/wp\/v2\/comments?post=2189"}],"version-history":[{"count":7,"href":"https:\/\/betaz.cz\/index.php\/wp-json\/wp\/v2\/pages\/2189\/revisions"}],"predecessor-version":[{"id":2207,"href":"https:\/\/betaz.cz\/index.php\/wp-json\/wp\/v2\/pages\/2189\/revisions\/2207"}],"wp:attachment":[{"href":"https:\/\/betaz.cz\/index.php\/wp-json\/wp\/v2\/media?parent=2189"}],"curies":[{"name":"wp","href":"https:\/\/api.w.org\/{rel}","templated":true}]}}