{"id":2105,"date":"2022-01-14T13:29:35","date_gmt":"2022-01-14T12:29:35","guid":{"rendered":"https:\/\/betaz.cz\/?page_id=2105"},"modified":"2022-02-01T17:56:36","modified_gmt":"2022-02-01T16:56:36","slug":"modul-adresar-2","status":"publish","type":"page","link":"https:\/\/betaz.cz\/index.php\/modul-adresar-2\/","title":{"rendered":"Modul Adres\u00e1\u0159"},"content":{"rendered":"<h1 class=\"has-text-align-center has-luminous-vivid-orange-color has-text-color wp-block-heading\"><strong>M\u011bjte v\u017edy v\u0161echny aktu\u00e1ln\u00ed informace o sv\u00fdch Partnerech<\/strong><\/h1><p class=\"has-text-align-center\">M\u00e1lokdo si to asi uv\u011bdom\u00ed, ale je z\u00e1kladn\u00edm pil\u00ed\u0159em ka\u017ed\u00e9ho informa\u010dn\u00edho syst\u00e9mu. Slou\u017e\u00ed k evidenci, filtrov\u00e1n\u00ed a p\u0159ehledu v\u0161ech obchodn\u00edch partner\u016f a to jak dodavatel\u016f, tak odb\u011bratel\u016f, dopravc\u016f a i koncov\u00fdch z\u00e1kazn\u00edk\u016f jak na prodejn\u011b tak i v e-shopu a B2B syst\u00e9mu. Nav\u00edc modul p\u0159ehledn\u011b sdru\u017euje v\u0161echny informace o partnerovi a to jak kontaktn\u00ed \u00fadaje, tak ekonomick\u00e9 informace ( pohled\u00e1vky, z\u00e1vazky, rabatov\u00e9 podm\u00ednky, pozn\u00e1mky k partnerovi ) a v neposledn\u00ed \u0159ad\u011b p\u0159ehled jeho zbo\u017e\u00ed. Co ur\u010dit\u011b ka\u017ed\u00e9ho u\u017eivatele pot\u011b\u0161\u00ed je, \u017ee syst\u00e9m je schopen na\u010d\u00edst \u00fadaje o partnerovi se syst\u00e9mu <strong>ARES<\/strong>, tak\u017ee budete m\u00edt aktu\u00e1ln\u00ed \u00fadaje ze v\u0161ech rejst\u0159\u00edk\u016f.<\/p><h2 class=\"has-text-align-center wp-block-heading\">Nejd\u016fle\u017eit\u011bj\u0161\u00ed vlastnosti modulu Adres\u00e1\u0159<\/h2><p class=\"has-text-align-center\">K ned\u016fle\u017eit\u011bj\u0161\u00edm vlastnostem modulu pat\u0159\u00ed vyhled\u00e1van\u00ed partner\u016f podle kombinace r\u016fzn\u00fdch filtr\u016f, co\u017e v\u00fdrazn\u011b usnadn\u00ed pr\u00e1ci vyhled\u00e1van\u00ed a administraci. Samoz\u0159ejm\u011b syst\u00e9m interaktivn\u011b vyhled\u00e1v\u00e1 partnera u\u017e p\u0159i zad\u00e1v\u00e1n\u00ed n\u00e1zvu anebo jm\u00e9na partnera<\/p><p class=\"has-text-align-center\">Dal\u0161\u00ed d\u016fle\u017eitou vlastnost\u00ed je mo\u017enost p\u0159i vytv\u00e1\u0159en\u00ed nov\u00e9ho partnera na\u010d\u00edst partnera podle I\u010cO ze syst\u00e9mu ARES, kter\u00fd spravuje Ministerstvo financ\u00ed \u010cR a m\u00e1te jistotu \u017ee v\u0161echny \u00fadaje jsou aktu\u00e1ln\u00ed, a z\u00e1rove\u0148 je m\u016f\u017eete hned pou\u017e\u00edt.<\/p><p class=\"has-text-align-center\">V neposledn\u00ed \u0159ad\u011b je mo\u017enost upravovat si zobrazen\u00e9 sloupce tabulky dle vlastn\u00edch pot\u0159eb a referenc\u00ed, co\u017e znamen\u00e1 \u017ee se nikdy neztrat\u00edte v spleti informac\u00ed, kter\u00e9 nejsou pro v\u00e1s d\u016fle\u017eit\u00e9.<\/p><figure class=\"wp-block-gallery aligncenter columns-1 is-cropped wp-block-gallery-1 is-layout-flex wp-block-gallery-is-layout-flex\"><ul class=\"blocks-gallery-grid\"><li class=\"blocks-gallery-item\"><figure><a href=\"https:\/\/betaz.cz\/?attachment_id=2107\"><img fetchpriority=\"high\" decoding=\"async\" width=\"1919\" height=\"944\" src=\"https:\/\/betaz.cz\/wp-content\/uploads\/2022\/01\/Snimek-obrazovky-2021-12-21-123314-1.jpg\" alt=\"\" data-id=\"2107\" data-link=\"https:\/\/betaz.cz\/?attachment_id=2107\" class=\"wp-image-2107\" srcset=\"https:\/\/betaz.cz\/wp-content\/uploads\/2022\/01\/Snimek-obrazovky-2021-12-21-123314-1.jpg 1919w, https:\/\/betaz.cz\/wp-content\/uploads\/2022\/01\/Snimek-obrazovky-2021-12-21-123314-1-300x148.jpg 300w, https:\/\/betaz.cz\/wp-content\/uploads\/2022\/01\/Snimek-obrazovky-2021-12-21-123314-1-1024x504.jpg 1024w, https:\/\/betaz.cz\/wp-content\/uploads\/2022\/01\/Snimek-obrazovky-2021-12-21-123314-1-768x378.jpg 768w, https:\/\/betaz.cz\/wp-content\/uploads\/2022\/01\/Snimek-obrazovky-2021-12-21-123314-1-1536x756.jpg 1536w, https:\/\/betaz.cz\/wp-content\/uploads\/2022\/01\/Snimek-obrazovky-2021-12-21-123314-1-600x295.jpg 600w\" sizes=\"(max-width: 1919px) 100vw, 1919px\" \/><\/a><figcaption class=\"blocks-gallery-item__caption\">Spr\u00e1va a vyhled\u00e1van\u00ed (sortov\u00e1n\u00ed ) partner\u016f<\/figcaption><\/figure><\/li><\/ul><\/figure><figure class=\"wp-block-gallery columns-1 is-cropped wp-block-gallery-2 is-layout-flex wp-block-gallery-is-layout-flex\"><ul class=\"blocks-gallery-grid\"><li class=\"blocks-gallery-item\"><figure><a href=\"https:\/\/betaz.cz\/index.php\/sherpa-5-0-specializovany-software-pro-knizni-trh\/snimek-obrazovky-2021-12-21-123514\/\"><img decoding=\"async\" width=\"1919\" height=\"946\" data-src=\"https:\/\/betaz.cz\/wp-content\/uploads\/2021\/12\/Snimek-obrazovky-2021-12-21-123514.jpg\" alt=\"\" data-id=\"1747\" data-full-url=\"https:\/\/betaz.cz\/wp-content\/uploads\/2021\/12\/Snimek-obrazovky-2021-12-21-123514.jpg\" data-link=\"https:\/\/betaz.cz\/index.php\/sherpa-5-0-specializovany-software-pro-knizni-trh\/snimek-obrazovky-2021-12-21-123514\/\" class=\"wp-image-1747 lazyload\" data-srcset=\"https:\/\/betaz.cz\/wp-content\/uploads\/2021\/12\/Snimek-obrazovky-2021-12-21-123514.jpg 1919w, https:\/\/betaz.cz\/wp-content\/uploads\/2021\/12\/Snimek-obrazovky-2021-12-21-123514-300x148.jpg 300w, https:\/\/betaz.cz\/wp-content\/uploads\/2021\/12\/Snimek-obrazovky-2021-12-21-123514-1024x505.jpg 1024w, https:\/\/betaz.cz\/wp-content\/uploads\/2021\/12\/Snimek-obrazovky-2021-12-21-123514-768x379.jpg 768w, https:\/\/betaz.cz\/wp-content\/uploads\/2021\/12\/Snimek-obrazovky-2021-12-21-123514-1536x757.jpg 1536w, https:\/\/betaz.cz\/wp-content\/uploads\/2021\/12\/Snimek-obrazovky-2021-12-21-123514-600x296.jpg 600w\" data-sizes=\"(max-width: 1919px) 100vw, 1919px\" src=\"data:image\/gif;base64,R0lGODlhAQABAAAAACH5BAEKAAEALAAAAAABAAEAAAICTAEAOw==\" style=\"--smush-placeholder-width: 1919px; --smush-placeholder-aspect-ratio: 1919\/946;\" \/><noscript><img decoding=\"async\" width=\"1919\" height=\"946\" src=\"https:\/\/betaz.cz\/wp-content\/uploads\/2021\/12\/Snimek-obrazovky-2021-12-21-123514.jpg\" alt=\"\" data-id=\"1747\" data-full-url=\"https:\/\/betaz.cz\/wp-content\/uploads\/2021\/12\/Snimek-obrazovky-2021-12-21-123514.jpg\" data-link=\"https:\/\/betaz.cz\/index.php\/sherpa-5-0-specializovany-software-pro-knizni-trh\/snimek-obrazovky-2021-12-21-123514\/\" class=\"wp-image-1747\" srcset=\"https:\/\/betaz.cz\/wp-content\/uploads\/2021\/12\/Snimek-obrazovky-2021-12-21-123514.jpg 1919w, https:\/\/betaz.cz\/wp-content\/uploads\/2021\/12\/Snimek-obrazovky-2021-12-21-123514-300x148.jpg 300w, https:\/\/betaz.cz\/wp-content\/uploads\/2021\/12\/Snimek-obrazovky-2021-12-21-123514-1024x505.jpg 1024w, https:\/\/betaz.cz\/wp-content\/uploads\/2021\/12\/Snimek-obrazovky-2021-12-21-123514-768x379.jpg 768w, https:\/\/betaz.cz\/wp-content\/uploads\/2021\/12\/Snimek-obrazovky-2021-12-21-123514-1536x757.jpg 1536w, https:\/\/betaz.cz\/wp-content\/uploads\/2021\/12\/Snimek-obrazovky-2021-12-21-123514-600x296.jpg 600w\" sizes=\"(max-width: 1919px) 100vw, 1919px\" \/><\/noscript><\/a><figcaption class=\"blocks-gallery-item__caption\">Vytvo\u0159en\u00ed anebo editace nov\u00e9ho kontaktu<\/figcaption><\/figure><\/li><\/ul><\/figure><p> Samoz\u0159ejmost\u00ed krom\u011b evidence z\u00e1kladn\u00edch \u00fadaj\u016f je evidence status\u016f a priorit, ale hlavn\u011b ve\u0161ker\u00e9 finan\u010dn\u00ed a obchodn\u00ed informace jako kategorie, rabaty, komise, povolen\u00e9 stavy komis\u00ed a kredit\u016f, zp\u016fsoby plateb a zp\u016fsoby odb\u011br\u016f. <\/p><figure class=\"wp-block-gallery columns-1 is-cropped wp-block-gallery-3 is-layout-flex wp-block-gallery-is-layout-flex\"><ul class=\"blocks-gallery-grid\"><li class=\"blocks-gallery-item\"><figure><a href=\"https:\/\/betaz.cz\/index.php\/modul-adresar-2\/partner-finance-1\/\"><img decoding=\"async\" width=\"1916\" height=\"950\" data-src=\"https:\/\/betaz.cz\/wp-content\/uploads\/2022\/02\/Partner-finance-1.jpg\" alt=\"\" data-id=\"2185\" data-full-url=\"https:\/\/betaz.cz\/wp-content\/uploads\/2022\/02\/Partner-finance-1.jpg\" data-link=\"https:\/\/betaz.cz\/index.php\/modul-adresar-2\/partner-finance-1\/\" class=\"wp-image-2185 lazyload\" data-srcset=\"https:\/\/betaz.cz\/wp-content\/uploads\/2022\/02\/Partner-finance-1.jpg 1916w, https:\/\/betaz.cz\/wp-content\/uploads\/2022\/02\/Partner-finance-1-300x149.jpg 300w, https:\/\/betaz.cz\/wp-content\/uploads\/2022\/02\/Partner-finance-1-1024x508.jpg 1024w, https:\/\/betaz.cz\/wp-content\/uploads\/2022\/02\/Partner-finance-1-768x381.jpg 768w, https:\/\/betaz.cz\/wp-content\/uploads\/2022\/02\/Partner-finance-1-1536x762.jpg 1536w, https:\/\/betaz.cz\/wp-content\/uploads\/2022\/02\/Partner-finance-1-600x297.jpg 600w\" data-sizes=\"(max-width: 1916px) 100vw, 1916px\" src=\"data:image\/gif;base64,R0lGODlhAQABAAAAACH5BAEKAAEALAAAAAABAAEAAAICTAEAOw==\" style=\"--smush-placeholder-width: 1916px; --smush-placeholder-aspect-ratio: 1916\/950;\" \/><noscript><img decoding=\"async\" width=\"1916\" height=\"950\" src=\"https:\/\/betaz.cz\/wp-content\/uploads\/2022\/02\/Partner-finance-1.jpg\" alt=\"\" data-id=\"2185\" data-full-url=\"https:\/\/betaz.cz\/wp-content\/uploads\/2022\/02\/Partner-finance-1.jpg\" data-link=\"https:\/\/betaz.cz\/index.php\/modul-adresar-2\/partner-finance-1\/\" class=\"wp-image-2185\" srcset=\"https:\/\/betaz.cz\/wp-content\/uploads\/2022\/02\/Partner-finance-1.jpg 1916w, https:\/\/betaz.cz\/wp-content\/uploads\/2022\/02\/Partner-finance-1-300x149.jpg 300w, https:\/\/betaz.cz\/wp-content\/uploads\/2022\/02\/Partner-finance-1-1024x508.jpg 1024w, https:\/\/betaz.cz\/wp-content\/uploads\/2022\/02\/Partner-finance-1-768x381.jpg 768w, https:\/\/betaz.cz\/wp-content\/uploads\/2022\/02\/Partner-finance-1-1536x762.jpg 1536w, https:\/\/betaz.cz\/wp-content\/uploads\/2022\/02\/Partner-finance-1-600x297.jpg 600w\" sizes=\"(max-width: 1916px) 100vw, 1916px\" \/><\/noscript><\/a><figcaption class=\"blocks-gallery-item__caption\">Spr\u00e1va finan\u010dn\u00edch informac\u00ed o partnerovi<\/figcaption><\/figure><\/li><\/ul><\/figure>","protected":false},"excerpt":{"rendered":"<p>M\u011bjte v\u017edy v\u0161echny aktu\u00e1ln\u00ed informace o sv\u00fdch Partnerech M\u00e1lokdo si to asi uv\u011bdom\u00ed, ale je z\u00e1kladn\u00edm pil\u00ed\u0159em ka\u017ed\u00e9ho informa\u010dn\u00edho syst\u00e9mu. Slou\u017e\u00ed k evidenci, filtrov\u00e1n\u00ed a p\u0159ehledu v\u0161ech obchodn\u00edch partner\u016f a to jak dodavatel\u016f, tak odb\u011bratel\u016f, dopravc\u016f a i koncov\u00fdch z\u00e1kazn\u00edk\u016f jak na prodejn\u011b tak i v e-shopu a B2B syst\u00e9mu. Nav\u00edc modul p\u0159ehledn\u011b sdru\u017euje v\u0161echny [&hellip;]<\/p>\n","protected":false},"author":1,"featured_media":0,"parent":0,"menu_order":0,"comment_status":"closed","ping_status":"closed","template":"","meta":{"_regular_price":[],"currency_symbol":[],"footnotes":""},"class_list":["post-2105","page","type-page","status-publish","hentry"],"post_slider_layout_featured_media_urls":{"thumbnail":"","post_slider_layout_landscape_large":"","post_slider_layout_portrait_large":"","post_slider_layout_square_large":"","post_slider_layout_landscape":"","post_slider_layout_portrait":"","post_slider_layout_square":"","full":""},"yoast_head":"<!-- This site is optimized with the Yoast SEO plugin v23.4 - https:\/\/yoast.com\/wordpress\/plugins\/seo\/ -->\n<title>Modul Adres\u00e1\u0159 - BetaZ.cz - Knihkupeck\u00fd software | Knihkupci | Distributo\u0159i knih | Nakladatelstv\u00ed | E-shopy | B2B |<\/title>\n<meta name=\"description\" content=\"Software pro knihkupce - Software pro distributory a nakladatele knih - B2B pro distributory a akladatele - E-Shopy Knihy\" \/>\n<meta name=\"robots\" content=\"index, follow, max-snippet:-1, max-image-preview:large, max-video-preview:-1\" \/>\n<link rel=\"canonical\" href=\"https:\/\/betaz.cz\/index.php\/modul-adresar-2\/\" \/>\n<meta property=\"og:locale\" content=\"cs_CZ\" \/>\n<meta property=\"og:type\" content=\"article\" \/>\n<meta property=\"og:title\" content=\"Modul Adres\u00e1\u0159 - BetaZ.cz - Knihkupeck\u00fd software | Knihkupci | Distributo\u0159i knih | Nakladatelstv\u00ed | E-shopy | B2B |\" \/>\n<meta property=\"og:description\" content=\"Software pro knihkupce - Software pro distributory a nakladatele knih - B2B pro distributory a akladatele - E-Shopy Knihy\" \/>\n<meta property=\"og:url\" content=\"https:\/\/betaz.cz\/index.php\/modul-adresar-2\/\" \/>\n<meta property=\"og:site_name\" content=\"BetaZ.cz - Knihkupeck\u00fd software | Knihkupci | Distributo\u0159i knih | Nakladatelstv\u00ed | E-shopy | B2B |\" \/>\n<meta property=\"article:modified_time\" content=\"2022-02-01T16:56:36+00:00\" \/>\n<meta property=\"og:image\" content=\"https:\/\/betaz.cz\/wp-content\/uploads\/2022\/01\/Snimek-obrazovky-2021-12-21-123314-1.jpg\" \/>\n<meta name=\"twitter:card\" content=\"summary_large_image\" \/>\n<meta name=\"twitter:label1\" content=\"Odhadovan\u00e1 doba \u010dten\u00ed\" \/>\n\t<meta name=\"twitter:data1\" content=\"2 minuty\" \/>\n<script type=\"application\/ld+json\" class=\"yoast-schema-graph\">{\"@context\":\"https:\/\/schema.org\",\"@graph\":[{\"@type\":\"WebPage\",\"@id\":\"https:\/\/betaz.cz\/index.php\/modul-adresar-2\/\",\"url\":\"https:\/\/betaz.cz\/index.php\/modul-adresar-2\/\",\"name\":\"Modul Adres\u00e1\u0159 - BetaZ.cz - Knihkupeck\u00fd software | Knihkupci | Distributo\u0159i knih | Nakladatelstv\u00ed | E-shopy | B2B |\",\"isPartOf\":{\"@id\":\"https:\/\/betaz.cz\/#website\"},\"primaryImageOfPage\":{\"@id\":\"https:\/\/betaz.cz\/index.php\/modul-adresar-2\/#primaryimage\"},\"image\":{\"@id\":\"https:\/\/betaz.cz\/index.php\/modul-adresar-2\/#primaryimage\"},\"thumbnailUrl\":\"https:\/\/betaz.cz\/wp-content\/uploads\/2022\/01\/Snimek-obrazovky-2021-12-21-123314-1.jpg\",\"datePublished\":\"2022-01-14T12:29:35+00:00\",\"dateModified\":\"2022-02-01T16:56:36+00:00\",\"description\":\"Software pro knihkupce - Software pro distributory a nakladatele knih - B2B pro distributory a akladatele - E-Shopy Knihy\",\"breadcrumb\":{\"@id\":\"https:\/\/betaz.cz\/index.php\/modul-adresar-2\/#breadcrumb\"},\"inLanguage\":\"cs\",\"potentialAction\":[{\"@type\":\"ReadAction\",\"target\":[\"https:\/\/betaz.cz\/index.php\/modul-adresar-2\/\"]}]},{\"@type\":\"ImageObject\",\"inLanguage\":\"cs\",\"@id\":\"https:\/\/betaz.cz\/index.php\/modul-adresar-2\/#primaryimage\",\"url\":\"https:\/\/betaz.cz\/wp-content\/uploads\/2022\/01\/Snimek-obrazovky-2021-12-21-123314-1.jpg\",\"contentUrl\":\"https:\/\/betaz.cz\/wp-content\/uploads\/2022\/01\/Snimek-obrazovky-2021-12-21-123314-1.jpg\",\"width\":1919,\"height\":944},{\"@type\":\"BreadcrumbList\",\"@id\":\"https:\/\/betaz.cz\/index.php\/modul-adresar-2\/#breadcrumb\",\"itemListElement\":[{\"@type\":\"ListItem\",\"position\":1,\"name\":\"Dom\u016f\",\"item\":\"https:\/\/betaz.cz\/\"},{\"@type\":\"ListItem\",\"position\":2,\"name\":\"Modul Adres\u00e1\u0159\"}]},{\"@type\":\"WebSite\",\"@id\":\"https:\/\/betaz.cz\/#website\",\"url\":\"https:\/\/betaz.cz\/\",\"name\":\"BetaZ.cz - Knihkupeck\u00fd software | Knihkupci | Distributo\u0159i knih | Nakladatelstv\u00ed | E-shopy | B2B |\",\"description\":\"Nejpou\u017e\u00edvan\u011bj\u0161\u00ed software pro knihkupce\",\"publisher\":{\"@id\":\"https:\/\/betaz.cz\/#organization\"},\"potentialAction\":[{\"@type\":\"SearchAction\",\"target\":{\"@type\":\"EntryPoint\",\"urlTemplate\":\"https:\/\/betaz.cz\/?s={search_term_string}\"},\"query-input\":{\"@type\":\"PropertyValueSpecification\",\"valueRequired\":true,\"valueName\":\"search_term_string\"}}],\"inLanguage\":\"cs\"},{\"@type\":\"Organization\",\"@id\":\"https:\/\/betaz.cz\/#organization\",\"name\":\"BetaZ.cz s.r.o.\",\"url\":\"https:\/\/betaz.cz\/\",\"logo\":{\"@type\":\"ImageObject\",\"inLanguage\":\"cs\",\"@id\":\"https:\/\/betaz.cz\/#\/schema\/logo\/image\/\",\"url\":\"https:\/\/betaz.cz\/wp-content\/uploads\/2021\/04\/BetaZLOGOcerne.png\",\"contentUrl\":\"https:\/\/betaz.cz\/wp-content\/uploads\/2021\/04\/BetaZLOGOcerne.png\",\"width\":971,\"height\":159,\"caption\":\"BetaZ.cz s.r.o.\"},\"image\":{\"@id\":\"https:\/\/betaz.cz\/#\/schema\/logo\/image\/\"}}]}<\/script>\n<!-- \/ Yoast SEO plugin. -->","yoast_head_json":{"title":"Modul Adres\u00e1\u0159 - BetaZ.cz - Knihkupeck\u00fd software | Knihkupci | Distributo\u0159i knih | Nakladatelstv\u00ed | E-shopy | B2B |","description":"Software pro knihkupce - Software pro distributory a nakladatele knih - B2B pro distributory a akladatele - E-Shopy Knihy","robots":{"index":"index","follow":"follow","max-snippet":"max-snippet:-1","max-image-preview":"max-image-preview:large","max-video-preview":"max-video-preview:-1"},"canonical":"https:\/\/betaz.cz\/index.php\/modul-adresar-2\/","og_locale":"cs_CZ","og_type":"article","og_title":"Modul Adres\u00e1\u0159 - BetaZ.cz - Knihkupeck\u00fd software | Knihkupci | Distributo\u0159i knih | Nakladatelstv\u00ed | E-shopy | B2B |","og_description":"Software pro knihkupce - Software pro distributory a nakladatele knih - B2B pro distributory a akladatele - E-Shopy Knihy","og_url":"https:\/\/betaz.cz\/index.php\/modul-adresar-2\/","og_site_name":"BetaZ.cz - Knihkupeck\u00fd software | Knihkupci | Distributo\u0159i knih | Nakladatelstv\u00ed | E-shopy | B2B |","article_modified_time":"2022-02-01T16:56:36+00:00","og_image":[{"url":"https:\/\/betaz.cz\/wp-content\/uploads\/2022\/01\/Snimek-obrazovky-2021-12-21-123314-1.jpg"}],"twitter_card":"summary_large_image","twitter_misc":{"Odhadovan\u00e1 doba \u010dten\u00ed":"2 minuty"},"schema":{"@context":"https:\/\/schema.org","@graph":[{"@type":"WebPage","@id":"https:\/\/betaz.cz\/index.php\/modul-adresar-2\/","url":"https:\/\/betaz.cz\/index.php\/modul-adresar-2\/","name":"Modul Adres\u00e1\u0159 - BetaZ.cz - Knihkupeck\u00fd software | Knihkupci | Distributo\u0159i knih | Nakladatelstv\u00ed | E-shopy | B2B |","isPartOf":{"@id":"https:\/\/betaz.cz\/#website"},"primaryImageOfPage":{"@id":"https:\/\/betaz.cz\/index.php\/modul-adresar-2\/#primaryimage"},"image":{"@id":"https:\/\/betaz.cz\/index.php\/modul-adresar-2\/#primaryimage"},"thumbnailUrl":"https:\/\/betaz.cz\/wp-content\/uploads\/2022\/01\/Snimek-obrazovky-2021-12-21-123314-1.jpg","datePublished":"2022-01-14T12:29:35+00:00","dateModified":"2022-02-01T16:56:36+00:00","description":"Software pro knihkupce - Software pro distributory a nakladatele knih - B2B pro distributory a akladatele - E-Shopy Knihy","breadcrumb":{"@id":"https:\/\/betaz.cz\/index.php\/modul-adresar-2\/#breadcrumb"},"inLanguage":"cs","potentialAction":[{"@type":"ReadAction","target":["https:\/\/betaz.cz\/index.php\/modul-adresar-2\/"]}]},{"@type":"ImageObject","inLanguage":"cs","@id":"https:\/\/betaz.cz\/index.php\/modul-adresar-2\/#primaryimage","url":"https:\/\/betaz.cz\/wp-content\/uploads\/2022\/01\/Snimek-obrazovky-2021-12-21-123314-1.jpg","contentUrl":"https:\/\/betaz.cz\/wp-content\/uploads\/2022\/01\/Snimek-obrazovky-2021-12-21-123314-1.jpg","width":1919,"height":944},{"@type":"BreadcrumbList","@id":"https:\/\/betaz.cz\/index.php\/modul-adresar-2\/#breadcrumb","itemListElement":[{"@type":"ListItem","position":1,"name":"Dom\u016f","item":"https:\/\/betaz.cz\/"},{"@type":"ListItem","position":2,"name":"Modul Adres\u00e1\u0159"}]},{"@type":"WebSite","@id":"https:\/\/betaz.cz\/#website","url":"https:\/\/betaz.cz\/","name":"BetaZ.cz - Knihkupeck\u00fd software | Knihkupci | Distributo\u0159i knih | Nakladatelstv\u00ed | E-shopy | B2B |","description":"Nejpou\u017e\u00edvan\u011bj\u0161\u00ed software pro knihkupce","publisher":{"@id":"https:\/\/betaz.cz\/#organization"},"potentialAction":[{"@type":"SearchAction","target":{"@type":"EntryPoint","urlTemplate":"https:\/\/betaz.cz\/?s={search_term_string}"},"query-input":{"@type":"PropertyValueSpecification","valueRequired":true,"valueName":"search_term_string"}}],"inLanguage":"cs"},{"@type":"Organization","@id":"https:\/\/betaz.cz\/#organization","name":"BetaZ.cz s.r.o.","url":"https:\/\/betaz.cz\/","logo":{"@type":"ImageObject","inLanguage":"cs","@id":"https:\/\/betaz.cz\/#\/schema\/logo\/image\/","url":"https:\/\/betaz.cz\/wp-content\/uploads\/2021\/04\/BetaZLOGOcerne.png","contentUrl":"https:\/\/betaz.cz\/wp-content\/uploads\/2021\/04\/BetaZLOGOcerne.png","width":971,"height":159,"caption":"BetaZ.cz s.r.o."},"image":{"@id":"https:\/\/betaz.cz\/#\/schema\/logo\/image\/"}}]}},"_links":{"self":[{"href":"https:\/\/betaz.cz\/index.php\/wp-json\/wp\/v2\/pages\/2105"}],"collection":[{"href":"https:\/\/betaz.cz\/index.php\/wp-json\/wp\/v2\/pages"}],"about":[{"href":"https:\/\/betaz.cz\/index.php\/wp-json\/wp\/v2\/types\/page"}],"author":[{"embeddable":true,"href":"https:\/\/betaz.cz\/index.php\/wp-json\/wp\/v2\/users\/1"}],"replies":[{"embeddable":true,"href":"https:\/\/betaz.cz\/index.php\/wp-json\/wp\/v2\/comments?post=2105"}],"version-history":[{"count":11,"href":"https:\/\/betaz.cz\/index.php\/wp-json\/wp\/v2\/pages\/2105\/revisions"}],"predecessor-version":[{"id":2188,"href":"https:\/\/betaz.cz\/index.php\/wp-json\/wp\/v2\/pages\/2105\/revisions\/2188"}],"wp:attachment":[{"href":"https:\/\/betaz.cz\/index.php\/wp-json\/wp\/v2\/media?parent=2105"}],"curies":[{"name":"wp","href":"https:\/\/api.w.org\/{rel}","templated":true}]}}