{"id":21,"date":"2021-04-24T10:35:02","date_gmt":"2021-04-24T08:35:02","guid":{"rendered":"http:\/\/portal.betaz.cz\/?page_id=21"},"modified":"2023-05-26T13:37:33","modified_gmt":"2023-05-26T11:37:33","slug":"o-nas","status":"publish","type":"page","link":"https:\/\/betaz.cz\/index.php\/o-nas\/","title":{"rendered":"O n\u00e1s"},"content":{"rendered":"<figure class=\"wp-block-image size-full\"><img fetchpriority=\"high\" decoding=\"async\" width=\"1500\" height=\"316\" src=\"https:\/\/betaz.cz\/wp-content\/uploads\/2021\/05\/BetazBanner.png\" alt=\"\" class=\"wp-image-866\" srcset=\"https:\/\/betaz.cz\/wp-content\/uploads\/2021\/05\/BetazBanner.png 1500w, https:\/\/betaz.cz\/wp-content\/uploads\/2021\/05\/BetazBanner-300x63.png 300w, https:\/\/betaz.cz\/wp-content\/uploads\/2021\/05\/BetazBanner-1024x216.png 1024w, https:\/\/betaz.cz\/wp-content\/uploads\/2021\/05\/BetazBanner-768x162.png 768w, https:\/\/betaz.cz\/wp-content\/uploads\/2021\/05\/BetazBanner-600x126.png 600w\" sizes=\"(max-width: 1500px) 100vw, 1500px\" \/><\/figure><h2 class=\"has-text-align-center has-luminous-vivid-orange-color has-text-color wp-block-heading\"><strong>Sou\u010dasn\u00e9 zam\u011b\u0159en\u00ed spole\u010dnosti BetaZ.cz s.r.o. <\/strong><\/h2><p><\/p><h3 class=\"has-text-align-center has-vivid-cyan-blue-color has-text-color wp-block-heading\"><strong>V\u00fdvoj, provoz a \u00fadr\u017eba SaaS slu\u017eeb SHERPA <\/strong><\/h3><p class=\"has-text-align-center\">do kter\u00e9ho spadaj\u00ed<\/p><p class=\"has-text-align-center\"><strong>V\u00fdvoj, provoz a \u00fadr\u017eba knihkupeck\u00e9ho informa\u010dn\u00edho syst\u00e9mu SHERPA<\/strong><\/p><p class=\"has-text-align-center\"><strong>Implementace B2B-Sherpa a E-Shop\u016f<\/strong><\/p><p class=\"has-text-align-center\"><strong>V\u00fdvoj Cloudov\u00fdch informa\u010dn\u00edch datab\u00e1zov\u00fdch syst\u00e9m\u016f na zak\u00e1zku<\/strong><\/p><p><\/p><h3 class=\"has-text-align-center has-vivid-cyan-blue-color has-text-color wp-block-heading\"><strong>Obchodn\u00ed \u010dinnost ecommerce<\/strong><\/h3><p class=\"has-text-align-center\"><strong>Prodej IT techniky, wifi s\u00ed\u0165ov\u00fdch p\u0159ipojen\u00ed  a vybaven\u00ed pro kamenn\u00e9 provozovny ( tisk\u00e1rny, \u010dte\u010dky \u010darov\u00fdch k\u00f3d\u016f, pokladn\u00ed \u0161upl\u00edky, dotykov\u00e9 dipleje pro kasy&#8230;) na na\u0161em eshopu <a href=\"https:\/\/www.solarwifi.cz\/\" target=\"_blank\" rel=\"noreferrer noopener\">www.solarwifi.cz<\/a><\/strong><\/p><p class=\"has-text-align-center\"><strong>Prodej a poradenstv\u00ed v oblasti fotovoltaiky a sol\u00e1rn\u00edch syst\u00e9m\u016f <a href=\"https:\/\/www.solarwifi.cz\/\" target=\"_blank\" rel=\"noreferrer noopener\">www.solarwifi.cz<\/a><\/strong><\/p><p><\/p><p><\/p><p><\/p><h2 class=\"has-text-align-center has-luminous-vivid-orange-color has-text-color wp-block-heading\"><strong>Historie spole\u010dnosti BetaZ.cz s.r.o.<\/strong><\/h2><p><\/p><h4 class=\"wp-block-heading\">Spole\u010dnost <strong>BetaZ.cz s.r.o.<\/strong> vznikla nejd\u0159\u00edv jako fyzick\u00e1 osoba v roce 1992, kter\u00e1 se pozd\u011bji transformovala na spole\u010dnost s ru\u010den\u00edm omezen\u00fdm. Od sv\u00fdch prvopo\u010d\u00e1tk\u016f jsme se v\u011bnovali pouze v\u00fdvoji unik\u00e1tn\u00edch datab\u00e1zov\u00fdch syst\u00e9m\u016f. Zam\u011b\u0159ili jsme se hlavn\u011b na kni\u017en\u00ed trh, kter\u00e9mu skute\u010dn\u011b rozum\u00edme a zn\u00e1me jeho pot\u0159eby.<\/h4><p>V\u00fdsledkem krom\u011b jin\u00e9ho, byl pr\u00e1v\u011b n\u00e1\u0161 unik\u00e1tn\u00ed obchodn\u00ed, skladov\u00fd a pokladn\u00ed syst\u00e9m <strong>SHERPA <\/strong>pro knihkupce, distributory, a nakladatelstv\u00ed, kter\u00fd neust\u00e1le zdokonalujeme a implementujeme nejnov\u011bj\u0161\u00ed trendy. <strong>SHERPA<\/strong> je jedinou aplikac\u00ed sv\u00e9ho druhu bez nutnosti instalace na konkr\u00e9tn\u00ed po\u010d\u00edta\u010d. V\u0161echno u\u017e 20 let d\u011bl\u00e1me v <a href=\"https:\/\/betaz.cz\/index.php\/vyvoj-informacnich-systemu-na-baze-cloud-coputingu\/\" target=\"_blank\" rel=\"noreferrer noopener\"><strong>Cloudu<\/strong><\/a> !<\/p><ul class=\"wp-block-list\"><li>V za\u010d\u00e1tc\u00edch byl tento syst\u00e9m vyvinut pro opera\u010dn\u00ed syst\u00e9m DOS v programovac\u00edm jazyce FoxPro po n\u00e1zvem <strong>SOUMAR<\/strong>, kter\u00fd je n\u011bkter\u00fdmi z\u00e1kazn\u00edky provozov\u00e1n a\u017e dodnes.<\/li>\n\n<li>A\u017e roz\u0161\u00ed\u0159en\u00edm opera\u010dn\u00edho syst\u00e9mu WINDOWS a hlavn\u011b Internetu, jsme v roce 2001 vyvinuli tuto aplikaci jako Cloudovou aplikaci pod n\u00e1zvem <strong>\u201eSHERPA\u201c<\/strong>. Jsme hrd\u00ed na to, \u017ee dneska je provozov\u00e1no v\u00edce ne\u017e 500 instalac\u00ed jak v \u010cech\u00e1ch tak na Slovensku. Velk\u00e9 mno\u017estv\u00ed aplikac\u00ed a subaplikac\u00ed je upraveno speci\u00e1ln\u011b na m\u00edru z\u00e1kazn\u00edk\u016fm.<\/li>\n\n<li>Dal\u0161\u00edm velik\u00fdm projektem byl Firemn\u00ed informa\u010dn\u00ed datab\u00e1zov\u00fd syst\u00e9m <strong>\u201eJOB\u201c<\/strong> pro spr\u00e1vu internetov\u00fdch datov\u00fdch slu\u017eeb, vyvinut\u00fd pro N\u011bmeck\u00fd trh. \u00dasp\u011b\u0161n\u011b ho provozuje i n\u011bkolik \u010cesk\u00fdch provider\u016f.<\/li><\/ul><p><\/p><p>V\u0161echny syst\u00e9my provozujeme na vlastn\u00edch serverech b\u011b\u017e\u00edc\u00edch pod OS LINUX, zalo\u017een\u00fdch na datab\u00e1zi MySQL. <\/p><p>Na\u0161im z\u00e1kladn\u00edm c\u00edlem je spokojenost z\u00e1kazn\u00edka, proto v\u011bnujeme co nejv\u011bt\u0161\u00ed \u00fasil\u00ed podpo\u0159e a servisu.<\/p>","protected":false},"excerpt":{"rendered":"<p>Sou\u010dasn\u00e9 zam\u011b\u0159en\u00ed spole\u010dnosti BetaZ.cz s.r.o. V\u00fdvoj, provoz a \u00fadr\u017eba SaaS slu\u017eeb SHERPA do kter\u00e9ho spadaj\u00ed V\u00fdvoj, provoz a \u00fadr\u017eba knihkupeck\u00e9ho informa\u010dn\u00edho syst\u00e9mu SHERPA Implementace B2B-Sherpa a E-Shop\u016f V\u00fdvoj Cloudov\u00fdch informa\u010dn\u00edch datab\u00e1zov\u00fdch syst\u00e9m\u016f na zak\u00e1zku Obchodn\u00ed \u010dinnost ecommerce Prodej IT techniky, wifi s\u00ed\u0165ov\u00fdch p\u0159ipojen\u00ed a vybaven\u00ed pro kamenn\u00e9 provozovny ( tisk\u00e1rny, \u010dte\u010dky \u010darov\u00fdch k\u00f3d\u016f, pokladn\u00ed \u0161upl\u00edky, [&hellip;]<\/p>\n","protected":false},"author":1,"featured_media":0,"parent":0,"menu_order":0,"comment_status":"closed","ping_status":"closed","template":"","meta":{"_regular_price":[],"currency_symbol":[],"footnotes":""},"class_list":["post-21","page","type-page","status-publish","hentry"],"post_slider_layout_featured_media_urls":{"thumbnail":"","post_slider_layout_landscape_large":"","post_slider_layout_portrait_large":"","post_slider_layout_square_large":"","post_slider_layout_landscape":"","post_slider_layout_portrait":"","post_slider_layout_square":"","full":""},"yoast_head":"<!-- This site is optimized with the Yoast SEO plugin v23.4 - https:\/\/yoast.com\/wordpress\/plugins\/seo\/ -->\n<title>BetaZ.cz - Knihkupeck\u00fd software | Knihkupci | Distributo\u0159i knih | Nakladatelstv\u00ed | E-shopy | B2B |<\/title>\n<meta name=\"description\" content=\"Software pro knihkupce - Obchodn\u00ed syst\u00e9m Knihkupectv\u00ed - Software pro distribuci a nakladatelstv\u00ed knih - B2B pro distributory a nakladatele - E-Shop Knihy\" \/>\n<meta name=\"robots\" content=\"index, follow, max-snippet:-1, max-image-preview:large, max-video-preview:-1\" \/>\n<link rel=\"canonical\" href=\"https:\/\/betaz.cz\/index.php\/o-nas\/\" \/>\n<meta property=\"og:locale\" content=\"cs_CZ\" \/>\n<meta property=\"og:type\" content=\"article\" \/>\n<meta property=\"og:title\" content=\"BetaZ.cz - Knihkupeck\u00fd software | Knihkupci | Distributo\u0159i knih | Nakladatelstv\u00ed | E-shopy | B2B |\" \/>\n<meta property=\"og:description\" content=\"Software pro knihkupce - Obchodn\u00ed syst\u00e9m Knihkupectv\u00ed - Software pro distribuci a nakladatelstv\u00ed knih - B2B pro distributory a nakladatele - E-Shop Knihy\" \/>\n<meta property=\"og:url\" content=\"https:\/\/betaz.cz\/index.php\/o-nas\/\" \/>\n<meta property=\"og:site_name\" content=\"BetaZ.cz - Knihkupeck\u00fd software | Knihkupci | Distributo\u0159i knih | Nakladatelstv\u00ed | E-shopy | B2B |\" \/>\n<meta property=\"article:modified_time\" content=\"2023-05-26T11:37:33+00:00\" \/>\n<meta property=\"og:image\" content=\"https:\/\/betaz.cz\/wp-content\/uploads\/2021\/05\/BetazBanner.png\" \/>\n<meta name=\"twitter:card\" content=\"summary_large_image\" \/>\n<meta name=\"twitter:label1\" content=\"Odhadovan\u00e1 doba \u010dten\u00ed\" \/>\n\t<meta name=\"twitter:data1\" content=\"2 minuty\" \/>\n<script type=\"application\/ld+json\" class=\"yoast-schema-graph\">{\"@context\":\"https:\/\/schema.org\",\"@graph\":[{\"@type\":\"WebPage\",\"@id\":\"https:\/\/betaz.cz\/index.php\/o-nas\/\",\"url\":\"https:\/\/betaz.cz\/index.php\/o-nas\/\",\"name\":\"BetaZ.cz - Knihkupeck\u00fd software | Knihkupci | Distributo\u0159i knih | Nakladatelstv\u00ed | E-shopy | B2B |\",\"isPartOf\":{\"@id\":\"https:\/\/betaz.cz\/#website\"},\"primaryImageOfPage\":{\"@id\":\"https:\/\/betaz.cz\/index.php\/o-nas\/#primaryimage\"},\"image\":{\"@id\":\"https:\/\/betaz.cz\/index.php\/o-nas\/#primaryimage\"},\"thumbnailUrl\":\"https:\/\/betaz.cz\/wp-content\/uploads\/2021\/05\/BetazBanner.png\",\"datePublished\":\"2021-04-24T08:35:02+00:00\",\"dateModified\":\"2023-05-26T11:37:33+00:00\",\"description\":\"Software pro knihkupce - Obchodn\u00ed syst\u00e9m Knihkupectv\u00ed - Software pro distribuci a nakladatelstv\u00ed knih - B2B pro distributory a nakladatele - E-Shop Knihy\",\"breadcrumb\":{\"@id\":\"https:\/\/betaz.cz\/index.php\/o-nas\/#breadcrumb\"},\"inLanguage\":\"cs\",\"potentialAction\":[{\"@type\":\"ReadAction\",\"target\":[\"https:\/\/betaz.cz\/index.php\/o-nas\/\"]}]},{\"@type\":\"ImageObject\",\"inLanguage\":\"cs\",\"@id\":\"https:\/\/betaz.cz\/index.php\/o-nas\/#primaryimage\",\"url\":\"https:\/\/betaz.cz\/wp-content\/uploads\/2021\/05\/BetazBanner.png\",\"contentUrl\":\"https:\/\/betaz.cz\/wp-content\/uploads\/2021\/05\/BetazBanner.png\",\"width\":1500,\"height\":316},{\"@type\":\"BreadcrumbList\",\"@id\":\"https:\/\/betaz.cz\/index.php\/o-nas\/#breadcrumb\",\"itemListElement\":[{\"@type\":\"ListItem\",\"position\":1,\"name\":\"Dom\u016f\",\"item\":\"https:\/\/betaz.cz\/\"},{\"@type\":\"ListItem\",\"position\":2,\"name\":\"O n\u00e1s\"}]},{\"@type\":\"WebSite\",\"@id\":\"https:\/\/betaz.cz\/#website\",\"url\":\"https:\/\/betaz.cz\/\",\"name\":\"BetaZ.cz - Knihkupeck\u00fd software | Knihkupci | Distributo\u0159i knih | Nakladatelstv\u00ed | E-shopy | B2B |\",\"description\":\"Nejpou\u017e\u00edvan\u011bj\u0161\u00ed software pro knihkupce\",\"publisher\":{\"@id\":\"https:\/\/betaz.cz\/#organization\"},\"potentialAction\":[{\"@type\":\"SearchAction\",\"target\":{\"@type\":\"EntryPoint\",\"urlTemplate\":\"https:\/\/betaz.cz\/?s={search_term_string}\"},\"query-input\":{\"@type\":\"PropertyValueSpecification\",\"valueRequired\":true,\"valueName\":\"search_term_string\"}}],\"inLanguage\":\"cs\"},{\"@type\":\"Organization\",\"@id\":\"https:\/\/betaz.cz\/#organization\",\"name\":\"BetaZ.cz s.r.o.\",\"url\":\"https:\/\/betaz.cz\/\",\"logo\":{\"@type\":\"ImageObject\",\"inLanguage\":\"cs\",\"@id\":\"https:\/\/betaz.cz\/#\/schema\/logo\/image\/\",\"url\":\"https:\/\/betaz.cz\/wp-content\/uploads\/2021\/04\/BetaZLOGOcerne.png\",\"contentUrl\":\"https:\/\/betaz.cz\/wp-content\/uploads\/2021\/04\/BetaZLOGOcerne.png\",\"width\":971,\"height\":159,\"caption\":\"BetaZ.cz s.r.o.\"},\"image\":{\"@id\":\"https:\/\/betaz.cz\/#\/schema\/logo\/image\/\"}}]}<\/script>\n<!-- \/ Yoast SEO plugin. -->","yoast_head_json":{"title":"BetaZ.cz - Knihkupeck\u00fd software | Knihkupci | Distributo\u0159i knih | Nakladatelstv\u00ed | E-shopy | B2B |","description":"Software pro knihkupce - Obchodn\u00ed syst\u00e9m Knihkupectv\u00ed - Software pro distribuci a nakladatelstv\u00ed knih - B2B pro distributory a nakladatele - E-Shop Knihy","robots":{"index":"index","follow":"follow","max-snippet":"max-snippet:-1","max-image-preview":"max-image-preview:large","max-video-preview":"max-video-preview:-1"},"canonical":"https:\/\/betaz.cz\/index.php\/o-nas\/","og_locale":"cs_CZ","og_type":"article","og_title":"BetaZ.cz - Knihkupeck\u00fd software | Knihkupci | Distributo\u0159i knih | Nakladatelstv\u00ed | E-shopy | B2B |","og_description":"Software pro knihkupce - Obchodn\u00ed syst\u00e9m Knihkupectv\u00ed - Software pro distribuci a nakladatelstv\u00ed knih - B2B pro distributory a nakladatele - E-Shop Knihy","og_url":"https:\/\/betaz.cz\/index.php\/o-nas\/","og_site_name":"BetaZ.cz - Knihkupeck\u00fd software | Knihkupci | Distributo\u0159i knih | Nakladatelstv\u00ed | E-shopy | B2B |","article_modified_time":"2023-05-26T11:37:33+00:00","og_image":[{"url":"https:\/\/betaz.cz\/wp-content\/uploads\/2021\/05\/BetazBanner.png"}],"twitter_card":"summary_large_image","twitter_misc":{"Odhadovan\u00e1 doba \u010dten\u00ed":"2 minuty"},"schema":{"@context":"https:\/\/schema.org","@graph":[{"@type":"WebPage","@id":"https:\/\/betaz.cz\/index.php\/o-nas\/","url":"https:\/\/betaz.cz\/index.php\/o-nas\/","name":"BetaZ.cz - Knihkupeck\u00fd software | Knihkupci | Distributo\u0159i knih | Nakladatelstv\u00ed | E-shopy | B2B |","isPartOf":{"@id":"https:\/\/betaz.cz\/#website"},"primaryImageOfPage":{"@id":"https:\/\/betaz.cz\/index.php\/o-nas\/#primaryimage"},"image":{"@id":"https:\/\/betaz.cz\/index.php\/o-nas\/#primaryimage"},"thumbnailUrl":"https:\/\/betaz.cz\/wp-content\/uploads\/2021\/05\/BetazBanner.png","datePublished":"2021-04-24T08:35:02+00:00","dateModified":"2023-05-26T11:37:33+00:00","description":"Software pro knihkupce - Obchodn\u00ed syst\u00e9m Knihkupectv\u00ed - Software pro distribuci a nakladatelstv\u00ed knih - B2B pro distributory a nakladatele - E-Shop Knihy","breadcrumb":{"@id":"https:\/\/betaz.cz\/index.php\/o-nas\/#breadcrumb"},"inLanguage":"cs","potentialAction":[{"@type":"ReadAction","target":["https:\/\/betaz.cz\/index.php\/o-nas\/"]}]},{"@type":"ImageObject","inLanguage":"cs","@id":"https:\/\/betaz.cz\/index.php\/o-nas\/#primaryimage","url":"https:\/\/betaz.cz\/wp-content\/uploads\/2021\/05\/BetazBanner.png","contentUrl":"https:\/\/betaz.cz\/wp-content\/uploads\/2021\/05\/BetazBanner.png","width":1500,"height":316},{"@type":"BreadcrumbList","@id":"https:\/\/betaz.cz\/index.php\/o-nas\/#breadcrumb","itemListElement":[{"@type":"ListItem","position":1,"name":"Dom\u016f","item":"https:\/\/betaz.cz\/"},{"@type":"ListItem","position":2,"name":"O n\u00e1s"}]},{"@type":"WebSite","@id":"https:\/\/betaz.cz\/#website","url":"https:\/\/betaz.cz\/","name":"BetaZ.cz - Knihkupeck\u00fd software | Knihkupci | Distributo\u0159i knih | Nakladatelstv\u00ed | E-shopy | B2B |","description":"Nejpou\u017e\u00edvan\u011bj\u0161\u00ed software pro knihkupce","publisher":{"@id":"https:\/\/betaz.cz\/#organization"},"potentialAction":[{"@type":"SearchAction","target":{"@type":"EntryPoint","urlTemplate":"https:\/\/betaz.cz\/?s={search_term_string}"},"query-input":{"@type":"PropertyValueSpecification","valueRequired":true,"valueName":"search_term_string"}}],"inLanguage":"cs"},{"@type":"Organization","@id":"https:\/\/betaz.cz\/#organization","name":"BetaZ.cz s.r.o.","url":"https:\/\/betaz.cz\/","logo":{"@type":"ImageObject","inLanguage":"cs","@id":"https:\/\/betaz.cz\/#\/schema\/logo\/image\/","url":"https:\/\/betaz.cz\/wp-content\/uploads\/2021\/04\/BetaZLOGOcerne.png","contentUrl":"https:\/\/betaz.cz\/wp-content\/uploads\/2021\/04\/BetaZLOGOcerne.png","width":971,"height":159,"caption":"BetaZ.cz s.r.o."},"image":{"@id":"https:\/\/betaz.cz\/#\/schema\/logo\/image\/"}}]}},"_links":{"self":[{"href":"https:\/\/betaz.cz\/index.php\/wp-json\/wp\/v2\/pages\/21"}],"collection":[{"href":"https:\/\/betaz.cz\/index.php\/wp-json\/wp\/v2\/pages"}],"about":[{"href":"https:\/\/betaz.cz\/index.php\/wp-json\/wp\/v2\/types\/page"}],"author":[{"embeddable":true,"href":"https:\/\/betaz.cz\/index.php\/wp-json\/wp\/v2\/users\/1"}],"replies":[{"embeddable":true,"href":"https:\/\/betaz.cz\/index.php\/wp-json\/wp\/v2\/comments?post=21"}],"version-history":[{"count":18,"href":"https:\/\/betaz.cz\/index.php\/wp-json\/wp\/v2\/pages\/21\/revisions"}],"predecessor-version":[{"id":2750,"href":"https:\/\/betaz.cz\/index.php\/wp-json\/wp\/v2\/pages\/21\/revisions\/2750"}],"wp:attachment":[{"href":"https:\/\/betaz.cz\/index.php\/wp-json\/wp\/v2\/media?parent=21"}],"curies":[{"name":"wp","href":"https:\/\/api.w.org\/{rel}","templated":true}]}}