{"id":2086,"date":"2022-01-14T13:03:33","date_gmt":"2022-01-14T12:03:33","guid":{"rendered":"https:\/\/betaz.cz\/?page_id=2086"},"modified":"2022-02-01T13:34:25","modified_gmt":"2022-02-01T12:34:25","slug":"modul-doklady","status":"publish","type":"page","link":"https:\/\/betaz.cz\/index.php\/modul-doklady\/","title":{"rendered":"Modul Doklady"},"content":{"rendered":"<div style=\"height:100px\" aria-hidden=\"true\" class=\"wp-block-spacer\"><\/div><h1 class=\"has-text-align-center has-luminous-vivid-orange-color has-text-color wp-block-heading\"><strong>Vystavujte sv\u00e9 doklady s lehkost\u00ed a spravujte je s p\u0159ehledem<\/strong><\/h1><p><\/p><p class=\"has-text-align-center\"> Modul vystavov\u00e1n\u00ed doklad\u016f je po skladu asi nejd\u016fle\u017eit\u011bj\u0161\u00edm v cel\u00e9m syst\u00e9mu, proto\u017ee v\u0161echny doklady, jako P\u0159\u00edjemky, V\u00fddejky, P\u0159evodky, Objedn\u00e1vky, Fakturace, Komisn\u00ed hl\u00e1\u0161enky a jin\u00e9 doklady se vystavuj\u00ed pr\u00e1v\u011b v tomto modulu. Modul se z\u00e1rove\u0148 star\u00e1 nejenom o vystavov\u00e1n\u00ed ale i o archivaci, tisk doklad\u016f, a odes\u00edlan\u00ed doklad\u016f pomoc\u00ed email\u016f, ale i o importy a exporty dodavatelsk\u00fdch a odb\u011bratelsk\u00fdch objedn\u00e1vek, dodavatelsk\u00fdch a odb\u011bratelsk\u00fdch komisn\u00edch hl\u00e1\u0161en\u00ed a jin\u00fdch v n\u00e1vaznosti na v\u011bt\u0161inu relevantn\u00edch nakladatel\u016f a distributor\u016f. <\/p><h2 class=\"has-text-align-center wp-block-heading\">Nejd\u016fle\u017eit\u011bj\u0161\u00ed vlastnosti modulu Doklady<\/h2><p class=\"has-text-align-center\">Krom\u011b z\u00e1kladn\u00fdch vlastnost\u00ed, jako je vystavovan\u00ed a spr\u00e1va jednotliv\u00fdch druh\u016f doklad\u016f, nutno vyzvednout velice robustn\u00ed syst\u00e9m filtrov\u00e1n\u00ed a vyhled\u00e1van\u00ed jednotliv\u00fdch doklad\u016f a polo\u017eek, co\u017e v\u00fdrazn\u011b zv\u00fd\u0161\u00ed produktivitu a rychlost pr\u00e1ce. Dal\u0161\u00ed d\u016fle\u017eitou vlastnost\u00ed je propracovan\u00fd syst\u00e9m import\u016f a export\u016f dat, co\u017e v\u00fdrazn\u011b uleh\u010d\u00ed a zefektivn\u00ed pr\u00e1ci s velik\u00fdm mno\u017estv\u00edm dat. Syst\u00e9m moment\u00e1ln\u011b disponuje importn\u011b-exportn\u00edmi n\u00e1stroji v n\u00e1vaznosti na syst\u00e9my nejd\u016fle\u017eit\u011bj\u0161\u00edch dodavatel\u016f na trhu. V neposledn\u00ed \u0159ad\u011b  i propracovan\u00fd syst\u00e9m odes\u00edl\u00e1n\u00ed emailov\u00e9 komunikace p\u0159\u00edmo z pracovn\u00ed platformy v\u00fdrazn\u011b zefektiv\u0148uje pr\u00e1ci<\/p><figure class=\"wp-block-gallery aligncenter columns-1 is-cropped wp-block-gallery-1 is-layout-flex wp-block-gallery-is-layout-flex\"><ul class=\"blocks-gallery-grid\"><li class=\"blocks-gallery-item\"><figure><a href=\"https:\/\/betaz.cz\/index.php\/modul-doklady\/snimek-obrazovky-2021-12-21-124205-3\/\"><img fetchpriority=\"high\" decoding=\"async\" width=\"1919\" height=\"946\" src=\"https:\/\/betaz.cz\/wp-content\/uploads\/2022\/02\/Snimek-obrazovky-2021-12-21-124205.jpg\" alt=\"\" data-id=\"2140\" data-full-url=\"https:\/\/betaz.cz\/wp-content\/uploads\/2022\/02\/Snimek-obrazovky-2021-12-21-124205.jpg\" data-link=\"https:\/\/betaz.cz\/index.php\/modul-doklady\/snimek-obrazovky-2021-12-21-124205-3\/\" class=\"wp-image-2140\" srcset=\"https:\/\/betaz.cz\/wp-content\/uploads\/2022\/02\/Snimek-obrazovky-2021-12-21-124205.jpg 1919w, https:\/\/betaz.cz\/wp-content\/uploads\/2022\/02\/Snimek-obrazovky-2021-12-21-124205-300x148.jpg 300w, https:\/\/betaz.cz\/wp-content\/uploads\/2022\/02\/Snimek-obrazovky-2021-12-21-124205-1024x505.jpg 1024w, https:\/\/betaz.cz\/wp-content\/uploads\/2022\/02\/Snimek-obrazovky-2021-12-21-124205-768x379.jpg 768w, https:\/\/betaz.cz\/wp-content\/uploads\/2022\/02\/Snimek-obrazovky-2021-12-21-124205-1536x757.jpg 1536w, https:\/\/betaz.cz\/wp-content\/uploads\/2022\/02\/Snimek-obrazovky-2021-12-21-124205-600x296.jpg 600w\" sizes=\"(max-width: 1919px) 100vw, 1919px\" \/><\/a><\/figure><\/li><\/ul><\/figure>","protected":false},"excerpt":{"rendered":"<p>Vystavujte sv\u00e9 doklady s lehkost\u00ed a spravujte je s p\u0159ehledem Modul vystavov\u00e1n\u00ed doklad\u016f je po skladu asi nejd\u016fle\u017eit\u011bj\u0161\u00edm v cel\u00e9m syst\u00e9mu, proto\u017ee v\u0161echny doklady, jako P\u0159\u00edjemky, V\u00fddejky, P\u0159evodky, Objedn\u00e1vky, Fakturace, Komisn\u00ed hl\u00e1\u0161enky a jin\u00e9 doklady se vystavuj\u00ed pr\u00e1v\u011b v tomto modulu. Modul se z\u00e1rove\u0148 star\u00e1 nejenom o vystavov\u00e1n\u00ed ale i o archivaci, tisk doklad\u016f, a [&hellip;]<\/p>\n","protected":false},"author":1,"featured_media":0,"parent":0,"menu_order":0,"comment_status":"closed","ping_status":"closed","template":"","meta":{"_regular_price":[],"currency_symbol":[],"footnotes":""},"class_list":["post-2086","page","type-page","status-publish","hentry"],"post_slider_layout_featured_media_urls":{"thumbnail":"","post_slider_layout_landscape_large":"","post_slider_layout_portrait_large":"","post_slider_layout_square_large":"","post_slider_layout_landscape":"","post_slider_layout_portrait":"","post_slider_layout_square":"","full":""},"yoast_head":"<!-- This site is optimized with the Yoast SEO plugin v23.4 - https:\/\/yoast.com\/wordpress\/plugins\/seo\/ -->\n<title>Modul Doklady - BetaZ.cz - Knihkupeck\u00fd software | Knihkupci | Distributo\u0159i knih | Nakladatelstv\u00ed | E-shopy | B2B |<\/title>\n<meta name=\"description\" content=\"Software pro knihkupce - Software pro distributory a nakladatele knih - B2B pro distributory a akladatele - E-Shopy Knihy\" \/>\n<meta name=\"robots\" content=\"index, follow, max-snippet:-1, max-image-preview:large, max-video-preview:-1\" \/>\n<link rel=\"canonical\" href=\"https:\/\/betaz.cz\/index.php\/modul-doklady\/\" \/>\n<meta property=\"og:locale\" content=\"cs_CZ\" \/>\n<meta property=\"og:type\" content=\"article\" \/>\n<meta property=\"og:title\" content=\"Modul Doklady - BetaZ.cz - Knihkupeck\u00fd software | Knihkupci | Distributo\u0159i knih | Nakladatelstv\u00ed | E-shopy | B2B |\" \/>\n<meta property=\"og:description\" content=\"Software pro knihkupce - Software pro distributory a nakladatele knih - B2B pro distributory a akladatele - E-Shopy Knihy\" \/>\n<meta property=\"og:url\" content=\"https:\/\/betaz.cz\/index.php\/modul-doklady\/\" \/>\n<meta property=\"og:site_name\" content=\"BetaZ.cz - Knihkupeck\u00fd software | Knihkupci | Distributo\u0159i knih | Nakladatelstv\u00ed | E-shopy | B2B |\" \/>\n<meta property=\"article:modified_time\" content=\"2022-02-01T12:34:25+00:00\" \/>\n<meta property=\"og:image\" content=\"https:\/\/betaz.cz\/wp-content\/uploads\/2022\/02\/Snimek-obrazovky-2021-12-21-124205.jpg\" \/>\n<meta name=\"twitter:card\" content=\"summary_large_image\" \/>\n<meta name=\"twitter:label1\" content=\"Odhadovan\u00e1 doba \u010dten\u00ed\" \/>\n\t<meta name=\"twitter:data1\" content=\"1 minuta\" \/>\n<script type=\"application\/ld+json\" class=\"yoast-schema-graph\">{\"@context\":\"https:\/\/schema.org\",\"@graph\":[{\"@type\":\"WebPage\",\"@id\":\"https:\/\/betaz.cz\/index.php\/modul-doklady\/\",\"url\":\"https:\/\/betaz.cz\/index.php\/modul-doklady\/\",\"name\":\"Modul Doklady - BetaZ.cz - Knihkupeck\u00fd software | Knihkupci | Distributo\u0159i knih | Nakladatelstv\u00ed | E-shopy | B2B |\",\"isPartOf\":{\"@id\":\"https:\/\/betaz.cz\/#website\"},\"primaryImageOfPage\":{\"@id\":\"https:\/\/betaz.cz\/index.php\/modul-doklady\/#primaryimage\"},\"image\":{\"@id\":\"https:\/\/betaz.cz\/index.php\/modul-doklady\/#primaryimage\"},\"thumbnailUrl\":\"https:\/\/betaz.cz\/wp-content\/uploads\/2022\/02\/Snimek-obrazovky-2021-12-21-124205.jpg\",\"datePublished\":\"2022-01-14T12:03:33+00:00\",\"dateModified\":\"2022-02-01T12:34:25+00:00\",\"description\":\"Software pro knihkupce - Software pro distributory a nakladatele knih - B2B pro distributory a akladatele - E-Shopy Knihy\",\"breadcrumb\":{\"@id\":\"https:\/\/betaz.cz\/index.php\/modul-doklady\/#breadcrumb\"},\"inLanguage\":\"cs\",\"potentialAction\":[{\"@type\":\"ReadAction\",\"target\":[\"https:\/\/betaz.cz\/index.php\/modul-doklady\/\"]}]},{\"@type\":\"ImageObject\",\"inLanguage\":\"cs\",\"@id\":\"https:\/\/betaz.cz\/index.php\/modul-doklady\/#primaryimage\",\"url\":\"https:\/\/betaz.cz\/wp-content\/uploads\/2022\/02\/Snimek-obrazovky-2021-12-21-124205.jpg\",\"contentUrl\":\"https:\/\/betaz.cz\/wp-content\/uploads\/2022\/02\/Snimek-obrazovky-2021-12-21-124205.jpg\",\"width\":1919,\"height\":946},{\"@type\":\"BreadcrumbList\",\"@id\":\"https:\/\/betaz.cz\/index.php\/modul-doklady\/#breadcrumb\",\"itemListElement\":[{\"@type\":\"ListItem\",\"position\":1,\"name\":\"Dom\u016f\",\"item\":\"https:\/\/betaz.cz\/\"},{\"@type\":\"ListItem\",\"position\":2,\"name\":\"Modul Doklady\"}]},{\"@type\":\"WebSite\",\"@id\":\"https:\/\/betaz.cz\/#website\",\"url\":\"https:\/\/betaz.cz\/\",\"name\":\"BetaZ.cz - Knihkupeck\u00fd software | Knihkupci | Distributo\u0159i knih | Nakladatelstv\u00ed | E-shopy | B2B |\",\"description\":\"Nejpou\u017e\u00edvan\u011bj\u0161\u00ed software pro knihkupce\",\"publisher\":{\"@id\":\"https:\/\/betaz.cz\/#organization\"},\"potentialAction\":[{\"@type\":\"SearchAction\",\"target\":{\"@type\":\"EntryPoint\",\"urlTemplate\":\"https:\/\/betaz.cz\/?s={search_term_string}\"},\"query-input\":{\"@type\":\"PropertyValueSpecification\",\"valueRequired\":true,\"valueName\":\"search_term_string\"}}],\"inLanguage\":\"cs\"},{\"@type\":\"Organization\",\"@id\":\"https:\/\/betaz.cz\/#organization\",\"name\":\"BetaZ.cz s.r.o.\",\"url\":\"https:\/\/betaz.cz\/\",\"logo\":{\"@type\":\"ImageObject\",\"inLanguage\":\"cs\",\"@id\":\"https:\/\/betaz.cz\/#\/schema\/logo\/image\/\",\"url\":\"https:\/\/betaz.cz\/wp-content\/uploads\/2021\/04\/BetaZLOGOcerne.png\",\"contentUrl\":\"https:\/\/betaz.cz\/wp-content\/uploads\/2021\/04\/BetaZLOGOcerne.png\",\"width\":971,\"height\":159,\"caption\":\"BetaZ.cz s.r.o.\"},\"image\":{\"@id\":\"https:\/\/betaz.cz\/#\/schema\/logo\/image\/\"}}]}<\/script>\n<!-- \/ Yoast SEO plugin. -->","yoast_head_json":{"title":"Modul Doklady - BetaZ.cz - Knihkupeck\u00fd software | Knihkupci | Distributo\u0159i knih | Nakladatelstv\u00ed | E-shopy | B2B |","description":"Software pro knihkupce - Software pro distributory a nakladatele knih - B2B pro distributory a akladatele - E-Shopy Knihy","robots":{"index":"index","follow":"follow","max-snippet":"max-snippet:-1","max-image-preview":"max-image-preview:large","max-video-preview":"max-video-preview:-1"},"canonical":"https:\/\/betaz.cz\/index.php\/modul-doklady\/","og_locale":"cs_CZ","og_type":"article","og_title":"Modul Doklady - BetaZ.cz - Knihkupeck\u00fd software | Knihkupci | Distributo\u0159i knih | Nakladatelstv\u00ed | E-shopy | B2B |","og_description":"Software pro knihkupce - Software pro distributory a nakladatele knih - B2B pro distributory a akladatele - E-Shopy Knihy","og_url":"https:\/\/betaz.cz\/index.php\/modul-doklady\/","og_site_name":"BetaZ.cz - Knihkupeck\u00fd software | Knihkupci | Distributo\u0159i knih | Nakladatelstv\u00ed | E-shopy | B2B |","article_modified_time":"2022-02-01T12:34:25+00:00","og_image":[{"url":"https:\/\/betaz.cz\/wp-content\/uploads\/2022\/02\/Snimek-obrazovky-2021-12-21-124205.jpg"}],"twitter_card":"summary_large_image","twitter_misc":{"Odhadovan\u00e1 doba \u010dten\u00ed":"1 minuta"},"schema":{"@context":"https:\/\/schema.org","@graph":[{"@type":"WebPage","@id":"https:\/\/betaz.cz\/index.php\/modul-doklady\/","url":"https:\/\/betaz.cz\/index.php\/modul-doklady\/","name":"Modul Doklady - BetaZ.cz - Knihkupeck\u00fd software | Knihkupci | Distributo\u0159i knih | Nakladatelstv\u00ed | E-shopy | B2B |","isPartOf":{"@id":"https:\/\/betaz.cz\/#website"},"primaryImageOfPage":{"@id":"https:\/\/betaz.cz\/index.php\/modul-doklady\/#primaryimage"},"image":{"@id":"https:\/\/betaz.cz\/index.php\/modul-doklady\/#primaryimage"},"thumbnailUrl":"https:\/\/betaz.cz\/wp-content\/uploads\/2022\/02\/Snimek-obrazovky-2021-12-21-124205.jpg","datePublished":"2022-01-14T12:03:33+00:00","dateModified":"2022-02-01T12:34:25+00:00","description":"Software pro knihkupce - Software pro distributory a nakladatele knih - B2B pro distributory a akladatele - E-Shopy Knihy","breadcrumb":{"@id":"https:\/\/betaz.cz\/index.php\/modul-doklady\/#breadcrumb"},"inLanguage":"cs","potentialAction":[{"@type":"ReadAction","target":["https:\/\/betaz.cz\/index.php\/modul-doklady\/"]}]},{"@type":"ImageObject","inLanguage":"cs","@id":"https:\/\/betaz.cz\/index.php\/modul-doklady\/#primaryimage","url":"https:\/\/betaz.cz\/wp-content\/uploads\/2022\/02\/Snimek-obrazovky-2021-12-21-124205.jpg","contentUrl":"https:\/\/betaz.cz\/wp-content\/uploads\/2022\/02\/Snimek-obrazovky-2021-12-21-124205.jpg","width":1919,"height":946},{"@type":"BreadcrumbList","@id":"https:\/\/betaz.cz\/index.php\/modul-doklady\/#breadcrumb","itemListElement":[{"@type":"ListItem","position":1,"name":"Dom\u016f","item":"https:\/\/betaz.cz\/"},{"@type":"ListItem","position":2,"name":"Modul Doklady"}]},{"@type":"WebSite","@id":"https:\/\/betaz.cz\/#website","url":"https:\/\/betaz.cz\/","name":"BetaZ.cz - Knihkupeck\u00fd software | Knihkupci | Distributo\u0159i knih | Nakladatelstv\u00ed | E-shopy | B2B |","description":"Nejpou\u017e\u00edvan\u011bj\u0161\u00ed software pro knihkupce","publisher":{"@id":"https:\/\/betaz.cz\/#organization"},"potentialAction":[{"@type":"SearchAction","target":{"@type":"EntryPoint","urlTemplate":"https:\/\/betaz.cz\/?s={search_term_string}"},"query-input":{"@type":"PropertyValueSpecification","valueRequired":true,"valueName":"search_term_string"}}],"inLanguage":"cs"},{"@type":"Organization","@id":"https:\/\/betaz.cz\/#organization","name":"BetaZ.cz s.r.o.","url":"https:\/\/betaz.cz\/","logo":{"@type":"ImageObject","inLanguage":"cs","@id":"https:\/\/betaz.cz\/#\/schema\/logo\/image\/","url":"https:\/\/betaz.cz\/wp-content\/uploads\/2021\/04\/BetaZLOGOcerne.png","contentUrl":"https:\/\/betaz.cz\/wp-content\/uploads\/2021\/04\/BetaZLOGOcerne.png","width":971,"height":159,"caption":"BetaZ.cz s.r.o."},"image":{"@id":"https:\/\/betaz.cz\/#\/schema\/logo\/image\/"}}]}},"_links":{"self":[{"href":"https:\/\/betaz.cz\/index.php\/wp-json\/wp\/v2\/pages\/2086"}],"collection":[{"href":"https:\/\/betaz.cz\/index.php\/wp-json\/wp\/v2\/pages"}],"about":[{"href":"https:\/\/betaz.cz\/index.php\/wp-json\/wp\/v2\/types\/page"}],"author":[{"embeddable":true,"href":"https:\/\/betaz.cz\/index.php\/wp-json\/wp\/v2\/users\/1"}],"replies":[{"embeddable":true,"href":"https:\/\/betaz.cz\/index.php\/wp-json\/wp\/v2\/comments?post=2086"}],"version-history":[{"count":16,"href":"https:\/\/betaz.cz\/index.php\/wp-json\/wp\/v2\/pages\/2086\/revisions"}],"predecessor-version":[{"id":2181,"href":"https:\/\/betaz.cz\/index.php\/wp-json\/wp\/v2\/pages\/2086\/revisions\/2181"}],"wp:attachment":[{"href":"https:\/\/betaz.cz\/index.php\/wp-json\/wp\/v2\/media?parent=2086"}],"curies":[{"name":"wp","href":"https:\/\/api.w.org\/{rel}","templated":true}]}}