{"id":2046,"date":"2022-01-14T11:08:10","date_gmt":"2022-01-14T10:08:10","guid":{"rendered":"https:\/\/betaz.cz\/?page_id=2046"},"modified":"2023-09-06T12:05:31","modified_gmt":"2023-09-06T10:05:31","slug":"sherpa-pro-knihkupce","status":"publish","type":"page","link":"https:\/\/betaz.cz\/index.php\/sherpa-pro-knihkupce\/","title":{"rendered":"SHERPA pro Knihkupce"},"content":{"rendered":"<h2 class=\"wp-block-heading has-text-align-center\"><strong>Bez Knihkupc\u016f by to v\u016fbec ne\u0161lo<\/strong>  <strong>a cel\u00fd \u0159et\u011bzec by nemohl fungovat. <\/strong><\/h2><p class=\"has-text-align-center\"> Knihkupec je sice posledn\u00edm \u010dl\u00e1nkem tohoto \u0159et\u011bzce, ale pravd\u011bpodobn\u011b t\u00edm nejd\u016fle\u017eit\u011bj\u0161\u00edm, proto\u017ee propoj\u00ed z\u00e1kazn\u00edka aneb \u010ditatele s autorem. Mnoho lid\u00ed si asi ani neuv\u011bdom\u00ed, jak dlouh\u00e1 je cesta kn\u00ed\u017eky od jej\u00edho autora a\u017e k ruk\u00e1m \u010ditatele. Samoz\u0159ejm\u011b knihkupec mus\u00ed evidovat \u0159\u00e1dov\u011b 10 ti a\u017e 100 tis\u00edce polo\u017eek, ka\u017edou samoz\u0159ejm\u011b na jin\u00e9m komisn\u00edm skladu, mus\u00ed je na konci m\u011bs\u00edce nahl\u00e1sit a vy\u00fa\u010dtovat, a samoz\u0159ejm\u011b mus\u00ed m\u00edt dokonal\u00fd syst\u00e9m Kasy, aby to v\u0161echno \u0161lapalo jak na dr\u00e1t\u011b. Toto v\u0161echno pot\u0159ebuje ohromn\u00fd v\u00fdpo\u010detn\u00ed v\u00fdkon, o kter\u00fd se<strong> SHERPA<\/strong> bez probl\u00e9m\u016f postar\u00e1.<\/p><h2 class=\"wp-block-heading has-text-align-center\">Jak vlastn\u011b funguje syst\u00e9m komisn\u00edch ( konsigna\u010dn\u00edch ) sklad\u016f ?<\/h2><div class=\"wp-block-image\"><figure class=\"aligncenter\"><img fetchpriority=\"high\" decoding=\"async\" width=\"1024\" height=\"799\" src=\"https:\/\/betaz.cz\/wp-content\/uploads\/2022\/01\/Sherpa-cloud-1024x799.png\" alt=\"\" class=\"wp-image-1843\" srcset=\"https:\/\/betaz.cz\/wp-content\/uploads\/2022\/01\/Sherpa-cloud-1024x799.png 1024w, https:\/\/betaz.cz\/wp-content\/uploads\/2022\/01\/Sherpa-cloud-300x234.png 300w, https:\/\/betaz.cz\/wp-content\/uploads\/2022\/01\/Sherpa-cloud-768x600.png 768w, https:\/\/betaz.cz\/wp-content\/uploads\/2022\/01\/Sherpa-cloud-1536x1199.png 1536w, https:\/\/betaz.cz\/wp-content\/uploads\/2022\/01\/Sherpa-cloud-600x468.png 600w, https:\/\/betaz.cz\/wp-content\/uploads\/2022\/01\/Sherpa-cloud.png 1550w\" sizes=\"(max-width: 1024px) 100vw, 1024px\" \/><\/figure><\/div><h3 class=\"wp-block-heading has-text-align-center\">SHERPA pro Knihkupce<\/h3><p>je velice komplexn\u00edm syst\u00e9mem kter\u00fd zohled\u0148uje jak po\u017eadavky na skladov\u00e9 hospod\u00e1\u0159stv\u00ed, tak i po\u017eadavky na propracovan\u00fd syst\u00e9m prodeje koncov\u00e9mu z\u00e1kazn\u00edkovy prost\u0159ednictv\u00edm <strong>Modulu Kasa.<\/strong> Pro\u010d je <strong>SHERPA<\/strong> tak komplexn\u00ed v\u016f\u010di knihkupc\u016fm? D\u016fvod je jednoduch\u00fd, <strong>SHERPA<\/strong> nerozli\u0161uje jestli jste mal\u00fd knihkupec anebo \u0159et\u011bzec prodejen, je schopen obslou\u017eit neomezen\u00fd po\u010det prodejen v r\u00e1mci jednoho \u0159et\u011bzce a z\u00e1rove\u0148 neomezen\u00e9 mno\u017estv\u00ed pokladen jak na jedn\u00e9 prodejn\u011b, tak i v cel\u00e9m \u0159et\u011bzci.<\/p><p>Propracovan\u00fd syst\u00e9m komis\u00ed, komisn\u00edch hl\u00e1\u0161en\u00ed a vy\u00fa\u010dtov\u00e1n\u00ed ve vztahu k jednotliv\u00fdm dodavatel\u016fm \u0159e\u0161\u00ed SHERPA levou zadn\u00ed.  Je schopen kdykoliv vyjet sestavu z\u00e1sob od konkr\u00e9tn\u00edho dodavatele a z\u00e1rove\u0148 mu mus\u00ed b\u00fdt jasn\u00e9, jestli je zbo\u017e\u00ed poskytnuto do komise anebo jestli bylo zakoupeno za hotov\u00e9 ( na pevno ). Aby toho nebylo m\u00e1lo, mus\u00ed sledovat, kde se kter\u00e9koliv zbo\u017e\u00ed nach\u00e1z\u00ed, za jakou cenu a s jak\u00fdmi rabatov\u00fdmi a jin\u00fdmi podm\u00ednkami. <\/p><p>Na z\u00e1v\u011br op\u011btovn\u011b p\u0159ich\u00e1z\u00ed pravideln\u00e9 vy\u00fa\u010dtovan\u00ed komis\u00ed,  Co v\u0161echno vlastn\u011b mus\u00ed <strong>SHERPA<\/strong> ud\u011blat ? V\u016f\u010di ka\u017ed\u00e9mu dodavateli zpracuje komisn\u00ed hl\u00e1\u0161en\u00ed, kolik a jak\u00e9ho zbo\u017e\u00ed od n\u011bho poskytnut\u00e9ho, bylo prod\u00e1no. Vygeneruje a vyexportuje toto hl\u00e1\u0161en\u00ed v po\u017eadovan\u00e9m elektronick\u00e9m form\u00e1tu, a p\u0159\u00edmo z platformy ode\u0161le dodavateli ke kontrole a fakturaci. <strong>SHERPA<\/strong> dneska podporuje v\u0161echny elektronick\u00e9 form\u00e1ty, vy\u017eadovan\u00e9 rozhoduj\u00edc\u00edmi dodavateli na kni\u017en\u00edm trhu.  <\/p><p><\/p><h2 class=\"wp-block-heading has-text-align-center\">Nena\u0161el jsi p\u0159esn\u011b to co jsi hledal napi\u0161 n\u00e1m a my Ti ud\u011bl\u00e1me nab\u00eddku !<\/h2><div class=\"wp-block-buttons is-content-justification-center is-layout-flex wp-container-core-buttons-is-layout-1 wp-block-buttons-is-layout-flex\"><div class=\"wp-block-button has-custom-width wp-block-button__width-75 is-style-fill\"><a class=\"wp-block-button__link has-white-color has-luminous-vivid-orange-background-color has-text-color has-background has-text-align-center wp-element-button\" href=\"https:\/\/betaz.cz\/index.php\/ziskej-nabidku\/\" style=\"border-radius:5px\" target=\"_blank\" rel=\"noreferrer noopener\"><strong>Z\u00cdSKEJ NAB\u00cdDKU<\/strong><\/a><\/div>\n\n<div class=\"wp-block-button has-custom-width wp-block-button__width-75 is-style-fill\"><a class=\"wp-block-button__link has-white-color has-luminous-vivid-orange-background-color has-text-color has-background has-text-align-center wp-element-button\" href=\"https:\/\/betaz.cz\/index.php\/pozadejte-o-demoverzi-sherpa\/\" style=\"border-radius:5px\" target=\"_blank\" rel=\"noreferrer noopener\"><strong>VYZKOU\u0160ET ZDARMA<\/strong><\/a><\/div><\/div>","protected":false},"excerpt":{"rendered":"<p>Bez Knihkupc\u016f by to v\u016fbec ne\u0161lo a cel\u00fd \u0159et\u011bzec by nemohl fungovat. Knihkupec je sice posledn\u00edm \u010dl\u00e1nkem tohoto \u0159et\u011bzce, ale pravd\u011bpodobn\u011b t\u00edm nejd\u016fle\u017eit\u011bj\u0161\u00edm, proto\u017ee propoj\u00ed z\u00e1kazn\u00edka aneb \u010ditatele s autorem. Mnoho lid\u00ed si asi ani neuv\u011bdom\u00ed, jak dlouh\u00e1 je cesta kn\u00ed\u017eky od jej\u00edho autora a\u017e k ruk\u00e1m \u010ditatele. Samoz\u0159ejm\u011b knihkupec mus\u00ed evidovat \u0159\u00e1dov\u011b 10 ti [&hellip;]<\/p>\n","protected":false},"author":1,"featured_media":0,"parent":0,"menu_order":0,"comment_status":"closed","ping_status":"closed","template":"","meta":{"_regular_price":[],"currency_symbol":[],"footnotes":""},"class_list":["post-2046","page","type-page","status-publish","hentry"],"post_slider_layout_featured_media_urls":{"thumbnail":"","post_slider_layout_landscape_large":"","post_slider_layout_portrait_large":"","post_slider_layout_square_large":"","post_slider_layout_landscape":"","post_slider_layout_portrait":"","post_slider_layout_square":"","full":""},"yoast_head":"<!-- This site is optimized with the Yoast SEO plugin v23.4 - https:\/\/yoast.com\/wordpress\/plugins\/seo\/ -->\n<title>SHERPA pro Knihkupce - BetaZ.cz - Knihkupeck\u00fd software | Knihkupci | Distributo\u0159i knih | Nakladatelstv\u00ed | E-shopy | B2B |<\/title>\n<meta name=\"description\" content=\"Software pro knihkupce - Software pro distributory a nakladatele knih - B2B pro distributory a akladatele - E-Shopy Knihy\" \/>\n<meta name=\"robots\" content=\"index, follow, max-snippet:-1, max-image-preview:large, max-video-preview:-1\" \/>\n<link rel=\"canonical\" href=\"https:\/\/betaz.cz\/index.php\/sherpa-pro-knihkupce\/\" \/>\n<meta property=\"og:locale\" content=\"cs_CZ\" \/>\n<meta property=\"og:type\" content=\"article\" \/>\n<meta property=\"og:title\" content=\"SHERPA pro Knihkupce - BetaZ.cz - Knihkupeck\u00fd software | Knihkupci | Distributo\u0159i knih | Nakladatelstv\u00ed | E-shopy | B2B |\" \/>\n<meta property=\"og:description\" content=\"Software pro knihkupce - Software pro distributory a nakladatele knih - B2B pro distributory a akladatele - E-Shopy Knihy\" \/>\n<meta property=\"og:url\" content=\"https:\/\/betaz.cz\/index.php\/sherpa-pro-knihkupce\/\" \/>\n<meta property=\"og:site_name\" content=\"BetaZ.cz - Knihkupeck\u00fd software | Knihkupci | Distributo\u0159i knih | Nakladatelstv\u00ed | E-shopy | B2B |\" \/>\n<meta property=\"article:modified_time\" content=\"2023-09-06T10:05:31+00:00\" \/>\n<meta property=\"og:image\" content=\"https:\/\/betaz.cz\/wp-content\/uploads\/2022\/01\/Sherpa-cloud-1024x799.png\" \/>\n<meta name=\"twitter:card\" content=\"summary_large_image\" \/>\n<meta name=\"twitter:label1\" content=\"Odhadovan\u00e1 doba \u010dten\u00ed\" \/>\n\t<meta name=\"twitter:data1\" content=\"2 minuty\" \/>\n<script type=\"application\/ld+json\" class=\"yoast-schema-graph\">{\"@context\":\"https:\/\/schema.org\",\"@graph\":[{\"@type\":\"WebPage\",\"@id\":\"https:\/\/betaz.cz\/index.php\/sherpa-pro-knihkupce\/\",\"url\":\"https:\/\/betaz.cz\/index.php\/sherpa-pro-knihkupce\/\",\"name\":\"SHERPA pro Knihkupce - BetaZ.cz - Knihkupeck\u00fd software | Knihkupci | Distributo\u0159i knih | Nakladatelstv\u00ed | E-shopy | B2B |\",\"isPartOf\":{\"@id\":\"https:\/\/betaz.cz\/#website\"},\"primaryImageOfPage\":{\"@id\":\"https:\/\/betaz.cz\/index.php\/sherpa-pro-knihkupce\/#primaryimage\"},\"image\":{\"@id\":\"https:\/\/betaz.cz\/index.php\/sherpa-pro-knihkupce\/#primaryimage\"},\"thumbnailUrl\":\"https:\/\/betaz.cz\/wp-content\/uploads\/2022\/01\/Sherpa-cloud-1024x799.png\",\"datePublished\":\"2022-01-14T10:08:10+00:00\",\"dateModified\":\"2023-09-06T10:05:31+00:00\",\"description\":\"Software pro knihkupce - Software pro distributory a nakladatele knih - B2B pro distributory a akladatele - E-Shopy Knihy\",\"breadcrumb\":{\"@id\":\"https:\/\/betaz.cz\/index.php\/sherpa-pro-knihkupce\/#breadcrumb\"},\"inLanguage\":\"cs\",\"potentialAction\":[{\"@type\":\"ReadAction\",\"target\":[\"https:\/\/betaz.cz\/index.php\/sherpa-pro-knihkupce\/\"]}]},{\"@type\":\"ImageObject\",\"inLanguage\":\"cs\",\"@id\":\"https:\/\/betaz.cz\/index.php\/sherpa-pro-knihkupce\/#primaryimage\",\"url\":\"https:\/\/betaz.cz\/wp-content\/uploads\/2022\/01\/Sherpa-cloud.png\",\"contentUrl\":\"https:\/\/betaz.cz\/wp-content\/uploads\/2022\/01\/Sherpa-cloud.png\",\"width\":1550,\"height\":1210},{\"@type\":\"BreadcrumbList\",\"@id\":\"https:\/\/betaz.cz\/index.php\/sherpa-pro-knihkupce\/#breadcrumb\",\"itemListElement\":[{\"@type\":\"ListItem\",\"position\":1,\"name\":\"Dom\u016f\",\"item\":\"https:\/\/betaz.cz\/\"},{\"@type\":\"ListItem\",\"position\":2,\"name\":\"SHERPA pro Knihkupce\"}]},{\"@type\":\"WebSite\",\"@id\":\"https:\/\/betaz.cz\/#website\",\"url\":\"https:\/\/betaz.cz\/\",\"name\":\"BetaZ.cz - Knihkupeck\u00fd software | Knihkupci | Distributo\u0159i knih | Nakladatelstv\u00ed | E-shopy | B2B |\",\"description\":\"Nejpou\u017e\u00edvan\u011bj\u0161\u00ed software pro knihkupce\",\"publisher\":{\"@id\":\"https:\/\/betaz.cz\/#organization\"},\"potentialAction\":[{\"@type\":\"SearchAction\",\"target\":{\"@type\":\"EntryPoint\",\"urlTemplate\":\"https:\/\/betaz.cz\/?s={search_term_string}\"},\"query-input\":{\"@type\":\"PropertyValueSpecification\",\"valueRequired\":true,\"valueName\":\"search_term_string\"}}],\"inLanguage\":\"cs\"},{\"@type\":\"Organization\",\"@id\":\"https:\/\/betaz.cz\/#organization\",\"name\":\"BetaZ.cz s.r.o.\",\"url\":\"https:\/\/betaz.cz\/\",\"logo\":{\"@type\":\"ImageObject\",\"inLanguage\":\"cs\",\"@id\":\"https:\/\/betaz.cz\/#\/schema\/logo\/image\/\",\"url\":\"https:\/\/betaz.cz\/wp-content\/uploads\/2021\/04\/BetaZLOGOcerne.png\",\"contentUrl\":\"https:\/\/betaz.cz\/wp-content\/uploads\/2021\/04\/BetaZLOGOcerne.png\",\"width\":971,\"height\":159,\"caption\":\"BetaZ.cz s.r.o.\"},\"image\":{\"@id\":\"https:\/\/betaz.cz\/#\/schema\/logo\/image\/\"}}]}<\/script>\n<!-- \/ Yoast SEO plugin. -->","yoast_head_json":{"title":"SHERPA pro Knihkupce - BetaZ.cz - Knihkupeck\u00fd software | Knihkupci | Distributo\u0159i knih | Nakladatelstv\u00ed | E-shopy | B2B |","description":"Software pro knihkupce - Software pro distributory a nakladatele knih - B2B pro distributory a akladatele - E-Shopy Knihy","robots":{"index":"index","follow":"follow","max-snippet":"max-snippet:-1","max-image-preview":"max-image-preview:large","max-video-preview":"max-video-preview:-1"},"canonical":"https:\/\/betaz.cz\/index.php\/sherpa-pro-knihkupce\/","og_locale":"cs_CZ","og_type":"article","og_title":"SHERPA pro Knihkupce - BetaZ.cz - Knihkupeck\u00fd software | Knihkupci | Distributo\u0159i knih | Nakladatelstv\u00ed | E-shopy | B2B |","og_description":"Software pro knihkupce - Software pro distributory a nakladatele knih - B2B pro distributory a akladatele - E-Shopy Knihy","og_url":"https:\/\/betaz.cz\/index.php\/sherpa-pro-knihkupce\/","og_site_name":"BetaZ.cz - Knihkupeck\u00fd software | Knihkupci | Distributo\u0159i knih | Nakladatelstv\u00ed | E-shopy | B2B |","article_modified_time":"2023-09-06T10:05:31+00:00","og_image":[{"url":"https:\/\/betaz.cz\/wp-content\/uploads\/2022\/01\/Sherpa-cloud-1024x799.png"}],"twitter_card":"summary_large_image","twitter_misc":{"Odhadovan\u00e1 doba \u010dten\u00ed":"2 minuty"},"schema":{"@context":"https:\/\/schema.org","@graph":[{"@type":"WebPage","@id":"https:\/\/betaz.cz\/index.php\/sherpa-pro-knihkupce\/","url":"https:\/\/betaz.cz\/index.php\/sherpa-pro-knihkupce\/","name":"SHERPA pro Knihkupce - BetaZ.cz - Knihkupeck\u00fd software | Knihkupci | Distributo\u0159i knih | Nakladatelstv\u00ed | E-shopy | B2B |","isPartOf":{"@id":"https:\/\/betaz.cz\/#website"},"primaryImageOfPage":{"@id":"https:\/\/betaz.cz\/index.php\/sherpa-pro-knihkupce\/#primaryimage"},"image":{"@id":"https:\/\/betaz.cz\/index.php\/sherpa-pro-knihkupce\/#primaryimage"},"thumbnailUrl":"https:\/\/betaz.cz\/wp-content\/uploads\/2022\/01\/Sherpa-cloud-1024x799.png","datePublished":"2022-01-14T10:08:10+00:00","dateModified":"2023-09-06T10:05:31+00:00","description":"Software pro knihkupce - Software pro distributory a nakladatele knih - B2B pro distributory a akladatele - E-Shopy Knihy","breadcrumb":{"@id":"https:\/\/betaz.cz\/index.php\/sherpa-pro-knihkupce\/#breadcrumb"},"inLanguage":"cs","potentialAction":[{"@type":"ReadAction","target":["https:\/\/betaz.cz\/index.php\/sherpa-pro-knihkupce\/"]}]},{"@type":"ImageObject","inLanguage":"cs","@id":"https:\/\/betaz.cz\/index.php\/sherpa-pro-knihkupce\/#primaryimage","url":"https:\/\/betaz.cz\/wp-content\/uploads\/2022\/01\/Sherpa-cloud.png","contentUrl":"https:\/\/betaz.cz\/wp-content\/uploads\/2022\/01\/Sherpa-cloud.png","width":1550,"height":1210},{"@type":"BreadcrumbList","@id":"https:\/\/betaz.cz\/index.php\/sherpa-pro-knihkupce\/#breadcrumb","itemListElement":[{"@type":"ListItem","position":1,"name":"Dom\u016f","item":"https:\/\/betaz.cz\/"},{"@type":"ListItem","position":2,"name":"SHERPA pro Knihkupce"}]},{"@type":"WebSite","@id":"https:\/\/betaz.cz\/#website","url":"https:\/\/betaz.cz\/","name":"BetaZ.cz - Knihkupeck\u00fd software | Knihkupci | Distributo\u0159i knih | Nakladatelstv\u00ed | E-shopy | B2B |","description":"Nejpou\u017e\u00edvan\u011bj\u0161\u00ed software pro knihkupce","publisher":{"@id":"https:\/\/betaz.cz\/#organization"},"potentialAction":[{"@type":"SearchAction","target":{"@type":"EntryPoint","urlTemplate":"https:\/\/betaz.cz\/?s={search_term_string}"},"query-input":{"@type":"PropertyValueSpecification","valueRequired":true,"valueName":"search_term_string"}}],"inLanguage":"cs"},{"@type":"Organization","@id":"https:\/\/betaz.cz\/#organization","name":"BetaZ.cz s.r.o.","url":"https:\/\/betaz.cz\/","logo":{"@type":"ImageObject","inLanguage":"cs","@id":"https:\/\/betaz.cz\/#\/schema\/logo\/image\/","url":"https:\/\/betaz.cz\/wp-content\/uploads\/2021\/04\/BetaZLOGOcerne.png","contentUrl":"https:\/\/betaz.cz\/wp-content\/uploads\/2021\/04\/BetaZLOGOcerne.png","width":971,"height":159,"caption":"BetaZ.cz s.r.o."},"image":{"@id":"https:\/\/betaz.cz\/#\/schema\/logo\/image\/"}}]}},"_links":{"self":[{"href":"https:\/\/betaz.cz\/index.php\/wp-json\/wp\/v2\/pages\/2046"}],"collection":[{"href":"https:\/\/betaz.cz\/index.php\/wp-json\/wp\/v2\/pages"}],"about":[{"href":"https:\/\/betaz.cz\/index.php\/wp-json\/wp\/v2\/types\/page"}],"author":[{"embeddable":true,"href":"https:\/\/betaz.cz\/index.php\/wp-json\/wp\/v2\/users\/1"}],"replies":[{"embeddable":true,"href":"https:\/\/betaz.cz\/index.php\/wp-json\/wp\/v2\/comments?post=2046"}],"version-history":[{"count":4,"href":"https:\/\/betaz.cz\/index.php\/wp-json\/wp\/v2\/pages\/2046\/revisions"}],"predecessor-version":[{"id":2820,"href":"https:\/\/betaz.cz\/index.php\/wp-json\/wp\/v2\/pages\/2046\/revisions\/2820"}],"wp:attachment":[{"href":"https:\/\/betaz.cz\/index.php\/wp-json\/wp\/v2\/media?parent=2046"}],"curies":[{"name":"wp","href":"https:\/\/api.w.org\/{rel}","templated":true}]}}